{"id":1191,"date":"2020-05-07T18:36:48","date_gmt":"2020-05-07T18:36:48","guid":{"rendered":"http:\/\/www.tejidosanacordoba.es\/?page_id=1191"},"modified":"2020-05-10T07:37:49","modified_gmt":"2020-05-10T07:37:49","slug":"aviso-legal","status":"publish","type":"page","link":"https:\/\/www.tejidosanacordoba.es\/index.php\/aviso-legal\/","title":{"rendered":"Aviso Legal"},"content":{"rendered":"\t\t<div data-elementor-type=\"wp-post\" data-elementor-id=\"1191\" class=\"elementor elementor-1191\" data-elementor-post-type=\"page\">\n\t\t\t\t\t\t<section class=\"elementor-section elementor-top-section elementor-element elementor-element-60ea4be elementor-section-boxed elementor-section-height-default elementor-section-height-default\" data-id=\"60ea4be\" data-element_type=\"section\">\n\t\t\t\t\t\t<div class=\"elementor-container elementor-column-gap-default\">\n\t\t\t\t\t<div class=\"elementor-column elementor-col-100 elementor-top-column elementor-element elementor-element-f9c17ab\" data-id=\"f9c17ab\" data-element_type=\"column\">\n\t\t\t<div class=\"elementor-widget-wrap elementor-element-populated\">\n\t\t\t\t\t\t<div class=\"elementor-element elementor-element-5d71798 elementor-widget elementor-widget-heading\" data-id=\"5d71798\" data-element_type=\"widget\" data-widget_type=\"heading.default\">\n\t\t\t\t<div class=\"elementor-widget-container\">\n\t\t\t\t\t<h2 class=\"elementor-heading-title elementor-size-default\">Aviso Legal<\/h2>\t\t\t\t<\/div>\n\t\t\t\t<\/div>\n\t\t\t\t\t<\/div>\n\t\t<\/div>\n\t\t\t\t\t<\/div>\n\t\t<\/section>\n\t\t\t\t<section class=\"elementor-section elementor-top-section elementor-element elementor-element-ce3a25f elementor-section-boxed elementor-section-height-default elementor-section-height-default\" data-id=\"ce3a25f\" data-element_type=\"section\">\n\t\t\t\t\t\t<div class=\"elementor-container elementor-column-gap-default\">\n\t\t\t\t\t<div class=\"elementor-column elementor-col-100 elementor-top-column elementor-element elementor-element-5cd6c1f\" data-id=\"5cd6c1f\" data-element_type=\"column\">\n\t\t\t<div class=\"elementor-widget-wrap elementor-element-populated\">\n\t\t\t\t\t\t<div class=\"elementor-element elementor-element-85805c2 elementor-widget elementor-widget-text-editor\" data-id=\"85805c2\" data-element_type=\"widget\" data-widget_type=\"text-editor.default\">\n\t\t\t\t<div class=\"elementor-widget-container\">\n\t\t\t\t\t\t\t\t\t<p>La totalidad de este website: texto, im\u00e1genes, marcas comerciales, logotipos, archivos de audio y video, archivos de software, combinaciones de colores, as\u00ed como la estructura, selecci\u00f3n, ordenaci\u00f3n y presentaci\u00f3n de sus contenidos, se encuentra protegida por las leyes espa\u00f1olas e internacionales sobre propiedad Intelectual e Industrial. Asimismo, y sin perjuicio de lo anteriormente citado, el contenido de este web site tambi\u00e9n tiene la consideraci\u00f3n de programa de ordenador y le es de aplicaci\u00f3n toda la normativa espa\u00f1ola y comunitaria europea vigente sobre la materia. Queda expresamente prohibida la reproducci\u00f3n total o parcial de este web site ni de cualquiera de sus contenidos sin el permiso expreso y por escrito de Sof\u00eda Gomez Soto.<\/p><p>\u00a0<\/p><p>PROTECCI\u00d3N DE DATOS<\/p><p>Seguridad en las operaciones: las transacciones del sitio web www.tejidosanacordoba.es se realizan a trav\u00e9s de plataformas de pago seguras, alojadas en servidores seguros y basadas en los est\u00e1ndares SSL de protecci\u00f3n de datos frente a terceros.<\/p><p><span style=\"font-size: 1rem;\">\u00a0<\/span><\/p><p><span style=\"font-size: 1rem;\">TRATAMIENTO DE LA INFORMACI\u00d3N<\/span><\/p><p>La informaci\u00f3n y los datos de car\u00e1cter personal facilitados por nuestros cliente reciben el tratamiento establecido en la Ley Org\u00e1nica 15\/1999, de 13 Diciembre, sobre Protecci\u00f3n de Datos de Car\u00e1cter Personal. Sof\u00eda Gomez Soto\u00a0se hace responsable del correcto uso de estos datos y reconoce a sus clientes su derecho de acceso, rectificaci\u00f3n, cancelaci\u00f3n y oposici\u00f3n sobre sus datos. Para ello, deber\u00e1n enviar un escrito indicando su deseo de ejercitar este derecho a la direcci\u00f3n indicada a continuaci\u00f3n o a trav\u00e9s de un e-mail dirigido a tejidos.ana.cordoba@gmail.com<\/p><p>\u00a0<\/p><p>POL\u00cdTICA DE PRIVACIDAD &#8211; DERECHO DE INFORMACI\u00d3N<\/p><p>En cumplimiento de lo establecido en la Ley Org\u00e1nica 15\/1999, de 13 de diciembre, de Protecci\u00f3n de Datos de Car\u00e1cter Personal (en adelante, LOPD), Sof\u00eda Gomez Soto, titular del sitio web www.tejidosanacordoba.es, informa a los usuarios y clientes de la existencia de un fichero automatizado de datos de car\u00e1cter personal sobre el que se aplican las disposiciones de seguridad establecidas en dicha Ley.<\/p><p>\u00a0<\/p><p>OBJETO DE LOS DATOS<\/p><p>Los datos de clientes y usuarios obtenidos a trav\u00e9s de los formularios dise\u00f1ados al efecto son recabados con la \u00fanica finalidad de prestar el servicio requerido, esto es, la adquisici\u00f3n mediante precio de productos de mercer\u00eda y telas. As\u00edmismo, podr\u00e1n ser utilizados para remitir a clientes y usuarios informaci\u00f3n que, seg\u00fan las informaciones vertidas en los formularios, consideramos que pueden ser de su inter\u00e9s.<\/p><p>\u00a0<\/p><p>CAR\u00c1CTER OBLIGATORIO Y VERACIDAD DE LA INFORMACI\u00d3N<\/p><p>Los campos marcados con un asterisco (*) deber\u00e1n ser cumplimentados por los usuarios de manera que, de no hacerlo as\u00ed, no ser\u00e1 posible continuar con el proceso de registro. En los campos en los que no aparece esta obligaci\u00f3n, no es necesario incluir ninguna informaci\u00f3n, aunque el usuario es libre de hacerlo si as\u00ed lo considera. El usuario es el responsable \u00faltimo y exclusivo de la veracidad de de la informaci\u00f3n y de los datos suministrados a\u00a0<span style=\"font-size: 1rem;\">Sof\u00eda Gomez Soto.<\/span><\/p><p>\u00a0<\/p><p>CONSENTIMIENTO<\/p><p>La cumplimentaci\u00f3n de los formularios y el env\u00edo de datos personales supone la aceptaci\u00f3n y el consentimiento expreso del usuario al tratamiento de dichos datos que Sof\u00eda Gomez Soto\u00a0considere pertinentes siempre dentro del marco establecido por la LOPD.<\/p><p>\u00a0<\/p><p><span style=\"font-size: 1rem;\">DERECHO DE ACCESO, RECTIFICACI\u00d3N, OPOSICI\u00d3N Y CANCELACI\u00d3N DE LOS USUARIOS<\/span><\/p><p>El usuario podr\u00e1 ejercer sus derechos de acceso, rectificaci\u00f3n, oposici\u00f3n y cancelaci\u00f3n al tratamiento de sus datos personales, en los t\u00e9rminos y condiciones previstos en la LOPD. Para ello, deber\u00e1n enviar un escrito indicando su deseo de ejercitar este derecho a la direcci\u00f3n indicada a continuaci\u00f3n o a trav\u00e9s de un e-mail dirigido a la direcci\u00f3n tejidos.ana.cordoba@gmail.com<\/p><p>\u00a0<\/p><p>MODIFICACI\u00d3N DE LA POL\u00cdTICA DE PRIVACIDAD<\/p><p><span style=\"font-size: 1rem;\">Sof\u00eda Gomez Soto<\/span>\u00a0se reserva el derecho a modificar y\/o actualizar tanto el presente documento sobre su pol\u00edtica de privacidad como las condiciones generales contenidas en el sitio web www.tejidosanacordoba.es para adaptar ambos documentos tanto a nuevas normativas legales y de jurisprudencia como a nuevas informaciones del mercado y de la industria. Si fuera el caso, Sof\u00eda Gomez Soto\u00a0se compromete a comunicar dichas modificaciones y\/o actualizaciones a sus clientes.<\/p><p>\u00a0<\/p><p>Informaci\u00f3n relacionada con la resoluci\u00f3n de disputa en l\u00ednea del Art. 14, p\u00e1rr. 1 del ODR (Regulaci\u00f3n de resoluci\u00f3n de disputa en l\u00ednea):<\/p><p>La Comisi\u00f3n Europea ofrece a los consumidores la oportunidad de resolver disputas en l\u00ednea conforme al Art. 14, p\u00e1rr. 1 del ODR en una de sus plataformas. La plataforma (http:\/\/ec.europa.eu\/consumers\/odr) sirve como web en la que los consumidores pueden intentar llegar a acuerdos sin ir a juicio relacionados con las disputas que surjan en las compras y contratos de servicios en l\u00ednea.<\/p>\t\t\t\t\t\t\t\t<\/div>\n\t\t\t\t<\/div>\n\t\t\t\t\t<\/div>\n\t\t<\/div>\n\t\t\t\t\t<\/div>\n\t\t<\/section>\n\t\t\t\t<\/div>\n\t\t","protected":false},"excerpt":{"rendered":"<p>Aviso Legal La totalidad de este website: texto, im\u00e1genes, marcas comerciales, logotipos, archivos de audio y video, archivos de software, combinaciones de colores, as\u00ed como la estructura, selecci\u00f3n, ordenaci\u00f3n y presentaci\u00f3n de sus contenidos, se encuentra protegida por las leyes espa\u00f1olas e internacionales sobre propiedad Intelectual e Industrial. Asimismo, y sin perjuicio de lo anteriormente &hellip; <\/p>\n<p class=\"link-more\"><a href=\"https:\/\/www.tejidosanacordoba.es\/index.php\/aviso-legal\/\" class=\"more-link\">Continuar leyendo<span class=\"screen-reader-text\"> \u00abAviso Legal\u00bb<\/span><\/a><\/p>\n","protected":false},"author":1,"featured_media":0,"parent":0,"menu_order":0,"comment_status":"closed","ping_status":"closed","template":"elementor_header_footer","meta":{"footnotes":""},"class_list":["post-1191","page","type-page","status-publish","hentry"],"jetpack_sharing_enabled":true,"_links":{"self":[{"href":"https:\/\/www.tejidosanacordoba.es\/index.php\/wp-json\/wp\/v2\/pages\/1191","targetHints":{"allow":["GET"]}}],"collection":[{"href":"https:\/\/www.tejidosanacordoba.es\/index.php\/wp-json\/wp\/v2\/pages"}],"about":[{"href":"https:\/\/www.tejidosanacordoba.es\/index.php\/wp-json\/wp\/v2\/types\/page"}],"author":[{"embeddable":true,"href":"https:\/\/www.tejidosanacordoba.es\/index.php\/wp-json\/wp\/v2\/users\/1"}],"replies":[{"embeddable":true,"href":"https:\/\/www.tejidosanacordoba.es\/index.php\/wp-json\/wp\/v2\/comments?post=1191"}],"version-history":[{"count":5,"href":"https:\/\/www.tejidosanacordoba.es\/index.php\/wp-json\/wp\/v2\/pages\/1191\/revisions"}],"predecessor-version":[{"id":1407,"href":"https:\/\/www.tejidosanacordoba.es\/index.php\/wp-json\/wp\/v2\/pages\/1191\/revisions\/1407"}],"wp:attachment":[{"href":"https:\/\/www.tejidosanacordoba.es\/index.php\/wp-json\/wp\/v2\/media?parent=1191"}],"curies":[{"name":"wp","href":"https:\/\/api.w.org\/{rel}","templated":true}]}}