{"id":68,"date":"2020-05-04T11:00:10","date_gmt":"2020-05-04T11:00:10","guid":{"rendered":"http:\/\/www.tejidosanacordoba.es\/?page_id=68"},"modified":"2021-05-12T20:23:33","modified_gmt":"2021-05-12T20:23:33","slug":"inicio","status":"publish","type":"page","link":"https:\/\/www.tejidosanacordoba.es\/","title":{"rendered":"Inicio"},"content":{"rendered":"\t\t<div data-elementor-type=\"wp-post\" data-elementor-id=\"68\" class=\"elementor elementor-68\" data-elementor-post-type=\"page\">\n\t\t\t\t\t\t<section class=\"elementor-section elementor-top-section elementor-element elementor-element-e0a5b30 elementor-section-boxed elementor-section-height-default elementor-section-height-default\" data-id=\"e0a5b30\" data-element_type=\"section\" data-settings=\"{&quot;background_background&quot;:&quot;classic&quot;}\">\n\t\t\t\t\t\t<div class=\"elementor-container elementor-column-gap-default\">\n\t\t\t\t\t<div class=\"elementor-column elementor-col-100 elementor-top-column elementor-element elementor-element-6429d87\" data-id=\"6429d87\" data-element_type=\"column\">\n\t\t\t<div class=\"elementor-widget-wrap elementor-element-populated\">\n\t\t\t\t\t\t<div class=\"elementor-element elementor-element-59dc27b elementor-widget elementor-widget-text-editor\" data-id=\"59dc27b\" data-element_type=\"widget\" data-widget_type=\"text-editor.default\">\n\t\t\t\t<div class=\"elementor-widget-container\">\n\t\t\t\t\t\t\t\t\t<h1><em>Bienvenido a Tejidos Ana<\/em><\/h1><p><em>Tejidos Ana es una tienda familiar, f\u00edsica y online, situada en el centro de C\u00f3rdoba desde 1986, estamos\u00a0 especializados en tejidos para beb\u00e9, ceremonia, se\u00f1ora, hilo y flamenca.<\/em><\/p><p><em>Trabajamos tejidos de calidad, con un servicio cercano, en un ambiente acogedor.<\/em><\/p><p><em>Ponemos a tu disposici\u00f3n nuestra experiencia y nuestra pasi\u00f3n por la telas, !!!siempre estamos renov\u00e1ndonos \u00a1\u00a1\u00a1<\/em><\/p><p><em>Priorizamos los fabricantes espa\u00f1oles, sin olvidar nuestros tejidos americanos, franceses , italianos y japoneses.<\/em><\/p><p><em>\u00bfNecesitas ayuda para encontrar tu tejido? No dudes en contactar con nosotros.<\/em><\/p>\t\t\t\t\t\t\t\t<\/div>\n\t\t\t\t<\/div>\n\t\t\t\t\t<\/div>\n\t\t<\/div>\n\t\t\t\t\t<\/div>\n\t\t<\/section>\n\t\t\t\t<section class=\"elementor-section elementor-top-section elementor-element elementor-element-d567b6f elementor-section-boxed elementor-section-height-default elementor-section-height-default\" data-id=\"d567b6f\" data-element_type=\"section\">\n\t\t\t\t\t\t<div class=\"elementor-container elementor-column-gap-default\">\n\t\t\t\t\t<div class=\"elementor-column elementor-col-33 elementor-top-column elementor-element elementor-element-8d418d9\" data-id=\"8d418d9\" data-element_type=\"column\">\n\t\t\t<div class=\"elementor-widget-wrap elementor-element-populated\">\n\t\t\t\t\t\t<div class=\"elementor-element elementor-element-37cef0b elementor-widget elementor-widget-image\" data-id=\"37cef0b\" data-element_type=\"widget\" data-widget_type=\"image.default\">\n\t\t\t\t<div class=\"elementor-widget-container\">\n\t\t\t\t\t\t\t\t\t\t\t\t\t\t\t<img fetchpriority=\"high\" decoding=\"async\" width=\"525\" height=\"700\" src=\"https:\/\/www.tejidosanacordoba.es\/wp-content\/uploads\/2020\/06\/calaveras-768x1024.jpg\" class=\"attachment-large size-large wp-image-3233\" alt=\"\" srcset=\"https:\/\/www.tejidosanacordoba.es\/wp-content\/uploads\/2020\/06\/calaveras-768x1024.jpg 768w, https:\/\/www.tejidosanacordoba.es\/wp-content\/uploads\/2020\/06\/calaveras-225x300.jpg 225w, https:\/\/www.tejidosanacordoba.es\/wp-content\/uploads\/2020\/06\/calaveras-350x467.jpg 350w, https:\/\/www.tejidosanacordoba.es\/wp-content\/uploads\/2020\/06\/calaveras.jpg 960w\" sizes=\"100vw\" \/>\t\t\t\t\t\t\t\t\t\t\t\t\t\t\t<\/div>\n\t\t\t\t<\/div>\n\t\t\t\t<div class=\"elementor-element elementor-element-d3626a0 elementor-widget elementor-widget-text-editor\" data-id=\"d3626a0\" data-element_type=\"widget\" data-widget_type=\"text-editor.default\">\n\t\t\t\t<div class=\"elementor-widget-container\">\n\t\t\t\t\t\t\t\t\t<h1 style=\"text-align: center;\">Variedad de telas<\/h1><p>Trabajamos tejidos de algod\u00f3n espa\u00f1ol, americano, franc\u00e9s, italiano y japones<\/p><p>Tenemos una gran colecci\u00f3n en tejidos lisos para ceremonia y eventos, junto sus estampados y encajes.<\/p><p>Cuidamos a nuestras clientas, con hilos de mayor calidad para s\u00e1banas y manteles, con marcas como Burrito blanco y Bassol.<\/p><p>Los tejidos cl\u00e1sicos como el piqu\u00e9, popel\u00edn, muselina, son nuestros b\u00e1sicos.<\/p>\t\t\t\t\t\t\t\t<\/div>\n\t\t\t\t<\/div>\n\t\t\t\t\t<\/div>\n\t\t<\/div>\n\t\t\t\t<div class=\"elementor-column elementor-col-33 elementor-top-column elementor-element elementor-element-172d450\" data-id=\"172d450\" data-element_type=\"column\">\n\t\t\t<div class=\"elementor-widget-wrap elementor-element-populated\">\n\t\t\t\t\t\t<div class=\"elementor-element elementor-element-3517fba elementor-widget elementor-widget-image\" data-id=\"3517fba\" data-element_type=\"widget\" data-widget_type=\"image.default\">\n\t\t\t\t<div class=\"elementor-widget-container\">\n\t\t\t\t\t\t\t\t\t\t\t\t\t\t\t<img decoding=\"async\" width=\"525\" height=\"394\" src=\"https:\/\/www.tejidosanacordoba.es\/wp-content\/uploads\/2020\/08\/IMG_20200827_183615-1-1024x768.jpg\" class=\"attachment-large size-large wp-image-3796\" alt=\"\" srcset=\"https:\/\/www.tejidosanacordoba.es\/wp-content\/uploads\/2020\/08\/IMG_20200827_183615-1-1024x768.jpg 1024w, https:\/\/www.tejidosanacordoba.es\/wp-content\/uploads\/2020\/08\/IMG_20200827_183615-1-300x225.jpg 300w, https:\/\/www.tejidosanacordoba.es\/wp-content\/uploads\/2020\/08\/IMG_20200827_183615-1-768x576.jpg 768w, https:\/\/www.tejidosanacordoba.es\/wp-content\/uploads\/2020\/08\/IMG_20200827_183615-1-1536x1152.jpg 1536w, https:\/\/www.tejidosanacordoba.es\/wp-content\/uploads\/2020\/08\/IMG_20200827_183615-1-2048x1536.jpg 2048w, https:\/\/www.tejidosanacordoba.es\/wp-content\/uploads\/2020\/08\/IMG_20200827_183615-1-350x263.jpg 350w\" sizes=\"100vw\" \/>\t\t\t\t\t\t\t\t\t\t\t\t\t\t\t<\/div>\n\t\t\t\t<\/div>\n\t\t\t\t<div class=\"elementor-element elementor-element-d79385c elementor-widget elementor-widget-text-editor\" data-id=\"d79385c\" data-element_type=\"widget\" data-widget_type=\"text-editor.default\">\n\t\t\t\t<div class=\"elementor-widget-container\">\n\t\t\t\t\t\t\t\t\t<h1 style=\"text-align: center;\">Katia\/ Alexander Henry\/kokka<\/h1><p>En tejidos ana estamos en continuo movimiento, y hemos incluido en nuestra colecci\u00f3n , tejidos originales de las maracas Katia, Micheal Miller, Alexander Henry y\u00a0<span style=\"font-size: 1rem;\">Kokka.<\/span><\/p>\t\t\t\t\t\t\t\t<\/div>\n\t\t\t\t<\/div>\n\t\t\t\t\t<\/div>\n\t\t<\/div>\n\t\t\t\t<div class=\"elementor-column elementor-col-33 elementor-top-column elementor-element elementor-element-bd200e4\" data-id=\"bd200e4\" data-element_type=\"column\">\n\t\t\t<div class=\"elementor-widget-wrap elementor-element-populated\">\n\t\t\t\t\t\t<div class=\"elementor-element elementor-element-e20459c elementor-widget elementor-widget-image\" data-id=\"e20459c\" data-element_type=\"widget\" data-widget_type=\"image.default\">\n\t\t\t\t<div class=\"elementor-widget-container\">\n\t\t\t\t\t\t\t\t\t\t\t\t\t\t\t<img decoding=\"async\" width=\"215\" height=\"215\" src=\"https:\/\/www.tejidosanacordoba.es\/wp-content\/uploads\/2020\/05\/merceria.jpg\" class=\"attachment-large size-large wp-image-1369\" alt=\"\" srcset=\"https:\/\/www.tejidosanacordoba.es\/wp-content\/uploads\/2020\/05\/merceria.jpg 215w, https:\/\/www.tejidosanacordoba.es\/wp-content\/uploads\/2020\/05\/merceria-100x100.jpg 100w, https:\/\/www.tejidosanacordoba.es\/wp-content\/uploads\/2020\/05\/merceria-150x150.jpg 150w\" sizes=\"100vw\" \/>\t\t\t\t\t\t\t\t\t\t\t\t\t\t\t<\/div>\n\t\t\t\t<\/div>\n\t\t\t\t<div class=\"elementor-element elementor-element-357ab26 elementor-widget elementor-widget-text-editor\" data-id=\"357ab26\" data-element_type=\"widget\" data-widget_type=\"text-editor.default\">\n\t\t\t\t<div class=\"elementor-widget-container\">\n\t\t\t\t\t\t\t\t\t<h1 style=\"text-align: center;\">Merceria<\/h1>\n<p>Para dar el mayor servicio a nuestros clientes, estamos introduciendo diferentes productos de mercer\u00eda para cubrir todas tus necesidades.<\/p>\t\t\t\t\t\t\t\t<\/div>\n\t\t\t\t<\/div>\n\t\t\t\t\t<\/div>\n\t\t<\/div>\n\t\t\t\t\t<\/div>\n\t\t<\/section>\n\t\t\t\t<\/div>\n\t\t","protected":false},"excerpt":{"rendered":"<p>Bienvenido a Tejidos Ana Tejidos Ana es una tienda familiar, f\u00edsica y online, situada en el centro de C\u00f3rdoba desde 1986, estamos&nbsp; especializados en tejidos para beb\u00e9, ceremonia, se\u00f1ora, hilo y flamenca. Trabajamos tejidos de calidad, con un servicio cercano, en un ambiente acogedor. Ponemos a tu disposici\u00f3n nuestra experiencia y nuestra pasi\u00f3n por la &hellip; <\/p>\n<p class=\"link-more\"><a href=\"https:\/\/www.tejidosanacordoba.es\/\" class=\"more-link\">Continuar leyendo<span class=\"screen-reader-text\"> \u00abInicio\u00bb<\/span><\/a><\/p>\n","protected":false},"author":1,"featured_media":0,"parent":0,"menu_order":1,"comment_status":"closed","ping_status":"closed","template":"elementor_header_footer","meta":{"footnotes":""},"class_list":["post-68","page","type-page","status-publish","hentry"],"jetpack_sharing_enabled":true,"_links":{"self":[{"href":"https:\/\/www.tejidosanacordoba.es\/index.php\/wp-json\/wp\/v2\/pages\/68","targetHints":{"allow":["GET"]}}],"collection":[{"href":"https:\/\/www.tejidosanacordoba.es\/index.php\/wp-json\/wp\/v2\/pages"}],"about":[{"href":"https:\/\/www.tejidosanacordoba.es\/index.php\/wp-json\/wp\/v2\/types\/page"}],"author":[{"embeddable":true,"href":"https:\/\/www.tejidosanacordoba.es\/index.php\/wp-json\/wp\/v2\/users\/1"}],"replies":[{"embeddable":true,"href":"https:\/\/www.tejidosanacordoba.es\/index.php\/wp-json\/wp\/v2\/comments?post=68"}],"version-history":[{"count":25,"href":"https:\/\/www.tejidosanacordoba.es\/index.php\/wp-json\/wp\/v2\/pages\/68\/revisions"}],"predecessor-version":[{"id":6863,"href":"https:\/\/www.tejidosanacordoba.es\/index.php\/wp-json\/wp\/v2\/pages\/68\/revisions\/6863"}],"wp:attachment":[{"href":"https:\/\/www.tejidosanacordoba.es\/index.php\/wp-json\/wp\/v2\/media?parent=68"}],"curies":[{"name":"wp","href":"https:\/\/api.w.org\/{rel}","templated":true}]}}