{"id":10427,"date":"2023-06-21T15:52:37","date_gmt":"2023-06-21T14:52:37","guid":{"rendered":"https:\/\/www.tejidosanacordoba.es\/?post_type=product&#038;p=10427"},"modified":"2023-09-21T09:35:11","modified_gmt":"2023-09-21T08:35:11","slug":"83-cobre-perlado","status":"publish","type":"product","link":"https:\/\/www.tejidosanacordoba.es\/index.php\/producto\/83-cobre-perlado\/","title":{"rendered":"83 &#8211; Cobre perlado"},"content":{"rendered":"","protected":false},"excerpt":{"rendered":"<p>En este articulo no existe el blanco puro, es un blanco tomado.<\/p>\n<p>100% Merino Extrafine<br \/>\n50 grs.<\/p>\n<div class=\"description-product sidebar-box\">\n<p>Lana 100% merino para pieles sensibles de colores alegres. Gracias al tratamiento Total Easy Care se puede lavar en lavadora y secar en la secadora, sin tener que renunciar a la delicadeza de una prenda hecha a mano. Recomendada para vestidos de beb\u00e9, patucos o jers\u00e9is de invierno para beb\u00e9s y ni\u00f1os.<\/p>\n<\/div>\n<div class=\"description-product sidebar-box\">\n<p>Cada ovillo tiene 50 gramos y 165 metros. Este hilo es de grosor fino, recomendamos usar agujas del 3-3,5.<br \/>\nPara realizar un jersey de mujer de manga larga talla 42 se necesitan 9 ovillos.<br \/>\nLavable a m\u00e1quina hasta 30\u00baC en programa para lana. Se puede secar en secadora.<\/p>\n<p>Los colores pueden variar dependiendo el dispositivo que se vean.<\/p>\n<\/div>\n","protected":false},"featured_media":10415,"comment_status":"open","ping_status":"closed","template":"","meta":[],"product_brand":[],"product_cat":[111],"product_tag":[],"class_list":{"0":"post-10427","1":"product","2":"type-product","3":"status-publish","4":"has-post-thumbnail","6":"product_cat-merino-baby-100","8":"first","9":"instock","10":"taxable","11":"shipping-taxable","12":"purchasable","13":"product-type-simple","14":"add-to-wishlist-after_add_to_cart"},"jetpack_sharing_enabled":true,"_links":{"self":[{"href":"https:\/\/www.tejidosanacordoba.es\/index.php\/wp-json\/wp\/v2\/product\/10427","targetHints":{"allow":["GET"]}}],"collection":[{"href":"https:\/\/www.tejidosanacordoba.es\/index.php\/wp-json\/wp\/v2\/product"}],"about":[{"href":"https:\/\/www.tejidosanacordoba.es\/index.php\/wp-json\/wp\/v2\/types\/product"}],"replies":[{"embeddable":true,"href":"https:\/\/www.tejidosanacordoba.es\/index.php\/wp-json\/wp\/v2\/comments?post=10427"}],"version-history":[{"count":1,"href":"https:\/\/www.tejidosanacordoba.es\/index.php\/wp-json\/wp\/v2\/product\/10427\/revisions"}],"predecessor-version":[{"id":10428,"href":"https:\/\/www.tejidosanacordoba.es\/index.php\/wp-json\/wp\/v2\/product\/10427\/revisions\/10428"}],"wp:featuredmedia":[{"embeddable":true,"href":"https:\/\/www.tejidosanacordoba.es\/index.php\/wp-json\/wp\/v2\/media\/10415"}],"wp:attachment":[{"href":"https:\/\/www.tejidosanacordoba.es\/index.php\/wp-json\/wp\/v2\/media?parent=10427"}],"wp:term":[{"taxonomy":"product_brand","embeddable":true,"href":"https:\/\/www.tejidosanacordoba.es\/index.php\/wp-json\/wp\/v2\/product_brand?post=10427"},{"taxonomy":"product_cat","embeddable":true,"href":"https:\/\/www.tejidosanacordoba.es\/index.php\/wp-json\/wp\/v2\/product_cat?post=10427"},{"taxonomy":"product_tag","embeddable":true,"href":"https:\/\/www.tejidosanacordoba.es\/index.php\/wp-json\/wp\/v2\/product_tag?post=10427"}],"curies":[{"name":"wp","href":"https:\/\/api.w.org\/{rel}","templated":true}]}}