{"id":10448,"date":"2023-06-21T16:49:36","date_gmt":"2023-06-21T15:49:36","guid":{"rendered":"https:\/\/www.tejidosanacordoba.es\/?post_type=product&#038;p=10448"},"modified":"2024-04-01T11:32:49","modified_gmt":"2024-04-01T10:32:49","slug":"jersey-aw-dinos-camouflage","status":"publish","type":"product","link":"https:\/\/www.tejidosanacordoba.es\/index.php\/producto\/jersey-aw-dinos-camouflage\/","title":{"rendered":"Jersey AW Dinos Camouflage"},"content":{"rendered":"","protected":false},"excerpt":{"rendered":"<p>95% Algod\u00f3n &#8211; 5% Elast\u00e1n<\/p>\n<p>145-150cm &#8211; 210gr\/mt2<\/p>\n<p>Tejido de punto jersey o punto camiseta con un singular estampado de dinosaurios en color negro, verde y marrones. La tela de punto Camiseta Jersey Dinos Camouflage tiene mayor flexibilidad gracias a su 5 % de elast\u00e1n en su composici\u00f3n, d\u00e1ndole una mayor comodidad para coser prendas divertidas y confortables para tus peques. Es un tejido perfecto para coser prendas sport como vestidos c\u00f3modos, camisetas y pijamas. En la Revista de patrones de costura Textures Oto\u00f1o-Invierno 23\/24 de Katia Fabrics hay patrones ideales para esta tela de punto camiseta.<\/p>\n<p>Los colores pueden variar seg\u00fan el dispositivo con el que se vean.<\/p>\n","protected":false},"featured_media":11969,"comment_status":"open","ping_status":"closed","template":"","meta":[],"product_brand":[],"product_cat":[96,49],"product_tag":[],"class_list":{"0":"post-10448","1":"product","2":"type-product","3":"status-publish","4":"has-post-thumbnail","6":"product_cat-katia","7":"product_cat-puntos-de-algodon","9":"first","10":"instock","11":"taxable","12":"shipping-taxable","13":"purchasable","14":"product-type-simple","15":"add-to-wishlist-after_add_to_cart"},"jetpack_sharing_enabled":true,"_links":{"self":[{"href":"https:\/\/www.tejidosanacordoba.es\/index.php\/wp-json\/wp\/v2\/product\/10448","targetHints":{"allow":["GET"]}}],"collection":[{"href":"https:\/\/www.tejidosanacordoba.es\/index.php\/wp-json\/wp\/v2\/product"}],"about":[{"href":"https:\/\/www.tejidosanacordoba.es\/index.php\/wp-json\/wp\/v2\/types\/product"}],"replies":[{"embeddable":true,"href":"https:\/\/www.tejidosanacordoba.es\/index.php\/wp-json\/wp\/v2\/comments?post=10448"}],"version-history":[{"count":2,"href":"https:\/\/www.tejidosanacordoba.es\/index.php\/wp-json\/wp\/v2\/product\/10448\/revisions"}],"predecessor-version":[{"id":11975,"href":"https:\/\/www.tejidosanacordoba.es\/index.php\/wp-json\/wp\/v2\/product\/10448\/revisions\/11975"}],"wp:featuredmedia":[{"embeddable":true,"href":"https:\/\/www.tejidosanacordoba.es\/index.php\/wp-json\/wp\/v2\/media\/11969"}],"wp:attachment":[{"href":"https:\/\/www.tejidosanacordoba.es\/index.php\/wp-json\/wp\/v2\/media?parent=10448"}],"wp:term":[{"taxonomy":"product_brand","embeddable":true,"href":"https:\/\/www.tejidosanacordoba.es\/index.php\/wp-json\/wp\/v2\/product_brand?post=10448"},{"taxonomy":"product_cat","embeddable":true,"href":"https:\/\/www.tejidosanacordoba.es\/index.php\/wp-json\/wp\/v2\/product_cat?post=10448"},{"taxonomy":"product_tag","embeddable":true,"href":"https:\/\/www.tejidosanacordoba.es\/index.php\/wp-json\/wp\/v2\/product_tag?post=10448"}],"curies":[{"name":"wp","href":"https:\/\/api.w.org\/{rel}","templated":true}]}}