{"id":10492,"date":"2023-06-23T17:24:30","date_gmt":"2023-06-23T16:24:30","guid":{"rendered":"https:\/\/www.tejidosanacordoba.es\/?post_type=product&#038;p=10492"},"modified":"2023-09-26T22:14:58","modified_gmt":"2023-09-26T21:14:58","slug":"poplin-aw-xmas-moments","status":"publish","type":"product","link":"https:\/\/www.tejidosanacordoba.es\/index.php\/producto\/poplin-aw-xmas-moments\/","title":{"rendered":"Poplin AW Xmas moments"},"content":{"rendered":"","protected":false},"excerpt":{"rendered":"<p>El tejido de algod\u00f3n Poplin Xmas Moments es una tela 100 % algod\u00f3n con un dise\u00f1o navide\u00f1o que te permite crear cualquier proyecto de Navidad que tengas en mente, ya sea para ti o para tu hogar. Es un tejido que cuenta, como todos los tejidos de popel\u00edn de Katia Fabrics, con el certificado Standard 100 by Oeko-Tex\u00ae por lo que es un tejido perfecto para las pieles m\u00e1s sensibles. Esta tela de popel\u00edn, libre de sustancias nocivas, es perfecta para coser, blusas, vestidos, chaquetas o cualquier prenda que imagines. En la revista de patrones de costura Textures Oto\u00f1o-Invierno 22\/23 de Katia Fabrics hay patrones de blusas o vestidos ideales para coser con este tejido de algod\u00f3n.<\/p>\n<p>145-150cm \u2013 130gr\/mt2<\/p>\n<p>100% Algod\u00f3n<\/p>\n<p>Los colores pueden variar seg\u00fan el dispositivo que se vean.<\/p>\n","protected":false},"featured_media":10472,"comment_status":"open","ping_status":"closed","template":"","meta":[],"product_brand":[],"product_cat":[105,96,46,37],"product_tag":[],"class_list":{"0":"post-10492","1":"product","2":"type-product","3":"status-publish","4":"has-post-thumbnail","6":"product_cat-navidad","7":"product_cat-katia","8":"product_cat-made-in-japon","9":"product_cat-estilo-liberty","11":"first","12":"instock","13":"taxable","14":"shipping-taxable","15":"purchasable","16":"product-type-simple","17":"add-to-wishlist-after_add_to_cart"},"jetpack_sharing_enabled":true,"_links":{"self":[{"href":"https:\/\/www.tejidosanacordoba.es\/index.php\/wp-json\/wp\/v2\/product\/10492","targetHints":{"allow":["GET"]}}],"collection":[{"href":"https:\/\/www.tejidosanacordoba.es\/index.php\/wp-json\/wp\/v2\/product"}],"about":[{"href":"https:\/\/www.tejidosanacordoba.es\/index.php\/wp-json\/wp\/v2\/types\/product"}],"replies":[{"embeddable":true,"href":"https:\/\/www.tejidosanacordoba.es\/index.php\/wp-json\/wp\/v2\/comments?post=10492"}],"version-history":[{"count":1,"href":"https:\/\/www.tejidosanacordoba.es\/index.php\/wp-json\/wp\/v2\/product\/10492\/revisions"}],"predecessor-version":[{"id":10493,"href":"https:\/\/www.tejidosanacordoba.es\/index.php\/wp-json\/wp\/v2\/product\/10492\/revisions\/10493"}],"wp:featuredmedia":[{"embeddable":true,"href":"https:\/\/www.tejidosanacordoba.es\/index.php\/wp-json\/wp\/v2\/media\/10472"}],"wp:attachment":[{"href":"https:\/\/www.tejidosanacordoba.es\/index.php\/wp-json\/wp\/v2\/media?parent=10492"}],"wp:term":[{"taxonomy":"product_brand","embeddable":true,"href":"https:\/\/www.tejidosanacordoba.es\/index.php\/wp-json\/wp\/v2\/product_brand?post=10492"},{"taxonomy":"product_cat","embeddable":true,"href":"https:\/\/www.tejidosanacordoba.es\/index.php\/wp-json\/wp\/v2\/product_cat?post=10492"},{"taxonomy":"product_tag","embeddable":true,"href":"https:\/\/www.tejidosanacordoba.es\/index.php\/wp-json\/wp\/v2\/product_tag?post=10492"}],"curies":[{"name":"wp","href":"https:\/\/api.w.org\/{rel}","templated":true}]}}