{"id":10496,"date":"2023-06-23T17:28:52","date_gmt":"2023-06-23T16:28:52","guid":{"rendered":"https:\/\/www.tejidosanacordoba.es\/?post_type=product&#038;p=10496"},"modified":"2023-09-26T22:14:42","modified_gmt":"2023-09-26T21:14:42","slug":"poplin-aw-noel-polar-bear","status":"publish","type":"product","link":"https:\/\/www.tejidosanacordoba.es\/index.php\/producto\/poplin-aw-noel-polar-bear\/","title":{"rendered":"Poplin AW No\u00ebl Polar Bear"},"content":{"rendered":"","protected":false},"excerpt":{"rendered":"<p>Tela de popel\u00edn con un precioso estampado de diferentes tama\u00f1os de flores, hojas y dibujos de animales del bosque sobre un fondo rosa pastel. Ideal para coser proyectos de decoraci\u00f3n para tu hogar y darle un toque rom\u00e1ntico esta Navidad. El tejido de algod\u00f3n 100 % Poplin N\u00f6el Polar Bear te permite crear complementos o piezas de ropa \u00fanicas y muy especiales para toda la familia. En la revista de patrones de costura Textures Oto\u00f1o-Invierno 23\/24 de Katia Fabrics tienes m\u00faltiples patrones de costura para coser originales prendas con este tejido popel\u00edn.<\/p>\n<p>145-150cm \u2013 130gr\/mt2<\/p>\n<p>100% Algod\u00f3n<\/p>\n<p>Los colores pueden variar seg\u00fan el dispositivo que se vean.<\/p>\n<p>&nbsp;<\/p>\n","protected":false},"featured_media":10478,"comment_status":"open","ping_status":"closed","template":"","meta":[],"product_brand":[],"product_cat":[105,96,46,37],"product_tag":[],"class_list":{"0":"post-10496","1":"product","2":"type-product","3":"status-publish","4":"has-post-thumbnail","6":"product_cat-navidad","7":"product_cat-katia","8":"product_cat-made-in-japon","9":"product_cat-estilo-liberty","11":"first","12":"instock","13":"taxable","14":"shipping-taxable","15":"purchasable","16":"product-type-simple","17":"add-to-wishlist-after_add_to_cart"},"jetpack_sharing_enabled":true,"_links":{"self":[{"href":"https:\/\/www.tejidosanacordoba.es\/index.php\/wp-json\/wp\/v2\/product\/10496","targetHints":{"allow":["GET"]}}],"collection":[{"href":"https:\/\/www.tejidosanacordoba.es\/index.php\/wp-json\/wp\/v2\/product"}],"about":[{"href":"https:\/\/www.tejidosanacordoba.es\/index.php\/wp-json\/wp\/v2\/types\/product"}],"replies":[{"embeddable":true,"href":"https:\/\/www.tejidosanacordoba.es\/index.php\/wp-json\/wp\/v2\/comments?post=10496"}],"version-history":[{"count":1,"href":"https:\/\/www.tejidosanacordoba.es\/index.php\/wp-json\/wp\/v2\/product\/10496\/revisions"}],"predecessor-version":[{"id":10497,"href":"https:\/\/www.tejidosanacordoba.es\/index.php\/wp-json\/wp\/v2\/product\/10496\/revisions\/10497"}],"wp:featuredmedia":[{"embeddable":true,"href":"https:\/\/www.tejidosanacordoba.es\/index.php\/wp-json\/wp\/v2\/media\/10478"}],"wp:attachment":[{"href":"https:\/\/www.tejidosanacordoba.es\/index.php\/wp-json\/wp\/v2\/media?parent=10496"}],"wp:term":[{"taxonomy":"product_brand","embeddable":true,"href":"https:\/\/www.tejidosanacordoba.es\/index.php\/wp-json\/wp\/v2\/product_brand?post=10496"},{"taxonomy":"product_cat","embeddable":true,"href":"https:\/\/www.tejidosanacordoba.es\/index.php\/wp-json\/wp\/v2\/product_cat?post=10496"},{"taxonomy":"product_tag","embeddable":true,"href":"https:\/\/www.tejidosanacordoba.es\/index.php\/wp-json\/wp\/v2\/product_tag?post=10496"}],"curies":[{"name":"wp","href":"https:\/\/api.w.org\/{rel}","templated":true}]}}