{"id":10523,"date":"2023-07-06T17:21:05","date_gmt":"2023-07-06T16:21:05","guid":{"rendered":"https:\/\/www.tejidosanacordoba.es\/?post_type=product&#038;p=10523"},"modified":"2025-07-11T17:39:57","modified_gmt":"2025-07-11T16:39:57","slug":"revista-katia-primavera-verano-2022-2","status":"publish","type":"product","link":"https:\/\/www.tejidosanacordoba.es\/index.php\/producto\/revista-katia-primavera-verano-2022-2\/","title":{"rendered":"Revista katia primavera\/verano 2023"},"content":{"rendered":"","protected":false},"excerpt":{"rendered":"<p>Llega el verano y con \u00e9l la nueva revista de patrones de costura Mediterranean de Katia Fabrics. En esta edici\u00f3n Mediterranean primavera-verano 23 encontrar\u00e1s 30 patrones de costura para crear un fondo de armario estival, desenfado y atemporal. Descubre los 25 patrones que van desde la talla 1 mes hasta los 12 a\u00f1os. As\u00ed como los 5 patrones para mujer en tallas S-M-L-XL. Disfruta cosiendo prendas esenciales con algunas de nuestras telas m\u00e1s frescas y ligeras; vestidos fresquitos, camisetas b\u00e1sicas de manga corta, c\u00f3modos petos o chaquetas para todos los d\u00edas. Crea conjuntos deportivos \u00fanicos con los nuevos tejidos t\u00e9cnicos y estampados urbanos inspirados en la tendencia Sport Arty. \u00a1Este verano, vive la costura mediterr\u00e1neamente con Katia Fabrics!. Los patrones con las instrucciones de confecci\u00f3n de los modelos de las revistas de patrones de costura de Katia Fabrics solo estar\u00e1n disponibles en PDF. Acceder a las instrucciones en PDF es tan f\u00e1cil como escanear el QR impreso en cada patr\u00f3n. Solo necesitas un lector de c\u00f3digos QR en tu Smartphone o Tablet para as\u00ed abrir el enlace y descargar en formato digital el paso a paso para coser un modelo.<\/p>\n","protected":false},"featured_media":9719,"comment_status":"open","ping_status":"closed","template":"","meta":[],"product_brand":[],"product_cat":[108,96],"product_tag":[],"class_list":{"0":"post-10523","1":"product","2":"type-product","3":"status-publish","4":"has-post-thumbnail","6":"product_cat-patrones-coser-revistas-patrones","7":"product_cat-katia","9":"first","10":"instock","11":"taxable","12":"shipping-taxable","13":"purchasable","14":"product-type-simple","15":"add-to-wishlist-after_add_to_cart"},"jetpack_sharing_enabled":true,"_links":{"self":[{"href":"https:\/\/www.tejidosanacordoba.es\/index.php\/wp-json\/wp\/v2\/product\/10523","targetHints":{"allow":["GET"]}}],"collection":[{"href":"https:\/\/www.tejidosanacordoba.es\/index.php\/wp-json\/wp\/v2\/product"}],"about":[{"href":"https:\/\/www.tejidosanacordoba.es\/index.php\/wp-json\/wp\/v2\/types\/product"}],"replies":[{"embeddable":true,"href":"https:\/\/www.tejidosanacordoba.es\/index.php\/wp-json\/wp\/v2\/comments?post=10523"}],"version-history":[{"count":2,"href":"https:\/\/www.tejidosanacordoba.es\/index.php\/wp-json\/wp\/v2\/product\/10523\/revisions"}],"predecessor-version":[{"id":10682,"href":"https:\/\/www.tejidosanacordoba.es\/index.php\/wp-json\/wp\/v2\/product\/10523\/revisions\/10682"}],"wp:featuredmedia":[{"embeddable":true,"href":"https:\/\/www.tejidosanacordoba.es\/index.php\/wp-json\/wp\/v2\/media\/9719"}],"wp:attachment":[{"href":"https:\/\/www.tejidosanacordoba.es\/index.php\/wp-json\/wp\/v2\/media?parent=10523"}],"wp:term":[{"taxonomy":"product_brand","embeddable":true,"href":"https:\/\/www.tejidosanacordoba.es\/index.php\/wp-json\/wp\/v2\/product_brand?post=10523"},{"taxonomy":"product_cat","embeddable":true,"href":"https:\/\/www.tejidosanacordoba.es\/index.php\/wp-json\/wp\/v2\/product_cat?post=10523"},{"taxonomy":"product_tag","embeddable":true,"href":"https:\/\/www.tejidosanacordoba.es\/index.php\/wp-json\/wp\/v2\/product_tag?post=10523"}],"curies":[{"name":"wp","href":"https:\/\/api.w.org\/{rel}","templated":true}]}}