{"id":10793,"date":"2023-08-09T13:33:43","date_gmt":"2023-08-09T12:33:43","guid":{"rendered":"https:\/\/www.tejidosanacordoba.es\/?post_type=product&#038;p=10793"},"modified":"2023-08-09T13:34:26","modified_gmt":"2023-08-09T12:34:26","slug":"relleno-fibra-floca","status":"publish","type":"product","link":"https:\/\/www.tejidosanacordoba.es\/index.php\/producto\/relleno-fibra-floca\/","title":{"rendered":"Relleno fibra-floca 1kg"},"content":{"rendered":"","protected":false},"excerpt":{"rendered":"<p>Relleno de fibra hueca siliconada para almohadas, cojines, amigurumis y peluches.<\/p>\n<p>(1kg)<\/p>\n<p>Est\u00e1 fabricado con fibra hueca siliconada para aportar el volumen perfecto a los cojines de sal\u00f3n y de cama. A\u00f1ade un plus a tu decoraci\u00f3n y a tu momento de relax del d\u00eda.<\/p>\n<p>Fabricados en Espa\u00f1a con materiales de m\u00e1xima calidad.<\/p>\n<p>&nbsp;<\/p>\n<p>&nbsp;<\/p>\n","protected":false},"featured_media":10792,"comment_status":"open","ping_status":"closed","template":"","meta":[],"product_brand":[],"product_cat":[85],"product_tag":[],"class_list":{"0":"post-10793","1":"product","2":"type-product","3":"status-publish","4":"has-post-thumbnail","6":"product_cat-estabilizador","8":"first","9":"instock","10":"taxable","11":"shipping-taxable","12":"purchasable","13":"product-type-simple","14":"add-to-wishlist-after_add_to_cart"},"jetpack_sharing_enabled":true,"_links":{"self":[{"href":"https:\/\/www.tejidosanacordoba.es\/index.php\/wp-json\/wp\/v2\/product\/10793","targetHints":{"allow":["GET"]}}],"collection":[{"href":"https:\/\/www.tejidosanacordoba.es\/index.php\/wp-json\/wp\/v2\/product"}],"about":[{"href":"https:\/\/www.tejidosanacordoba.es\/index.php\/wp-json\/wp\/v2\/types\/product"}],"replies":[{"embeddable":true,"href":"https:\/\/www.tejidosanacordoba.es\/index.php\/wp-json\/wp\/v2\/comments?post=10793"}],"version-history":[{"count":2,"href":"https:\/\/www.tejidosanacordoba.es\/index.php\/wp-json\/wp\/v2\/product\/10793\/revisions"}],"predecessor-version":[{"id":10795,"href":"https:\/\/www.tejidosanacordoba.es\/index.php\/wp-json\/wp\/v2\/product\/10793\/revisions\/10795"}],"wp:featuredmedia":[{"embeddable":true,"href":"https:\/\/www.tejidosanacordoba.es\/index.php\/wp-json\/wp\/v2\/media\/10792"}],"wp:attachment":[{"href":"https:\/\/www.tejidosanacordoba.es\/index.php\/wp-json\/wp\/v2\/media?parent=10793"}],"wp:term":[{"taxonomy":"product_brand","embeddable":true,"href":"https:\/\/www.tejidosanacordoba.es\/index.php\/wp-json\/wp\/v2\/product_brand?post=10793"},{"taxonomy":"product_cat","embeddable":true,"href":"https:\/\/www.tejidosanacordoba.es\/index.php\/wp-json\/wp\/v2\/product_cat?post=10793"},{"taxonomy":"product_tag","embeddable":true,"href":"https:\/\/www.tejidosanacordoba.es\/index.php\/wp-json\/wp\/v2\/product_tag?post=10793"}],"curies":[{"name":"wp","href":"https:\/\/api.w.org\/{rel}","templated":true}]}}