{"id":11029,"date":"2023-08-29T10:42:53","date_gmt":"2023-08-29T09:42:53","guid":{"rendered":"https:\/\/www.tejidosanacordoba.es\/?post_type=product&#038;p=11029"},"modified":"2023-08-29T10:42:54","modified_gmt":"2023-08-29T09:42:54","slug":"purest-cotton-knit-big-stripes","status":"publish","type":"product","link":"https:\/\/www.tejidosanacordoba.es\/index.php\/producto\/purest-cotton-knit-big-stripes\/","title":{"rendered":"PUREST COTTON KNIT Big Stripes"},"content":{"rendered":"","protected":false},"excerpt":{"rendered":"<div class=\"row mb-2 iconolana\">\n<div class=\"col-2 text-center divimg_iconolana\">\n<div>100% Algod\u00f3n Org\u00e1nico GOTS<\/div>\n<\/div>\n<div>Ancho 100cm<\/div>\n<\/div>\n<div><\/div>\n<div>El\u00e1stico<\/div>\n<div>Color natural crudo y\u00a0 beig<\/div>\n<div><\/div>\n<div class=\"row mb-2 iconolana\">\n<div class=\"col-2 text-center divimg_iconolana\">\n<div>-Confeccionar con tensi\u00f3n baja en el hilo superior de la m\u00e1quina de coser y puntada peque\u00f1a para que cuando estiremos las costuras no se rompa el pespunte. Evitar estirar el tejido al confeccionar para que no cedan las costuras. -Si se dispone de maquina overlock, ideal para todas las costuras, ajustar el diferencial hasta que veamos que el tejido no se estira. Confeccionar los dobladillos con aguja gemela para Jersey. -Vaporizar o lavar antes de cortar y confeccionar.<\/div>\n<div><\/div>\n<div><img decoding=\"async\" class=\"img_iconolana\" title=\"Oeko Tex Standard 100\" src=\"https:\/\/www.katia.com\/files\/img\/oeko-tex-standard-100-simbolo-web.jpg\" alt=\"Oeko Tex Standard 100\" border=\"0\" \/><\/div>\n<\/div>\n<div class=\"col-9 text-left txt_iconolana\">La certificaci\u00f3n STANDARD 100 by OEKO-TEX\u00aees la etiqueta ecol\u00f3gica l\u00edder mundial para productos textiles. Estos productos han sido evaluados y certificados por institutos reconocidos internacionalmente. Adem\u00e1s, con esta certificaci\u00f3n, se asegura al consumidor que los productos textiles han sido analizados controlando sustancias nocivas para la salud.<\/div>\n<\/div>\n<div class=\"row mb-2 iconolana\">\n<div class=\"col-2 text-center divimg_iconolana\">\n<div><img decoding=\"async\" class=\"img_iconolana\" title=\"Global Organic Textile Standard\" src=\"https:\/\/www.katia.com\/files\/img\/pict-gots.png\" alt=\"Global Organic Textile Standard\" border=\"0\" \/>La certificaci\u00f3n GOTS (Global Organic Textile Standard) es la norma l\u00edder mundial en el procesamiento de textiles hechos con fibra procedente de agricultura org\u00e1nica. Contiene requisitos claros para el cuidado del medio ambiente a lo largo de la cadena de provisi\u00f3n de textiles org\u00e1nicos a la vez que sostiene el cumplimiento de criterios sociales. La Norma Textil Org\u00e1nica Global asegura la trazabilidad de la lana y el algod\u00f3n desde su origen hasta el producto final y tambi\u00e9n garantiza los requisitos ecol\u00f3gicos y biodegradables de la tintura utilizada.<\/div>\n<\/div>\n<\/div>\n<div class=\"row mb-2 iconolana\">\n<div class=\"col-2 text-center divimg_iconolana\">\n<div><img decoding=\"async\" class=\"img_iconolana\" title=\"100% Organic Cotton\" src=\"https:\/\/www.katia.com\/files\/img\/pict-organiccotton.jpg\" alt=\"100% Organic Cotton\" border=\"0\" \/><\/div>\n<\/div>\n<div class=\"col-9 text-left txt_iconolana\">100% Algod\u00f3n Org\u00e1nico de m\u00e1xima calidad. El algod\u00f3n org\u00e1nico certificado es la fibra de algod\u00f3n que ha sido cultivada sin pesticidas y sin fertilizantes, a trav\u00e9s de un proceso que preserva la biodiversidad, los ciclos biol\u00f3gicos y el bienestar del suelo.<\/div>\n<\/div>\n<div>\n<ul class=\"nav nav-tabs list-inline clearfix tabs-info text-center\" role=\"tablist\">\n<li class=\"nav-item\" role=\"presentation\"><a class=\"nav-link active\" role=\"tab\" href=\"https:\/\/www.katia.com\/ES\/area\/shop-ap\/?fabric-purest-cotton-knit-2177-5.html#info\" aria-controls=\"info\" aria-selected=\"true\" data-toggle=\"tab\"><img decoding=\"async\" class=\"img-responsive img-fluid center-block icon-tab\" src=\"https:\/\/www.katia.com\/imgs\/icon-compra.png\" alt=\"icon compra\" \/><br \/>\nInformaci\u00f3n<\/a><\/li>\n<\/ul>\n<div class=\"tab-content\">\n<div id=\"info\" class=\"tab-pane fade show active \" role=\"tabpanel\">\n<div class=\"row\">\n<div class=\"col-md-12\">\n<div>\n<p>-Aguja para Jersey, SUK punta de bola\/ grosor: 70\/80<\/p>\n<p>-Confeccionar con tensi\u00f3n baja en el hilo superior de la m\u00e1quina de coser y puntada peque\u00f1a para que cuando estiremos las costuras no se rompa el pespunte. Evitar estirar el tejido al confeccionar para que no cedan las costuras.<\/p>\n<p>-Si se dispone de maquina overlock, ideal para todas las costuras, ajustar el diferencial hasta que veamos que el tejido no se estira. Confeccionar los dobladillos con aguja gemela para Jersey.<\/p>\n<p>-Vaporizar o lavar antes de cortar y confeccionar.<\/p>\n<\/div>\n<\/div>\n<\/div>\n<\/div>\n<\/div>\n<\/div>\n","protected":false},"featured_media":11025,"comment_status":"open","ping_status":"closed","template":"","meta":[],"product_brand":[],"product_cat":[96,49],"product_tag":[],"class_list":{"0":"post-11029","1":"product","2":"type-product","3":"status-publish","4":"has-post-thumbnail","6":"product_cat-katia","7":"product_cat-puntos-de-algodon","9":"first","10":"instock","11":"sale","12":"taxable","13":"shipping-taxable","14":"purchasable","15":"product-type-simple","16":"add-to-wishlist-after_add_to_cart"},"jetpack_sharing_enabled":true,"_links":{"self":[{"href":"https:\/\/www.tejidosanacordoba.es\/index.php\/wp-json\/wp\/v2\/product\/11029","targetHints":{"allow":["GET"]}}],"collection":[{"href":"https:\/\/www.tejidosanacordoba.es\/index.php\/wp-json\/wp\/v2\/product"}],"about":[{"href":"https:\/\/www.tejidosanacordoba.es\/index.php\/wp-json\/wp\/v2\/types\/product"}],"replies":[{"embeddable":true,"href":"https:\/\/www.tejidosanacordoba.es\/index.php\/wp-json\/wp\/v2\/comments?post=11029"}],"version-history":[{"count":1,"href":"https:\/\/www.tejidosanacordoba.es\/index.php\/wp-json\/wp\/v2\/product\/11029\/revisions"}],"predecessor-version":[{"id":11030,"href":"https:\/\/www.tejidosanacordoba.es\/index.php\/wp-json\/wp\/v2\/product\/11029\/revisions\/11030"}],"wp:featuredmedia":[{"embeddable":true,"href":"https:\/\/www.tejidosanacordoba.es\/index.php\/wp-json\/wp\/v2\/media\/11025"}],"wp:attachment":[{"href":"https:\/\/www.tejidosanacordoba.es\/index.php\/wp-json\/wp\/v2\/media?parent=11029"}],"wp:term":[{"taxonomy":"product_brand","embeddable":true,"href":"https:\/\/www.tejidosanacordoba.es\/index.php\/wp-json\/wp\/v2\/product_brand?post=11029"},{"taxonomy":"product_cat","embeddable":true,"href":"https:\/\/www.tejidosanacordoba.es\/index.php\/wp-json\/wp\/v2\/product_cat?post=11029"},{"taxonomy":"product_tag","embeddable":true,"href":"https:\/\/www.tejidosanacordoba.es\/index.php\/wp-json\/wp\/v2\/product_tag?post=11029"}],"curies":[{"name":"wp","href":"https:\/\/api.w.org\/{rel}","templated":true}]}}