{"id":11125,"date":"2023-09-22T12:24:56","date_gmt":"2023-09-22T11:24:56","guid":{"rendered":"https:\/\/www.tejidosanacordoba.es\/?post_type=product&#038;p=11125"},"modified":"2024-12-13T13:07:52","modified_gmt":"2024-12-13T12:07:52","slug":"estuche-para-ganchillos-con-cremallera-katia-100-you","status":"publish","type":"product","link":"https:\/\/www.tejidosanacordoba.es\/index.php\/producto\/estuche-para-ganchillos-con-cremallera-katia-100-you\/","title":{"rendered":"Estuche para ganchillos con cremallera Katia 100% You"},"content":{"rendered":"","protected":false},"excerpt":{"rendered":"<p>Ordena y protege tus ganchillos en este pr\u00e1ctico estuche handmade con cierre de cremallera negra de pl\u00e1stico. Todos los estuches y bolsa de labores de la colecci\u00f3n Katia 100% You est\u00e1n dise\u00f1ados y confeccionados por costureras de Barcelona con resistente tela de canvas reciclado de Katia Fabrics y adornados con una etiqueta de algod\u00f3n Katia 100% You. Su dise\u00f1o est\u00e1 pensado para guardar hasta 12 ganchillos con mango ergon\u00f3mico de Katia. Cuenta con un bolsillo exterior extra para meter marcapuntos, tijeras, agujas laneras&#8230; todos los b\u00e1sicos para hacer tus proyectos de crochet. Medidas: 15 cerrado \/ 30 abierto x 22 x 1,5 cm.<\/p>\n<p>No incluye ganchillos\/agujas<\/p>\n","protected":false},"featured_media":11115,"comment_status":"open","ping_status":"closed","template":"","meta":[],"product_brand":[],"product_cat":[115,69],"product_tag":[],"class_list":{"0":"post-11125","1":"product","2":"type-product","3":"status-publish","4":"has-post-thumbnail","6":"product_cat-accesorios","7":"product_cat-lanas","9":"first","10":"instock","11":"sale","12":"taxable","13":"shipping-taxable","14":"purchasable","15":"product-type-simple","16":"add-to-wishlist-after_add_to_cart"},"jetpack_sharing_enabled":true,"_links":{"self":[{"href":"https:\/\/www.tejidosanacordoba.es\/index.php\/wp-json\/wp\/v2\/product\/11125","targetHints":{"allow":["GET"]}}],"collection":[{"href":"https:\/\/www.tejidosanacordoba.es\/index.php\/wp-json\/wp\/v2\/product"}],"about":[{"href":"https:\/\/www.tejidosanacordoba.es\/index.php\/wp-json\/wp\/v2\/types\/product"}],"replies":[{"embeddable":true,"href":"https:\/\/www.tejidosanacordoba.es\/index.php\/wp-json\/wp\/v2\/comments?post=11125"}],"version-history":[{"count":1,"href":"https:\/\/www.tejidosanacordoba.es\/index.php\/wp-json\/wp\/v2\/product\/11125\/revisions"}],"predecessor-version":[{"id":11126,"href":"https:\/\/www.tejidosanacordoba.es\/index.php\/wp-json\/wp\/v2\/product\/11125\/revisions\/11126"}],"wp:featuredmedia":[{"embeddable":true,"href":"https:\/\/www.tejidosanacordoba.es\/index.php\/wp-json\/wp\/v2\/media\/11115"}],"wp:attachment":[{"href":"https:\/\/www.tejidosanacordoba.es\/index.php\/wp-json\/wp\/v2\/media?parent=11125"}],"wp:term":[{"taxonomy":"product_brand","embeddable":true,"href":"https:\/\/www.tejidosanacordoba.es\/index.php\/wp-json\/wp\/v2\/product_brand?post=11125"},{"taxonomy":"product_cat","embeddable":true,"href":"https:\/\/www.tejidosanacordoba.es\/index.php\/wp-json\/wp\/v2\/product_cat?post=11125"},{"taxonomy":"product_tag","embeddable":true,"href":"https:\/\/www.tejidosanacordoba.es\/index.php\/wp-json\/wp\/v2\/product_tag?post=11125"}],"curies":[{"name":"wp","href":"https:\/\/api.w.org\/{rel}","templated":true}]}}