{"id":11153,"date":"2023-09-26T21:07:48","date_gmt":"2023-09-26T20:07:48","guid":{"rendered":"https:\/\/www.tejidosanacordoba.es\/?post_type=product&#038;p=11153"},"modified":"2023-09-26T21:07:49","modified_gmt":"2023-09-26T20:07:49","slug":"izu-12-1","status":"publish","type":"product","link":"https:\/\/www.tejidosanacordoba.es\/index.php\/producto\/izu-12-1\/","title":{"rendered":"Izu 12.1"},"content":{"rendered":"","protected":false},"excerpt":{"rendered":"<p>Tejido de viyela.<\/p>\n<p>Composici\u00f3n es 100% algod\u00f3n.<\/p>\n<p>Una tela con cuerpo y con un tacto suave.<\/p>\n<p>El tejido perfecto para realizar prendas originales con un dise\u00f1o \u00fanico que har\u00e1 de esa prenda hecha por ti, algo muy especial.<\/p>\n<p>Tambi\u00e9n puedes combinarlas con nuestras lana katia, por ejemplo con las lanas 100%.que aparecen en las fotos.<\/p>\n<p>Colores azules, beig, camel y fondo azul.<\/p>\n<p>145cm \u2013 150gr\/mt2<\/p>\n<p>Los colores pueden variar seg\u00fan el dispositivo que se vean.<\/p>\n","protected":false},"featured_media":11146,"comment_status":"open","ping_status":"closed","template":"","meta":[],"product_brand":[],"product_cat":[77],"product_tag":[],"class_list":{"0":"post-11153","1":"product","2":"type-product","3":"status-publish","4":"has-post-thumbnail","6":"product_cat-viella","8":"first","9":"instock","10":"taxable","11":"shipping-taxable","12":"purchasable","13":"product-type-simple","14":"add-to-wishlist-after_add_to_cart"},"jetpack_sharing_enabled":true,"_links":{"self":[{"href":"https:\/\/www.tejidosanacordoba.es\/index.php\/wp-json\/wp\/v2\/product\/11153","targetHints":{"allow":["GET"]}}],"collection":[{"href":"https:\/\/www.tejidosanacordoba.es\/index.php\/wp-json\/wp\/v2\/product"}],"about":[{"href":"https:\/\/www.tejidosanacordoba.es\/index.php\/wp-json\/wp\/v2\/types\/product"}],"replies":[{"embeddable":true,"href":"https:\/\/www.tejidosanacordoba.es\/index.php\/wp-json\/wp\/v2\/comments?post=11153"}],"version-history":[{"count":1,"href":"https:\/\/www.tejidosanacordoba.es\/index.php\/wp-json\/wp\/v2\/product\/11153\/revisions"}],"predecessor-version":[{"id":11154,"href":"https:\/\/www.tejidosanacordoba.es\/index.php\/wp-json\/wp\/v2\/product\/11153\/revisions\/11154"}],"wp:featuredmedia":[{"embeddable":true,"href":"https:\/\/www.tejidosanacordoba.es\/index.php\/wp-json\/wp\/v2\/media\/11146"}],"wp:attachment":[{"href":"https:\/\/www.tejidosanacordoba.es\/index.php\/wp-json\/wp\/v2\/media?parent=11153"}],"wp:term":[{"taxonomy":"product_brand","embeddable":true,"href":"https:\/\/www.tejidosanacordoba.es\/index.php\/wp-json\/wp\/v2\/product_brand?post=11153"},{"taxonomy":"product_cat","embeddable":true,"href":"https:\/\/www.tejidosanacordoba.es\/index.php\/wp-json\/wp\/v2\/product_cat?post=11153"},{"taxonomy":"product_tag","embeddable":true,"href":"https:\/\/www.tejidosanacordoba.es\/index.php\/wp-json\/wp\/v2\/product_tag?post=11153"}],"curies":[{"name":"wp","href":"https:\/\/api.w.org\/{rel}","templated":true}]}}