{"id":11626,"date":"2024-01-31T17:36:06","date_gmt":"2024-01-31T16:36:06","guid":{"rendered":"https:\/\/www.tejidosanacordoba.es\/?post_type=product&#038;p=11626"},"modified":"2024-01-31T19:44:10","modified_gmt":"2024-01-31T18:44:10","slug":"felpa-summer-sweat-ships-pastel","status":"publish","type":"product","link":"https:\/\/www.tejidosanacordoba.es\/index.php\/producto\/felpa-summer-sweat-ships-pastel\/","title":{"rendered":"FELPA SUMMER SWEAT SHIPS PASTEL"},"content":{"rendered":"","protected":false},"excerpt":{"rendered":"<p>95% Algod\u00f3n &#8211; 5% Elast\u00e1n<\/p>\n<p>-Aguja para Jersey, SUK punta de bola, grosor: 70\/80<br \/>\n-Confeccionar con tensi\u00f3n baja en el hilo superior de la m\u00e1quina de coser y puntada peque\u00f1a para que cuando estiremos las costuras no se rompa el pespunte. Evitar estirar el tejido al confeccionar para que no cedan las costuras.<br \/>\n-Si se dispone de maquina overlook, ideal para todas las costuras, ajustando el diferencial hasta que veamos que el tejido no se estira.<br \/>\n-Dobladillos con aguja gemela para Jersey.<br \/>\n-Vaporizar o lavar antes de cortar y confeccionar.<br \/>\n-Los estampados con Glitter del Sweat Gold, plancharlos siempre por el rev\u00e9s del tejido.<\/p>\n<div class=\"lana-details-gris\">150-155cm &#8211; 250gr\/mt2<\/div>\n<p>&nbsp;<\/p>\n<div class=\"lana-details\">\n<div><img decoding=\"async\" title=\"Lavable a m\u00e1quina 30\u00ba\" src=\"https:\/\/www.katia.com\/files\/img\/pict-LAVMAQ30.jpg\" alt=\"Lavable a m\u00e1quina 30\u00ba\" width=\"44\" height=\"36\" align=\"left\" border=\"0\" \/><\/div>\n<div><img decoding=\"async\" title=\"No lej\u00eda\" src=\"https:\/\/www.katia.com\/files\/img\/pict-NOLEJIA.jpg\" alt=\"No lej\u00eda\" width=\"44\" height=\"36\" align=\"left\" border=\"0\" \/><\/div>\n<div><img decoding=\"async\" title=\"No secar en secadora\" src=\"https:\/\/www.katia.com\/files\/img\/pict-NOSECSEC.jpg\" alt=\"No secar en secadora\" width=\"44\" height=\"36\" align=\"left\" border=\"0\" \/><\/div>\n<div><img loading=\"lazy\" decoding=\"async\" title=\"Lavable en seco\" src=\"https:\/\/www.katia.com\/files\/img\/pict-LAVSEC.jpg\" alt=\"Lavable en seco\" width=\"44\" height=\"36\" align=\"left\" border=\"0\" \/><\/div>\n<div><img loading=\"lazy\" decoding=\"async\" title=\"Planchar m\u00e1x. 110\u00ba\" src=\"https:\/\/www.katia.com\/files\/img\/pict-PL110.jpg\" alt=\"Planchar m\u00e1x. 110\u00ba\" width=\"44\" height=\"36\" align=\"left\" border=\"0\" \/><\/div>\n<\/div>\n<p class=\"description-product\"><span class=\"desctela\">Tela de felpa de verano de gran suavidad, es un tejido compuesto de algod\u00f3n y un peque\u00f1o porcentaje de elast\u00e1n para darle mayor flexibilidad y comodidad. El tejido de felpa Summer Sweat Ships pastel de Katia Fabrics presenta un divertido estampado de barcos, es un tejido de sudadera muy c\u00f3modo ideal para que cosas vestidos y sudaderas para esta primavera verano.<\/span><\/p>\n<p>&nbsp;<\/p>\n","protected":false},"featured_media":11622,"comment_status":"open","ping_status":"closed","template":"","meta":[],"product_brand":[],"product_cat":[96,49],"product_tag":[],"class_list":{"0":"post-11626","1":"product","2":"type-product","3":"status-publish","4":"has-post-thumbnail","6":"product_cat-katia","7":"product_cat-puntos-de-algodon","9":"first","10":"instock","11":"sale","12":"taxable","13":"shipping-taxable","14":"purchasable","15":"product-type-simple","16":"add-to-wishlist-after_add_to_cart"},"jetpack_sharing_enabled":true,"_links":{"self":[{"href":"https:\/\/www.tejidosanacordoba.es\/index.php\/wp-json\/wp\/v2\/product\/11626","targetHints":{"allow":["GET"]}}],"collection":[{"href":"https:\/\/www.tejidosanacordoba.es\/index.php\/wp-json\/wp\/v2\/product"}],"about":[{"href":"https:\/\/www.tejidosanacordoba.es\/index.php\/wp-json\/wp\/v2\/types\/product"}],"replies":[{"embeddable":true,"href":"https:\/\/www.tejidosanacordoba.es\/index.php\/wp-json\/wp\/v2\/comments?post=11626"}],"version-history":[{"count":1,"href":"https:\/\/www.tejidosanacordoba.es\/index.php\/wp-json\/wp\/v2\/product\/11626\/revisions"}],"predecessor-version":[{"id":11627,"href":"https:\/\/www.tejidosanacordoba.es\/index.php\/wp-json\/wp\/v2\/product\/11626\/revisions\/11627"}],"wp:featuredmedia":[{"embeddable":true,"href":"https:\/\/www.tejidosanacordoba.es\/index.php\/wp-json\/wp\/v2\/media\/11622"}],"wp:attachment":[{"href":"https:\/\/www.tejidosanacordoba.es\/index.php\/wp-json\/wp\/v2\/media?parent=11626"}],"wp:term":[{"taxonomy":"product_brand","embeddable":true,"href":"https:\/\/www.tejidosanacordoba.es\/index.php\/wp-json\/wp\/v2\/product_brand?post=11626"},{"taxonomy":"product_cat","embeddable":true,"href":"https:\/\/www.tejidosanacordoba.es\/index.php\/wp-json\/wp\/v2\/product_cat?post=11626"},{"taxonomy":"product_tag","embeddable":true,"href":"https:\/\/www.tejidosanacordoba.es\/index.php\/wp-json\/wp\/v2\/product_tag?post=11626"}],"curies":[{"name":"wp","href":"https:\/\/api.w.org\/{rel}","templated":true}]}}