{"id":12003,"date":"2024-04-08T12:54:12","date_gmt":"2024-04-08T11:54:12","guid":{"rendered":"https:\/\/www.tejidosanacordoba.es\/?post_type=product&#038;p=12003"},"modified":"2024-04-08T12:54:12","modified_gmt":"2024-04-08T11:54:12","slug":"jersey-solid-colors-aw-red","status":"publish","type":"product","link":"https:\/\/www.tejidosanacordoba.es\/index.php\/producto\/jersey-solid-colors-aw-red\/","title":{"rendered":"Jersey Solid Colors AW Red"},"content":{"rendered":"","protected":false},"excerpt":{"rendered":"<p class=\"intro-description-product text-grey\">95% Algod\u00f3n \u2013 5% Elast\u00e1n<\/p>\n<div class=\"lana-details\">\n<div><img decoding=\"async\" title=\"Lavable a m\u00e1quina 30\u00ba\" src=\"https:\/\/www.katia.com\/files\/img\/pict-LAVMAQ30.jpg\" alt=\"Lavable a m\u00e1quina 30\u00ba\" width=\"44\" height=\"36\" align=\"left\" border=\"0\" \/><\/div>\n<div><img decoding=\"async\" title=\"No lej\u00eda\" src=\"https:\/\/www.katia.com\/files\/img\/pict-NOLEJIA.jpg\" alt=\"No lej\u00eda\" width=\"44\" height=\"36\" align=\"left\" border=\"0\" \/><\/div>\n<div><img decoding=\"async\" title=\"No secar en secadora\" src=\"https:\/\/www.katia.com\/files\/img\/pict-NOSECSEC.jpg\" alt=\"No secar en secadora\" width=\"44\" height=\"36\" align=\"left\" border=\"0\" \/><\/div>\n<div><img loading=\"lazy\" decoding=\"async\" title=\"Lavable en seco\" src=\"https:\/\/www.katia.com\/files\/img\/pict-LAVSEC.jpg\" alt=\"Lavable en seco\" width=\"44\" height=\"36\" align=\"left\" border=\"0\" \/><\/div>\n<div><img loading=\"lazy\" decoding=\"async\" title=\"Planchar m\u00e1x. 110\u00ba\" src=\"https:\/\/www.katia.com\/files\/img\/pict-PL110.jpg\" alt=\"Planchar m\u00e1x. 110\u00ba\" width=\"44\" height=\"36\" align=\"left\" border=\"0\" \/><\/div>\n<\/div>\n<div class=\"row mb-2 iconolana\">\n<div class=\"col-2 text-center divimg_iconolana\">\n<div><img decoding=\"async\" class=\"img_iconolana\" title=\"Oeko Tex Standard 100\" src=\"https:\/\/www.katia.com\/files\/img\/oeko-tex-standard-100-simbolo-web.jpg\" alt=\"Oeko Tex Standard 100\" border=\"0\" \/><\/div>\n<\/div>\n<div class=\"col-9 text-left txt_iconolana\">La certificaci\u00f3n STANDARD 100 by OEKO-TEX\u00aees la etiqueta ecol\u00f3gica l\u00edder mundial para productos textiles. Estos productos han sido evaluados y certificados por institutos reconocidos internacionalmente. Adem\u00e1s, con esta certificaci\u00f3n, se asegura al consumidor que los productos textiles han sido analizados controlando sustancias nocivas para la salud.<\/div>\n<div>-Aguja para Jersey, SUK punta de bola\/ grosor: 70\/80&nbsp;<\/p>\n<p>-Confeccionar con tensi\u00f3n baja en el hilo superior de la m\u00e1quina de coser y puntada peque\u00f1a para que cuando estiremos las costuras no se rompa el pespunte. Evitar estirar el tejido al confeccionar para que no cedan las costuras.<\/p>\n<p>-Si se dispone de maquina overlock, ideal para todas las costuras, ajustar el diferencial hasta que veamos que el tejido no se estira. Confeccionar los dobladillos con aguja gemela para Jersey.<\/p>\n<p>-Vaporizar o lavar antes de cortar y confeccionar.<\/p>\n<p>-Los estampados con Glitter del JERSEY GOLD, plancharlos siempre por el rev\u00e9s del tejido.<\/p>\n<\/div>\n<\/div>\n<div>-Aguja para Jersey, SUK punta de bola\/ grosor: 70\/80 -Confeccionar con tensi\u00f3n baja en el hilo superior de la m\u00e1quina de coser y puntada peque\u00f1a para que cuando estiremos las costuras no se rompa el pespunte. Evitar estirar el tejido al confeccionar para que no cedan las costuras. -Si se dispone de maquina overlock, ideal para todas las costuras, ajustar el diferencial hasta que veamos que el tejido no se estira. Confeccionar los dobladillos con aguja gemela para Jersey. -Vaporizar o lavar antes de cortar y confeccionar. -Los estampados con Glitter del JERSEY GOLD, plancharlos siempre por el rev\u00e9s del tejido.<\/div>\n<div><\/div>\n<div>Los colores pueden variar dependiendo el dispositivo con el que se vean.<\/div>\n","protected":false},"featured_media":11998,"comment_status":"open","ping_status":"closed","template":"","meta":[],"product_brand":[],"product_cat":[96,49],"product_tag":[],"class_list":{"0":"post-12003","1":"product","2":"type-product","3":"status-publish","4":"has-post-thumbnail","6":"product_cat-katia","7":"product_cat-puntos-de-algodon","9":"first","10":"instock","11":"taxable","12":"shipping-taxable","13":"purchasable","14":"product-type-simple","15":"add-to-wishlist-after_add_to_cart"},"jetpack_sharing_enabled":true,"_links":{"self":[{"href":"https:\/\/www.tejidosanacordoba.es\/index.php\/wp-json\/wp\/v2\/product\/12003","targetHints":{"allow":["GET"]}}],"collection":[{"href":"https:\/\/www.tejidosanacordoba.es\/index.php\/wp-json\/wp\/v2\/product"}],"about":[{"href":"https:\/\/www.tejidosanacordoba.es\/index.php\/wp-json\/wp\/v2\/types\/product"}],"replies":[{"embeddable":true,"href":"https:\/\/www.tejidosanacordoba.es\/index.php\/wp-json\/wp\/v2\/comments?post=12003"}],"version-history":[{"count":1,"href":"https:\/\/www.tejidosanacordoba.es\/index.php\/wp-json\/wp\/v2\/product\/12003\/revisions"}],"predecessor-version":[{"id":12004,"href":"https:\/\/www.tejidosanacordoba.es\/index.php\/wp-json\/wp\/v2\/product\/12003\/revisions\/12004"}],"wp:featuredmedia":[{"embeddable":true,"href":"https:\/\/www.tejidosanacordoba.es\/index.php\/wp-json\/wp\/v2\/media\/11998"}],"wp:attachment":[{"href":"https:\/\/www.tejidosanacordoba.es\/index.php\/wp-json\/wp\/v2\/media?parent=12003"}],"wp:term":[{"taxonomy":"product_brand","embeddable":true,"href":"https:\/\/www.tejidosanacordoba.es\/index.php\/wp-json\/wp\/v2\/product_brand?post=12003"},{"taxonomy":"product_cat","embeddable":true,"href":"https:\/\/www.tejidosanacordoba.es\/index.php\/wp-json\/wp\/v2\/product_cat?post=12003"},{"taxonomy":"product_tag","embeddable":true,"href":"https:\/\/www.tejidosanacordoba.es\/index.php\/wp-json\/wp\/v2\/product_tag?post=12003"}],"curies":[{"name":"wp","href":"https:\/\/api.w.org\/{rel}","templated":true}]}}