{"id":12164,"date":"2024-07-11T10:44:14","date_gmt":"2024-07-11T09:44:14","guid":{"rendered":"https:\/\/www.tejidosanacordoba.es\/?post_type=product&#038;p=12164"},"modified":"2024-08-14T21:46:52","modified_gmt":"2024-08-14T20:46:52","slug":"jersey-aw-prehistoric-move","status":"publish","type":"product","link":"https:\/\/www.tejidosanacordoba.es\/index.php\/producto\/jersey-aw-prehistoric-move\/","title":{"rendered":"Jersey AW Prehistoric Move"},"content":{"rendered":"","protected":false},"excerpt":{"rendered":"<p>-Aguja para Jersey, SUK punta de bola\/ grosor: 70\/80<br \/>\n-Confeccionar con tensi\u00f3n baja en el hilo superior de la m\u00e1quina de coser y puntada peque\u00f1a para que cuando estiremos las costuras no se rompa el pespunte. Evitar estirar el tejido al confeccionar para que no cedan las costuras.<br \/>\n-Si se dispone de maquina overlock, ideal para todas las costuras, ajustar el diferencial hasta que veamos que el tejido no se estira. Confeccionar los dobladillos con aguja gemela para Jersey.<br \/>\n-Vaporizar o lavar antes de cortar y confeccionar.<br \/>\n-Los estampados con Glitter del JERSEY GOLD, plancharlos siempre por el rev\u00e9s del tejido.<\/p>\n<p>95% Algod\u00f3n \u2013 5% Elast\u00e1n<\/p>\n<div class=\"lana-details-gris\">145-150cm \u2013 210gr\/mt2<\/div>\n<div><img decoding=\"async\" title=\"Lavable a m\u00e1quina 30\u00ba\" src=\"https:\/\/www.katia.com\/files\/img\/pict-LAVMAQ30.jpg\" alt=\"Lavable a m\u00e1quina 30\u00ba\" width=\"44\" height=\"36\" align=\"left\" border=\"0\" \/><\/div>\n<div><img decoding=\"async\" title=\"No lej\u00eda\" src=\"https:\/\/www.katia.com\/files\/img\/pict-NOLEJIA.jpg\" alt=\"No lej\u00eda\" width=\"44\" height=\"36\" align=\"left\" border=\"0\" \/><\/div>\n<div><img decoding=\"async\" title=\"No secar en secadora\" src=\"https:\/\/www.katia.com\/files\/img\/pict-NOSECSEC.jpg\" alt=\"No secar en secadora\" width=\"44\" height=\"36\" align=\"left\" border=\"0\" \/><\/div>\n<div><img loading=\"lazy\" decoding=\"async\" title=\"Lavable en seco\" src=\"https:\/\/www.katia.com\/files\/img\/pict-LAVSEC.jpg\" alt=\"Lavable en seco\" width=\"44\" height=\"36\" align=\"left\" border=\"0\" \/><\/div>\n<div><img loading=\"lazy\" decoding=\"async\" title=\"Planchar m\u00e1x. 110\u00ba\" src=\"https:\/\/www.katia.com\/files\/img\/pict-PL110.jpg\" alt=\"Planchar m\u00e1x. 110\u00ba\" width=\"44\" height=\"36\" align=\"left\" border=\"0\" \/><\/div>\n<div><\/div>\n<div><\/div>\n<div>\n<p class=\"description-product\"><span class=\"desctela\">Punto camiseta tipo jersey sobre un fondo blanco roto<\/span><span class=\"desctela\">.<\/span><\/p>\n<\/div>\n<p>Punto camiseta tipo jersey Prehistoric Move con un original estampado de animales prehistoricos sobre un fondo crudo. Este tejido de algod\u00f3n contiene un 5 % de elastano en su composici\u00f3n para aportar mayor confort y flexibilidad. Este suave y confortable tejido de punto de Katia Fabrics tiene un dise\u00f1o ideal para coser camisetas o pantalones para tus peques. Combina este punto de camiseta con la tela de punto Jersey en colores lisos de Katia Fabrics para conseguir un look de lo m\u00e1s c\u00f3modo.<\/p>\n<div class=\"col-2 text-center divimg_iconolana\">\n<div><img decoding=\"async\" class=\"img_iconolana\" title=\"Oeko Tex Standard 100\" src=\"https:\/\/www.katia.com\/files\/img\/oeko-tex-standard-100-simbolo-web.jpg\" alt=\"Oeko Tex Standard 100\" border=\"0\" \/><\/div>\n<\/div>\n<div class=\"col-9 text-left txt_iconolana\">La certificaci\u00f3n STANDARD 100 by OEKO-TEX\u00aees la etiqueta ecol\u00f3gica l\u00edder mundial para productos textiles. Estos productos han sido evaluados y certificados por institutos reconocidos internacionalmente. Adem\u00e1s, con esta certificaci\u00f3n, se asegura al consumidor que los productos textiles han sido analizados controlando sustancias nocivas para la salud.<\/div>\n","protected":false},"featured_media":12163,"comment_status":"open","ping_status":"closed","template":"","meta":[],"product_brand":[],"product_cat":[96,49],"product_tag":[],"class_list":{"0":"post-12164","1":"product","2":"type-product","3":"status-publish","4":"has-post-thumbnail","6":"product_cat-katia","7":"product_cat-puntos-de-algodon","9":"first","10":"instock","11":"taxable","12":"shipping-taxable","13":"purchasable","14":"product-type-simple","15":"add-to-wishlist-after_add_to_cart"},"jetpack_sharing_enabled":true,"_links":{"self":[{"href":"https:\/\/www.tejidosanacordoba.es\/index.php\/wp-json\/wp\/v2\/product\/12164","targetHints":{"allow":["GET"]}}],"collection":[{"href":"https:\/\/www.tejidosanacordoba.es\/index.php\/wp-json\/wp\/v2\/product"}],"about":[{"href":"https:\/\/www.tejidosanacordoba.es\/index.php\/wp-json\/wp\/v2\/types\/product"}],"replies":[{"embeddable":true,"href":"https:\/\/www.tejidosanacordoba.es\/index.php\/wp-json\/wp\/v2\/comments?post=12164"}],"version-history":[{"count":2,"href":"https:\/\/www.tejidosanacordoba.es\/index.php\/wp-json\/wp\/v2\/product\/12164\/revisions"}],"predecessor-version":[{"id":12520,"href":"https:\/\/www.tejidosanacordoba.es\/index.php\/wp-json\/wp\/v2\/product\/12164\/revisions\/12520"}],"wp:featuredmedia":[{"embeddable":true,"href":"https:\/\/www.tejidosanacordoba.es\/index.php\/wp-json\/wp\/v2\/media\/12163"}],"wp:attachment":[{"href":"https:\/\/www.tejidosanacordoba.es\/index.php\/wp-json\/wp\/v2\/media?parent=12164"}],"wp:term":[{"taxonomy":"product_brand","embeddable":true,"href":"https:\/\/www.tejidosanacordoba.es\/index.php\/wp-json\/wp\/v2\/product_brand?post=12164"},{"taxonomy":"product_cat","embeddable":true,"href":"https:\/\/www.tejidosanacordoba.es\/index.php\/wp-json\/wp\/v2\/product_cat?post=12164"},{"taxonomy":"product_tag","embeddable":true,"href":"https:\/\/www.tejidosanacordoba.es\/index.php\/wp-json\/wp\/v2\/product_tag?post=12164"}],"curies":[{"name":"wp","href":"https:\/\/api.w.org\/{rel}","templated":true}]}}