{"id":12665,"date":"2024-09-06T19:02:59","date_gmt":"2024-09-06T18:02:59","guid":{"rendered":"https:\/\/www.tejidosanacordoba.es\/?post_type=product&#038;p=12665"},"modified":"2024-09-06T19:03:00","modified_gmt":"2024-09-06T18:03:00","slug":"navidad-13-0","status":"publish","type":"product","link":"https:\/\/www.tejidosanacordoba.es\/index.php\/producto\/navidad-13-0\/","title":{"rendered":"Navidad 13.0"},"content":{"rendered":"","protected":false},"excerpt":{"rendered":"<p><span class=\"a-list-item\">\u00a0100% algod\u00f3n<\/span><\/p>\n<p>Ancho 150 cm<\/p>\n<p><span class=\"a-list-item\">T<\/span><span class=\"a-list-item\">elas con m\u00faltiples dise\u00f1os: Pap\u00e1 Noel,mu\u00f1eco de plomo,mu\u00f1eco de nieve, reno, nieve, conejos, etc\u2026..<\/span><\/p>\n<p><span class=\"a-list-item\">Se utiliza para cojines, almohadas, tela, colchas, patchwork, mu\u00f1ecas, \u00e1lbumes de recortes, ropa de cama infantil y otras costuras.<\/span><\/p>\n<p>Los colores pueden variar seg\u00fan el dispositivo que se vean<\/p>\n","protected":false},"featured_media":12656,"comment_status":"open","ping_status":"closed","template":"","meta":[],"product_brand":[],"product_cat":[105],"product_tag":[],"class_list":{"0":"post-12665","1":"product","2":"type-product","3":"status-publish","4":"has-post-thumbnail","6":"product_cat-navidad","8":"first","9":"instock","10":"taxable","11":"shipping-taxable","12":"purchasable","13":"product-type-simple","14":"add-to-wishlist-after_add_to_cart"},"jetpack_sharing_enabled":true,"_links":{"self":[{"href":"https:\/\/www.tejidosanacordoba.es\/index.php\/wp-json\/wp\/v2\/product\/12665","targetHints":{"allow":["GET"]}}],"collection":[{"href":"https:\/\/www.tejidosanacordoba.es\/index.php\/wp-json\/wp\/v2\/product"}],"about":[{"href":"https:\/\/www.tejidosanacordoba.es\/index.php\/wp-json\/wp\/v2\/types\/product"}],"replies":[{"embeddable":true,"href":"https:\/\/www.tejidosanacordoba.es\/index.php\/wp-json\/wp\/v2\/comments?post=12665"}],"version-history":[{"count":1,"href":"https:\/\/www.tejidosanacordoba.es\/index.php\/wp-json\/wp\/v2\/product\/12665\/revisions"}],"predecessor-version":[{"id":12666,"href":"https:\/\/www.tejidosanacordoba.es\/index.php\/wp-json\/wp\/v2\/product\/12665\/revisions\/12666"}],"wp:featuredmedia":[{"embeddable":true,"href":"https:\/\/www.tejidosanacordoba.es\/index.php\/wp-json\/wp\/v2\/media\/12656"}],"wp:attachment":[{"href":"https:\/\/www.tejidosanacordoba.es\/index.php\/wp-json\/wp\/v2\/media?parent=12665"}],"wp:term":[{"taxonomy":"product_brand","embeddable":true,"href":"https:\/\/www.tejidosanacordoba.es\/index.php\/wp-json\/wp\/v2\/product_brand?post=12665"},{"taxonomy":"product_cat","embeddable":true,"href":"https:\/\/www.tejidosanacordoba.es\/index.php\/wp-json\/wp\/v2\/product_cat?post=12665"},{"taxonomy":"product_tag","embeddable":true,"href":"https:\/\/www.tejidosanacordoba.es\/index.php\/wp-json\/wp\/v2\/product_tag?post=12665"}],"curies":[{"name":"wp","href":"https:\/\/api.w.org\/{rel}","templated":true}]}}