{"id":12830,"date":"2024-12-01T12:02:32","date_gmt":"2024-12-01T11:02:32","guid":{"rendered":"https:\/\/www.tejidosanacordoba.es\/?post_type=product&#038;p=12830"},"modified":"2024-12-01T12:02:32","modified_gmt":"2024-12-01T11:02:32","slug":"izu-6-0","status":"publish","type":"product","link":"https:\/\/www.tejidosanacordoba.es\/index.php\/producto\/izu-6-0\/","title":{"rendered":"Izu 6.0"},"content":{"rendered":"","protected":false},"excerpt":{"rendered":"<p>Composici\u00f3n es 100% algod\u00f3n.<\/p>\n<p>150 cm de ancho<\/p>\n<p>Una tela con cuerpo y con un tacto suave.<\/p>\n<p>El tejido perfecto para realizar prendas originales con un dise\u00f1o \u00fanico que har\u00e1 de esa prenda hecha por ti, algo muy especial..<\/p>\n<p>Tambi\u00e9n puedes combinarlas con nuestras lana katia 100% merino.<\/p>\n<p>Colores varios ,sobre fondo beig.<\/p>\n<p>145cm \u2013 150gr\/mt2<\/p>\n<p>Los colores pueden variar seg\u00fan el dispositivo que se vean.<\/p>\n","protected":false},"featured_media":12826,"comment_status":"open","ping_status":"closed","template":"","meta":[],"product_brand":[],"product_cat":[77],"product_tag":[],"class_list":{"0":"post-12830","1":"product","2":"type-product","3":"status-publish","4":"has-post-thumbnail","6":"product_cat-viella","8":"first","9":"instock","10":"taxable","11":"shipping-taxable","12":"purchasable","13":"product-type-simple","14":"add-to-wishlist-after_add_to_cart"},"jetpack_sharing_enabled":true,"_links":{"self":[{"href":"https:\/\/www.tejidosanacordoba.es\/index.php\/wp-json\/wp\/v2\/product\/12830","targetHints":{"allow":["GET"]}}],"collection":[{"href":"https:\/\/www.tejidosanacordoba.es\/index.php\/wp-json\/wp\/v2\/product"}],"about":[{"href":"https:\/\/www.tejidosanacordoba.es\/index.php\/wp-json\/wp\/v2\/types\/product"}],"replies":[{"embeddable":true,"href":"https:\/\/www.tejidosanacordoba.es\/index.php\/wp-json\/wp\/v2\/comments?post=12830"}],"version-history":[{"count":1,"href":"https:\/\/www.tejidosanacordoba.es\/index.php\/wp-json\/wp\/v2\/product\/12830\/revisions"}],"predecessor-version":[{"id":12831,"href":"https:\/\/www.tejidosanacordoba.es\/index.php\/wp-json\/wp\/v2\/product\/12830\/revisions\/12831"}],"wp:featuredmedia":[{"embeddable":true,"href":"https:\/\/www.tejidosanacordoba.es\/index.php\/wp-json\/wp\/v2\/media\/12826"}],"wp:attachment":[{"href":"https:\/\/www.tejidosanacordoba.es\/index.php\/wp-json\/wp\/v2\/media?parent=12830"}],"wp:term":[{"taxonomy":"product_brand","embeddable":true,"href":"https:\/\/www.tejidosanacordoba.es\/index.php\/wp-json\/wp\/v2\/product_brand?post=12830"},{"taxonomy":"product_cat","embeddable":true,"href":"https:\/\/www.tejidosanacordoba.es\/index.php\/wp-json\/wp\/v2\/product_cat?post=12830"},{"taxonomy":"product_tag","embeddable":true,"href":"https:\/\/www.tejidosanacordoba.es\/index.php\/wp-json\/wp\/v2\/product_tag?post=12830"}],"curies":[{"name":"wp","href":"https:\/\/api.w.org\/{rel}","templated":true}]}}