{"id":12864,"date":"2024-12-13T14:05:33","date_gmt":"2024-12-13T13:05:33","guid":{"rendered":"https:\/\/www.tejidosanacordoba.es\/?post_type=product&#038;p=12864"},"modified":"2024-12-13T14:05:33","modified_gmt":"2024-12-13T13:05:33","slug":"especial-merino-baby-1","status":"publish","type":"product","link":"https:\/\/www.tejidosanacordoba.es\/index.php\/producto\/especial-merino-baby-1\/","title":{"rendered":"Especial Merino Baby 1"},"content":{"rendered":"","protected":false},"excerpt":{"rendered":"<p class=\"intro-description-product text-grey\">Merino Baby Oto\u00f1o \/ Invierno<\/p>\n<p>\u00a1Descubre la dulzura en cada punto tejido con Merino Baby, la revista dise\u00f1ada especialmente para mam\u00e1s y abuelas tejedoras! Este tesoro de 8 modelos propone chaquetas encantadoras, patucos, braguitas, gorro, jers\u00e9is y pantaloncitos, todos trabajados con el exquisito hilo redondo Katia Merino Baby, disponible en una amplia gama de 53 colores. Con chaquetas de cuello redondo, cuello pico y cruzadas, cada patr\u00f3n captura la magia de Merino Baby en cada p\u00e1gina. \u00a1Insp\u00edrate y teje amor para los m\u00e1s peque\u00f1os! Los modelos presentados tambi\u00e9n pueden ser tejidos en la calidad Peques.<\/p>\n","protected":false},"featured_media":12863,"comment_status":"open","ping_status":"closed","template":"","meta":[],"product_brand":[],"product_cat":[106],"product_tag":[],"class_list":{"0":"post-12864","1":"product","2":"type-product","3":"status-publish","4":"has-post-thumbnail","6":"product_cat-patrones-tejer","8":"first","9":"instock","10":"taxable","11":"shipping-taxable","12":"purchasable","13":"product-type-simple","14":"add-to-wishlist-after_add_to_cart"},"jetpack_sharing_enabled":true,"_links":{"self":[{"href":"https:\/\/www.tejidosanacordoba.es\/index.php\/wp-json\/wp\/v2\/product\/12864","targetHints":{"allow":["GET"]}}],"collection":[{"href":"https:\/\/www.tejidosanacordoba.es\/index.php\/wp-json\/wp\/v2\/product"}],"about":[{"href":"https:\/\/www.tejidosanacordoba.es\/index.php\/wp-json\/wp\/v2\/types\/product"}],"replies":[{"embeddable":true,"href":"https:\/\/www.tejidosanacordoba.es\/index.php\/wp-json\/wp\/v2\/comments?post=12864"}],"version-history":[{"count":1,"href":"https:\/\/www.tejidosanacordoba.es\/index.php\/wp-json\/wp\/v2\/product\/12864\/revisions"}],"predecessor-version":[{"id":12865,"href":"https:\/\/www.tejidosanacordoba.es\/index.php\/wp-json\/wp\/v2\/product\/12864\/revisions\/12865"}],"wp:featuredmedia":[{"embeddable":true,"href":"https:\/\/www.tejidosanacordoba.es\/index.php\/wp-json\/wp\/v2\/media\/12863"}],"wp:attachment":[{"href":"https:\/\/www.tejidosanacordoba.es\/index.php\/wp-json\/wp\/v2\/media?parent=12864"}],"wp:term":[{"taxonomy":"product_brand","embeddable":true,"href":"https:\/\/www.tejidosanacordoba.es\/index.php\/wp-json\/wp\/v2\/product_brand?post=12864"},{"taxonomy":"product_cat","embeddable":true,"href":"https:\/\/www.tejidosanacordoba.es\/index.php\/wp-json\/wp\/v2\/product_cat?post=12864"},{"taxonomy":"product_tag","embeddable":true,"href":"https:\/\/www.tejidosanacordoba.es\/index.php\/wp-json\/wp\/v2\/product_tag?post=12864"}],"curies":[{"name":"wp","href":"https:\/\/api.w.org\/{rel}","templated":true}]}}