{"id":13103,"date":"2025-01-16T16:36:08","date_gmt":"2025-01-16T15:36:08","guid":{"rendered":"https:\/\/www.tejidosanacordoba.es\/?post_type=product&#038;p=13103"},"modified":"2025-08-27T23:28:45","modified_gmt":"2025-08-27T22:28:45","slug":"washi-chic-102","status":"publish","type":"product","link":"https:\/\/www.tejidosanacordoba.es\/index.php\/producto\/washi-chic-102\/","title":{"rendered":"WASHI CHIC 102"},"content":{"rendered":"","protected":false},"excerpt":{"rendered":"<p>57% Poli\u00e9ster \u2013 23% Viscosa \u2013 20% Poliamida<br \/>\n100 g<\/p>\n<div class=\"description-product sidebar-box\">\n<p>Washi Chic, a\u00f1ade un toque de brillo a tus complementos m\u00e1s festivos. Teje bolsos a la moda para estas fiestas, adornos navide\u00f1os, clutchs modernos o guirnaldas festivas. Diviertete creando brillantes accesorios \u00a1perfecto para deslumbrar!<\/p>\n<\/div>\n<p>&nbsp;<\/p>\n<div class=\"description-product sidebar-box\">\n<p>Ovillo de 100 gramos y 145 metros. Se recomienda tejer con agujas del 6-7 mm o ganchillo del 6-7 mm. Para realizar un jersey de mujer de manga larga talla 42 se necesitan 5 ovillos. Para la muestra de 10x10cm trabajar 12 puntos y 18 vueltas. Lavable a m\u00e1quina hasta 30\u00b0C con centrifugado corto. No usar secadora.<\/p>\n<\/div>\n<div class=\"description-product \">\n<p>Incluye leaflet con dos modelos : un bolso con 2 ovillos y un clutch con 1 ovillo.<\/p>\n<p>Los colores pueden variar seg\u00fan el dispositivo en el que se vean.<\/p>\n<p>Para mas unidades de este producto, consulte con nuestra tienda a trav\u00e9s de correo electr\u00f3nico tejidos.ana.cordoba@gmail.com o WhatsApp 640 55 62 77.<\/p>\n<div><img decoding=\"async\" title=\"Limited Edition\" src=\"https:\/\/www.katia.com\/files\/img\/pict-limitededition.jpg\" alt=\"Limited Edition\" align=\"left\" border=\"0\" \/><\/div>\n<div><img decoding=\"async\" title=\"Lavable a m\u00e1quina 30\u00ba Programa Lana\" src=\"https:\/\/www.katia.com\/files\/img\/pict-LAVMAQ30PL.jpg\" alt=\"Lavable a m\u00e1quina 30\u00ba Programa Lana\" width=\"44\" height=\"36\" align=\"left\" border=\"0\" \/><\/div>\n<div><img decoding=\"async\" title=\"No lej\u00eda\" src=\"https:\/\/www.katia.com\/files\/img\/pict-NOLEJIA.jpg\" alt=\"No lej\u00eda\" width=\"44\" height=\"36\" align=\"left\" border=\"0\" \/><\/div>\n<div><img decoding=\"async\" title=\"No secar en secadora\" src=\"https:\/\/www.katia.com\/files\/img\/pict-NOSECSEC.jpg\" alt=\"No secar en secadora\" width=\"44\" height=\"36\" align=\"left\" border=\"0\" \/><\/div>\n<div><img loading=\"lazy\" decoding=\"async\" title=\"Lavable en seco\" src=\"https:\/\/www.katia.com\/files\/img\/pict-LAVSEC.jpg\" alt=\"Lavable en seco\" width=\"44\" height=\"36\" align=\"left\" border=\"0\" \/><\/div>\n<div><img loading=\"lazy\" decoding=\"async\" title=\"Secado horizontal sin tender\" src=\"https:\/\/www.katia.com\/files\/img\/pict-SECHORST.jpg\" alt=\"Secado horizontal sin tender\" width=\"44\" height=\"36\" align=\"left\" border=\"0\" \/><\/div>\n<div><img loading=\"lazy\" decoding=\"async\" title=\"Planchar m\u00e1x. 110\u00ba\" src=\"https:\/\/www.katia.com\/files\/img\/pict-PL110.jpg\" alt=\"Planchar m\u00e1x. 110\u00ba\" width=\"44\" height=\"36\" align=\"left\" border=\"0\" \/><\/div>\n<div><img loading=\"lazy\" decoding=\"async\" title=\"N\u00famero de ovillos necesarios para una prenda T:42, manga larga\" src=\"https:\/\/www.katia.com\/ES\/tools\/genera-simbolo\/?f=img\/pict-T42ML.jpg&amp;t=TALLA&amp;t1=5&amp;t2=T42\" alt=\"N\u00famero de ovillos necesarios para una prenda T:42, manga larga\" width=\"44\" height=\"36\" align=\"left\" border=\"0\" \/><\/div>\n<div><img loading=\"lazy\" decoding=\"async\" title=\"N\u00famero de ganchillo a emplear\" src=\"https:\/\/www.katia.com\/ES\/tools\/genera-simbolo\/?f=img\/pict-GANCHILLO.jpg&amp;t=GANCHILLO&amp;t1=6+-+7&amp;t2=K+10\" alt=\"N\u00famero de ganchillo a emplear\" width=\"44\" height=\"36\" align=\"left\" border=\"0\" \/><\/div>\n<div><img loading=\"lazy\" decoding=\"async\" title=\"N\u00famero de agujas a emplear\" src=\"https:\/\/www.katia.com\/ES\/tools\/genera-simbolo\/?f=img\/pict-AGUJAS.jpg&amp;t=AGUJAS&amp;t1=6+-+7&amp;t2=9+-+10+%C2%BD\" alt=\"N\u00famero de agujas a emplear\" width=\"44\" height=\"36\" align=\"left\" border=\"0\" \/><\/div>\n<div><img loading=\"lazy\" decoding=\"async\" title=\"Cuadrado de 10 x 10. Es el n\u00famero de puntos y vueltas necesarios para calcular los cms. de una prenda\" src=\"https:\/\/www.katia.com\/ES\/tools\/genera-simbolo\/?f=img\/pict-10x10.jpg&amp;t=TEJIDO&amp;t1=6+%C2%BD&amp;t2=18&amp;t3=12&amp;t4=10x10\" alt=\"Cuadrado de 10 x 10. Es el n\u00famero de puntos y vueltas necesarios para calcular los cms. de una prenda\" width=\"44\" height=\"36\" align=\"left\" border=\"0\" \/><\/div>\n<div><img loading=\"lazy\" decoding=\"async\" title=\"Boina doble flecha\" src=\"https:\/\/www.katia.com\/files\/img\/pict-BOINADF.jpg\" alt=\"Boina doble flecha\" width=\"44\" height=\"36\" align=\"left\" border=\"0\" \/><\/div>\n<div><img loading=\"lazy\" decoding=\"async\" title=\"\" src=\"https:\/\/www.katia.com\/files\/img\/pict-triman.jpg\" alt=\"\" width=\"44\" height=\"36\" align=\"left\" border=\"0\" \/><\/div>\n<div><img decoding=\"async\" src=\"https:\/\/www.katia.com\/files\/img\/weight-5.jpg\" width=\"41\" align=\"left\" border=\"0\" \/><\/div>\n<div>100 g \/ 3 \u00bd oz<br \/>\n145 m \/ 158 yd<\/div>\n<\/div>\n","protected":false},"featured_media":13099,"comment_status":"open","ping_status":"closed","template":"","meta":[],"product_brand":[],"product_cat":[69],"product_tag":[],"class_list":{"0":"post-13103","1":"product","2":"type-product","3":"status-publish","4":"has-post-thumbnail","6":"product_cat-lanas","8":"first","9":"instock","10":"sale","11":"taxable","12":"shipping-taxable","13":"purchasable","14":"product-type-simple","15":"add-to-wishlist-after_add_to_cart"},"jetpack_sharing_enabled":true,"_links":{"self":[{"href":"https:\/\/www.tejidosanacordoba.es\/index.php\/wp-json\/wp\/v2\/product\/13103","targetHints":{"allow":["GET"]}}],"collection":[{"href":"https:\/\/www.tejidosanacordoba.es\/index.php\/wp-json\/wp\/v2\/product"}],"about":[{"href":"https:\/\/www.tejidosanacordoba.es\/index.php\/wp-json\/wp\/v2\/types\/product"}],"replies":[{"embeddable":true,"href":"https:\/\/www.tejidosanacordoba.es\/index.php\/wp-json\/wp\/v2\/comments?post=13103"}],"version-history":[{"count":1,"href":"https:\/\/www.tejidosanacordoba.es\/index.php\/wp-json\/wp\/v2\/product\/13103\/revisions"}],"predecessor-version":[{"id":13104,"href":"https:\/\/www.tejidosanacordoba.es\/index.php\/wp-json\/wp\/v2\/product\/13103\/revisions\/13104"}],"wp:featuredmedia":[{"embeddable":true,"href":"https:\/\/www.tejidosanacordoba.es\/index.php\/wp-json\/wp\/v2\/media\/13099"}],"wp:attachment":[{"href":"https:\/\/www.tejidosanacordoba.es\/index.php\/wp-json\/wp\/v2\/media?parent=13103"}],"wp:term":[{"taxonomy":"product_brand","embeddable":true,"href":"https:\/\/www.tejidosanacordoba.es\/index.php\/wp-json\/wp\/v2\/product_brand?post=13103"},{"taxonomy":"product_cat","embeddable":true,"href":"https:\/\/www.tejidosanacordoba.es\/index.php\/wp-json\/wp\/v2\/product_cat?post=13103"},{"taxonomy":"product_tag","embeddable":true,"href":"https:\/\/www.tejidosanacordoba.es\/index.php\/wp-json\/wp\/v2\/product_tag?post=13103"}],"curies":[{"name":"wp","href":"https:\/\/api.w.org\/{rel}","templated":true}]}}