{"id":13147,"date":"2025-01-17T18:02:59","date_gmt":"2025-01-17T17:02:59","guid":{"rendered":"https:\/\/www.tejidosanacordoba.es\/?post_type=product&#038;p=13147"},"modified":"2025-01-17T18:05:05","modified_gmt":"2025-01-17T17:05:05","slug":"bloqueador-de-granny-squares","status":"publish","type":"product","link":"https:\/\/www.tejidosanacordoba.es\/index.php\/producto\/bloqueador-de-granny-squares\/","title":{"rendered":"Bloqueador de Granny Squares"},"content":{"rendered":"","protected":false},"excerpt":{"rendered":"<p>bt\u00e9n un resultado perfecto al bloquear tus granny squares con este bloqueador de cuadrados de ganchillo. La tabla de madera incluye 20 piezas met\u00e1licas, cada una de 10\u202fcm, y un set con 5 agujas para coser de 7\u202fcm de longitud. Esta tabla Katia 100% YOU incluye una peque\u00f1a bandeja para colocar las piezas met\u00e1licas; adem\u00e1s, en un lado hay grabada una regla con medidas en cent\u00edmetros y pulgadas. \u00a1Consigue grannys del tama\u00f1o necesario en cada uno de tus pr\u00f3ximos proyectos!<br \/>\nMedidas: 23,5\u202fcm x 23,5 cm y 1,5\u202fcm de altura.<\/p>\n","protected":false},"featured_media":13151,"comment_status":"open","ping_status":"closed","template":"","meta":[],"product_brand":[],"product_cat":[115],"product_tag":[],"class_list":{"0":"post-13147","1":"product","2":"type-product","3":"status-publish","4":"has-post-thumbnail","6":"product_cat-accesorios","8":"first","9":"instock","10":"taxable","11":"shipping-taxable","12":"purchasable","13":"product-type-simple","14":"add-to-wishlist-after_add_to_cart"},"jetpack_sharing_enabled":true,"_links":{"self":[{"href":"https:\/\/www.tejidosanacordoba.es\/index.php\/wp-json\/wp\/v2\/product\/13147","targetHints":{"allow":["GET"]}}],"collection":[{"href":"https:\/\/www.tejidosanacordoba.es\/index.php\/wp-json\/wp\/v2\/product"}],"about":[{"href":"https:\/\/www.tejidosanacordoba.es\/index.php\/wp-json\/wp\/v2\/types\/product"}],"replies":[{"embeddable":true,"href":"https:\/\/www.tejidosanacordoba.es\/index.php\/wp-json\/wp\/v2\/comments?post=13147"}],"version-history":[{"count":1,"href":"https:\/\/www.tejidosanacordoba.es\/index.php\/wp-json\/wp\/v2\/product\/13147\/revisions"}],"predecessor-version":[{"id":13148,"href":"https:\/\/www.tejidosanacordoba.es\/index.php\/wp-json\/wp\/v2\/product\/13147\/revisions\/13148"}],"wp:featuredmedia":[{"embeddable":true,"href":"https:\/\/www.tejidosanacordoba.es\/index.php\/wp-json\/wp\/v2\/media\/13151"}],"wp:attachment":[{"href":"https:\/\/www.tejidosanacordoba.es\/index.php\/wp-json\/wp\/v2\/media?parent=13147"}],"wp:term":[{"taxonomy":"product_brand","embeddable":true,"href":"https:\/\/www.tejidosanacordoba.es\/index.php\/wp-json\/wp\/v2\/product_brand?post=13147"},{"taxonomy":"product_cat","embeddable":true,"href":"https:\/\/www.tejidosanacordoba.es\/index.php\/wp-json\/wp\/v2\/product_cat?post=13147"},{"taxonomy":"product_tag","embeddable":true,"href":"https:\/\/www.tejidosanacordoba.es\/index.php\/wp-json\/wp\/v2\/product_tag?post=13147"}],"curies":[{"name":"wp","href":"https:\/\/api.w.org\/{rel}","templated":true}]}}