{"id":13230,"date":"2025-01-31T17:31:44","date_gmt":"2025-01-31T16:31:44","guid":{"rendered":"https:\/\/www.tejidosanacordoba.es\/?post_type=product&#038;p=13230"},"modified":"2025-01-31T17:31:44","modified_gmt":"2025-01-31T16:31:44","slug":"tejer-punto-103-katia","status":"publish","type":"product","link":"https:\/\/www.tejidosanacordoba.es\/index.php\/producto\/tejer-punto-103-katia\/","title":{"rendered":"Tejer punto 103 katia"},"content":{"rendered":"","protected":false},"excerpt":{"rendered":"<p>Descubre 37 patrones para tejer prendas en tallas de 2 a 12 a\u00f1os en la nueva revista Katia Ni\u00f1os 103. Jers\u00e9is, chaquetas, chalecos, gorros y vestidos de punto para jugar con toda libertad y divertirse con los amigos. Este oto\u00f1o-invierno 22\/23 teje desde los puntos m\u00e1s b\u00e1sicos hasta bonitos dise\u00f1os calados, puntos irlandeses o intarsia. Toma nota de las tendencias de moda infantil. Por un lado, colores suaves y naturales realzados con naranjas que combinan perfectamente con la naturaleza. Y, por otro lado, toques de colores vivos para iluminar motivos geom\u00e9tricos bicolores. Tambi\u00e9n unimos verdes agua y turquesas con rosas y naranjas dentro de la revista Katia Ni\u00f1os 103.<\/p>\n","protected":false},"featured_media":13229,"comment_status":"open","ping_status":"closed","template":"","meta":[],"product_brand":[],"product_cat":[69,106],"product_tag":[],"class_list":{"0":"post-13230","1":"product","2":"type-product","3":"status-publish","4":"has-post-thumbnail","6":"product_cat-lanas","7":"product_cat-patrones-tejer","9":"first","10":"instock","11":"sale","12":"taxable","13":"shipping-taxable","14":"purchasable","15":"product-type-simple","16":"add-to-wishlist-after_add_to_cart"},"jetpack_sharing_enabled":true,"_links":{"self":[{"href":"https:\/\/www.tejidosanacordoba.es\/index.php\/wp-json\/wp\/v2\/product\/13230","targetHints":{"allow":["GET"]}}],"collection":[{"href":"https:\/\/www.tejidosanacordoba.es\/index.php\/wp-json\/wp\/v2\/product"}],"about":[{"href":"https:\/\/www.tejidosanacordoba.es\/index.php\/wp-json\/wp\/v2\/types\/product"}],"replies":[{"embeddable":true,"href":"https:\/\/www.tejidosanacordoba.es\/index.php\/wp-json\/wp\/v2\/comments?post=13230"}],"version-history":[{"count":1,"href":"https:\/\/www.tejidosanacordoba.es\/index.php\/wp-json\/wp\/v2\/product\/13230\/revisions"}],"predecessor-version":[{"id":13231,"href":"https:\/\/www.tejidosanacordoba.es\/index.php\/wp-json\/wp\/v2\/product\/13230\/revisions\/13231"}],"wp:featuredmedia":[{"embeddable":true,"href":"https:\/\/www.tejidosanacordoba.es\/index.php\/wp-json\/wp\/v2\/media\/13229"}],"wp:attachment":[{"href":"https:\/\/www.tejidosanacordoba.es\/index.php\/wp-json\/wp\/v2\/media?parent=13230"}],"wp:term":[{"taxonomy":"product_brand","embeddable":true,"href":"https:\/\/www.tejidosanacordoba.es\/index.php\/wp-json\/wp\/v2\/product_brand?post=13230"},{"taxonomy":"product_cat","embeddable":true,"href":"https:\/\/www.tejidosanacordoba.es\/index.php\/wp-json\/wp\/v2\/product_cat?post=13230"},{"taxonomy":"product_tag","embeddable":true,"href":"https:\/\/www.tejidosanacordoba.es\/index.php\/wp-json\/wp\/v2\/product_tag?post=13230"}],"curies":[{"name":"wp","href":"https:\/\/api.w.org\/{rel}","templated":true}]}}