{"id":13365,"date":"2025-02-21T23:42:55","date_gmt":"2025-02-21T22:42:55","guid":{"rendered":"https:\/\/www.tejidosanacordoba.es\/?post_type=product&#038;p=13365"},"modified":"2025-02-21T23:42:55","modified_gmt":"2025-02-21T22:42:55","slug":"loneta-reciclada-efecto-tweed-en-color-crudo","status":"publish","type":"product","link":"https:\/\/www.tejidosanacordoba.es\/index.php\/producto\/loneta-reciclada-efecto-tweed-en-color-crudo\/","title":{"rendered":"loneta reciclada efecto Tweed en color crudo"},"content":{"rendered":"","protected":false},"excerpt":{"rendered":"<p>48% Poli\u00e9ster Reciclado &#8211; 33% Algod\u00f3n Reciclado &#8211; 19% Acr\u00edlico<\/p>\n<p>Aguja universal, grosor: 80\/90. Si se cosen muchos gruesos, al utilizar con entretelas duras o guatas, regular una mayor presi\u00f3n del prensatelas, o en su defecto utilizar una pata de doble arrastre. Recomendamos vaporizar o lavar el tejido antes de cortar y confeccionar.<\/p>\n<div class=\"lana-details\">\n<div><img decoding=\"async\" title=\"Algod\u00f3n\" src=\"https:\/\/www.katia.com\/files\/img\/pict-ALGODON.jpg\" alt=\"Algod\u00f3n\" align=\"left\" border=\"0\" \/><\/div>\n<div><img decoding=\"async\" title=\"Recycled\" src=\"https:\/\/www.katia.com\/files\/img\/pict-RECYCLED.jpg\" alt=\"Recycled\" align=\"left\" border=\"0\" \/><\/div>\n<div><img decoding=\"async\" title=\"Lavable a m\u00e1quina 30\u00ba\" src=\"https:\/\/www.katia.com\/files\/img\/pict-LAVMAQ30.jpg\" alt=\"Lavable a m\u00e1quina 30\u00ba\" width=\"44\" height=\"36\" align=\"left\" border=\"0\" \/><\/div>\n<div><img decoding=\"async\" title=\"No lej\u00eda\" src=\"https:\/\/www.katia.com\/files\/img\/pict-NOLEJIA.jpg\" alt=\"No lej\u00eda\" width=\"44\" height=\"36\" align=\"left\" border=\"0\" \/><\/div>\n<div><img decoding=\"async\" title=\"No secar en secadora\" src=\"https:\/\/www.katia.com\/files\/img\/pict-NOSECSEC.jpg\" alt=\"No secar en secadora\" width=\"44\" height=\"36\" align=\"left\" border=\"0\" \/><\/div>\n<div><img loading=\"lazy\" decoding=\"async\" title=\"Secar en la sombra\" src=\"https:\/\/www.katia.com\/files\/img\/pict-secar-en-la-sombra.jpg\" alt=\"Secar en la sombra\" width=\"44\" height=\"36\" align=\"left\" border=\"0\" \/><\/div>\n<div><img loading=\"lazy\" decoding=\"async\" title=\"Lavable en seco\" src=\"https:\/\/www.katia.com\/files\/img\/pict-LAVSEC.jpg\" alt=\"Lavable en seco\" width=\"44\" height=\"36\" align=\"left\" border=\"0\" \/><\/div>\n<div><img loading=\"lazy\" decoding=\"async\" title=\"Planchar m\u00e1x. 150\u00ba\" src=\"https:\/\/www.katia.com\/files\/img\/pict-PL150.jpg\" alt=\"Planchar m\u00e1x. 150\u00ba\" width=\"44\" height=\"36\" align=\"left\" border=\"0\" \/><\/div>\n<div><img decoding=\"async\" title=\"Oeko Tex Standard 100\" src=\"https:\/\/www.katia.com\/files\/img\/oeko-tex-standard-100-recycled-simbolo-web.jpg\" alt=\"Oeko Tex Standard 100\" align=\"left\" border=\"0\" \/><\/div>\n<div><img decoding=\"async\" title=\"Algod\u00f3n Reciclado\" src=\"https:\/\/www.katia.com\/files\/img\/pict-algreci.jpg\" alt=\"Algod\u00f3n Reciclado\" align=\"left\" border=\"0\" \/><\/div>\n<\/div>\n<p>&nbsp;<\/p>\n<p>&nbsp;<\/p>\n<p class=\"description-product\"><span class=\"desctela\">La tela Natural Tweed Recycled Canvas de Katia Fabrics es un tejido de loneta reciclado que combina rusticidad, suavidad y resistencia con un elegante efecto tweed en tonos naturales. Este tejido presenta un aspecto artesanal con un efecto jaspeado trabajado a mano que nos evoca al oriente, lo que le otorga una apariencia de tejidos reciclados muy en tendencia. Este material es ideal para una variedad de proyectos decorativos y de costura. Utiliza la Natural Tweed Recycled Canvas para confeccionar manteles, cojines, cortinas y otros accesorios decorativos, aportando un toque sofisticado y ecol\u00f3gico a tus creaciones. Adem\u00e1s, puedes combinar esta tela con otras de la colecci\u00f3n Canvas Recycled de Katia Fabrics para crear conjuntos armoniosos y sostenibles. Elige esta tela para tus proyectos y disfruta de sus beneficios en t\u00e9rminos de calidad, dise\u00f1o y compromiso con el medio ambiente.<\/span><\/p>\n<p>Los colores pueden variar seg\u00fan el dispositivo en el que se vean.<\/p>\n<p>Para mas unidades de este producto, consulte con nuestra tienda a trav\u00e9s de correo electr\u00f3nico tejidos.ana.cordoba@gmail.com o WhatsApp 640 55 62 77.<\/p>\n","protected":false},"featured_media":13299,"comment_status":"open","ping_status":"closed","template":"","meta":[],"product_brand":[],"product_cat":[96,40],"product_tag":[],"class_list":{"0":"post-13365","1":"product","2":"type-product","3":"status-publish","4":"has-post-thumbnail","6":"product_cat-katia","7":"product_cat-lonetas-lisas","9":"first","10":"instock","11":"taxable","12":"shipping-taxable","13":"purchasable","14":"product-type-simple","15":"add-to-wishlist-after_add_to_cart"},"jetpack_sharing_enabled":true,"_links":{"self":[{"href":"https:\/\/www.tejidosanacordoba.es\/index.php\/wp-json\/wp\/v2\/product\/13365","targetHints":{"allow":["GET"]}}],"collection":[{"href":"https:\/\/www.tejidosanacordoba.es\/index.php\/wp-json\/wp\/v2\/product"}],"about":[{"href":"https:\/\/www.tejidosanacordoba.es\/index.php\/wp-json\/wp\/v2\/types\/product"}],"replies":[{"embeddable":true,"href":"https:\/\/www.tejidosanacordoba.es\/index.php\/wp-json\/wp\/v2\/comments?post=13365"}],"version-history":[{"count":1,"href":"https:\/\/www.tejidosanacordoba.es\/index.php\/wp-json\/wp\/v2\/product\/13365\/revisions"}],"predecessor-version":[{"id":13366,"href":"https:\/\/www.tejidosanacordoba.es\/index.php\/wp-json\/wp\/v2\/product\/13365\/revisions\/13366"}],"wp:featuredmedia":[{"embeddable":true,"href":"https:\/\/www.tejidosanacordoba.es\/index.php\/wp-json\/wp\/v2\/media\/13299"}],"wp:attachment":[{"href":"https:\/\/www.tejidosanacordoba.es\/index.php\/wp-json\/wp\/v2\/media?parent=13365"}],"wp:term":[{"taxonomy":"product_brand","embeddable":true,"href":"https:\/\/www.tejidosanacordoba.es\/index.php\/wp-json\/wp\/v2\/product_brand?post=13365"},{"taxonomy":"product_cat","embeddable":true,"href":"https:\/\/www.tejidosanacordoba.es\/index.php\/wp-json\/wp\/v2\/product_cat?post=13365"},{"taxonomy":"product_tag","embeddable":true,"href":"https:\/\/www.tejidosanacordoba.es\/index.php\/wp-json\/wp\/v2\/product_tag?post=13365"}],"curies":[{"name":"wp","href":"https:\/\/api.w.org\/{rel}","templated":true}]}}