{"id":13817,"date":"2025-07-19T10:42:17","date_gmt":"2025-07-19T09:42:17","guid":{"rendered":"https:\/\/www.tejidosanacordoba.es\/?post_type=product&#038;p=13817"},"modified":"2025-07-19T10:42:17","modified_gmt":"2025-07-19T09:42:17","slug":"denin-honey-vaquero-panal","status":"publish","type":"product","link":"https:\/\/www.tejidosanacordoba.es\/index.php\/producto\/denin-honey-vaquero-panal\/","title":{"rendered":"DENIN HONEY VAQUERO PANAL"},"content":{"rendered":"","protected":false},"excerpt":{"rendered":"<p>Tela de nido de abeja vaquera de la marca Katia.<\/p>\n<p>Es ideal para bolsos, pantalones, faldas&#8230;<\/p>\n<p>Composici\u00f3n: 50% algod\u00f3n, 50% poli\u00e9ster.<\/p>\n<p>Ancho: 83 cm<\/p>\n<p>Densidad: 380 g\/m2<\/p>\n<p>Los colores pueden variar seg\u00fan el dispositivo en el que se vean.<\/p>\n<p>Para mas unidades de este producto, consulte con nuestra tienda a trav\u00e9s de correo electr\u00f3nico tejidos.ana.cordoba@gmail.com o WhatsApp 640 55 62 77.<\/p>\n<p>&nbsp;<\/p>\n","protected":false},"featured_media":13816,"comment_status":"open","ping_status":"closed","template":"","meta":[],"product_brand":[],"product_cat":[96,50],"product_tag":[],"class_list":{"0":"post-13817","1":"product","2":"type-product","3":"status-publish","4":"has-post-thumbnail","6":"product_cat-katia","7":"product_cat-tejido-vaquero","9":"first","10":"instock","11":"taxable","12":"shipping-taxable","13":"purchasable","14":"product-type-simple","15":"add-to-wishlist-after_add_to_cart"},"jetpack_sharing_enabled":true,"_links":{"self":[{"href":"https:\/\/www.tejidosanacordoba.es\/index.php\/wp-json\/wp\/v2\/product\/13817","targetHints":{"allow":["GET"]}}],"collection":[{"href":"https:\/\/www.tejidosanacordoba.es\/index.php\/wp-json\/wp\/v2\/product"}],"about":[{"href":"https:\/\/www.tejidosanacordoba.es\/index.php\/wp-json\/wp\/v2\/types\/product"}],"replies":[{"embeddable":true,"href":"https:\/\/www.tejidosanacordoba.es\/index.php\/wp-json\/wp\/v2\/comments?post=13817"}],"version-history":[{"count":1,"href":"https:\/\/www.tejidosanacordoba.es\/index.php\/wp-json\/wp\/v2\/product\/13817\/revisions"}],"predecessor-version":[{"id":13818,"href":"https:\/\/www.tejidosanacordoba.es\/index.php\/wp-json\/wp\/v2\/product\/13817\/revisions\/13818"}],"wp:featuredmedia":[{"embeddable":true,"href":"https:\/\/www.tejidosanacordoba.es\/index.php\/wp-json\/wp\/v2\/media\/13816"}],"wp:attachment":[{"href":"https:\/\/www.tejidosanacordoba.es\/index.php\/wp-json\/wp\/v2\/media?parent=13817"}],"wp:term":[{"taxonomy":"product_brand","embeddable":true,"href":"https:\/\/www.tejidosanacordoba.es\/index.php\/wp-json\/wp\/v2\/product_brand?post=13817"},{"taxonomy":"product_cat","embeddable":true,"href":"https:\/\/www.tejidosanacordoba.es\/index.php\/wp-json\/wp\/v2\/product_cat?post=13817"},{"taxonomy":"product_tag","embeddable":true,"href":"https:\/\/www.tejidosanacordoba.es\/index.php\/wp-json\/wp\/v2\/product_tag?post=13817"}],"curies":[{"name":"wp","href":"https:\/\/api.w.org\/{rel}","templated":true}]}}