{"id":13875,"date":"2025-08-08T12:50:12","date_gmt":"2025-08-08T11:50:12","guid":{"rendered":"https:\/\/www.tejidosanacordoba.es\/?post_type=product&#038;p=13875"},"modified":"2025-08-08T12:51:10","modified_gmt":"2025-08-08T11:51:10","slug":"cork-print-urban","status":"publish","type":"product","link":"https:\/\/www.tejidosanacordoba.es\/index.php\/producto\/cork-print-urban\/","title":{"rendered":"Cork Print Urban"},"content":{"rendered":"","protected":false},"excerpt":{"rendered":"<p>50% Corcho \u2013 50% Poli\u00e9ster<\/p>\n<p>Con el tejido de corcho Cork Print Marguerites de Katia Fabrics podr\u00e1s disfrutar de todas las caracter\u00edsticas del corcho, pero con el f\u00e1cil manejo de un tejido. Cose accesorios y complementos con este divertido tejido.<\/p>\n<p>-Aguja universal, grosor: 80\/90.<\/p>\n<p>65cm \u2013 150gr\/m<\/p>\n<p>-No planchar.<\/p>\n<div>\n<p>-Los estampados con Glitter del JERSEY GOLD, plancharlos siempre por el rev\u00e9s del tejido.<\/p>\n<\/div>\n<div>Los colores pueden variar dependiendo del dispositivo con el que se vean.<\/div>\n","protected":false},"featured_media":13874,"comment_status":"open","ping_status":"closed","template":"","meta":[],"product_brand":[],"product_cat":[98,85,96],"product_tag":[],"class_list":{"0":"post-13875","1":"product","2":"type-product","3":"status-publish","4":"has-post-thumbnail","6":"product_cat-ofertas","7":"product_cat-estabilizador","8":"product_cat-katia","10":"first","11":"instock","12":"sale","13":"taxable","14":"shipping-taxable","15":"purchasable","16":"product-type-simple","17":"add-to-wishlist-after_add_to_cart"},"jetpack_sharing_enabled":true,"_links":{"self":[{"href":"https:\/\/www.tejidosanacordoba.es\/index.php\/wp-json\/wp\/v2\/product\/13875","targetHints":{"allow":["GET"]}}],"collection":[{"href":"https:\/\/www.tejidosanacordoba.es\/index.php\/wp-json\/wp\/v2\/product"}],"about":[{"href":"https:\/\/www.tejidosanacordoba.es\/index.php\/wp-json\/wp\/v2\/types\/product"}],"replies":[{"embeddable":true,"href":"https:\/\/www.tejidosanacordoba.es\/index.php\/wp-json\/wp\/v2\/comments?post=13875"}],"version-history":[{"count":1,"href":"https:\/\/www.tejidosanacordoba.es\/index.php\/wp-json\/wp\/v2\/product\/13875\/revisions"}],"predecessor-version":[{"id":13876,"href":"https:\/\/www.tejidosanacordoba.es\/index.php\/wp-json\/wp\/v2\/product\/13875\/revisions\/13876"}],"wp:featuredmedia":[{"embeddable":true,"href":"https:\/\/www.tejidosanacordoba.es\/index.php\/wp-json\/wp\/v2\/media\/13874"}],"wp:attachment":[{"href":"https:\/\/www.tejidosanacordoba.es\/index.php\/wp-json\/wp\/v2\/media?parent=13875"}],"wp:term":[{"taxonomy":"product_brand","embeddable":true,"href":"https:\/\/www.tejidosanacordoba.es\/index.php\/wp-json\/wp\/v2\/product_brand?post=13875"},{"taxonomy":"product_cat","embeddable":true,"href":"https:\/\/www.tejidosanacordoba.es\/index.php\/wp-json\/wp\/v2\/product_cat?post=13875"},{"taxonomy":"product_tag","embeddable":true,"href":"https:\/\/www.tejidosanacordoba.es\/index.php\/wp-json\/wp\/v2\/product_tag?post=13875"}],"curies":[{"name":"wp","href":"https:\/\/api.w.org\/{rel}","templated":true}]}}