{"id":13934,"date":"2025-09-09T15:55:52","date_gmt":"2025-09-09T14:55:52","guid":{"rendered":"https:\/\/www.tejidosanacordoba.es\/?post_type=product&#038;p=13934"},"modified":"2025-09-09T15:55:52","modified_gmt":"2025-09-09T14:55:52","slug":"izu-9-0","status":"publish","type":"product","link":"https:\/\/www.tejidosanacordoba.es\/index.php\/producto\/izu-9-0\/","title":{"rendered":"Izu 9.0"},"content":{"rendered":"","protected":false},"excerpt":{"rendered":"<p>Composici\u00f3n es 100% algod\u00f3n.<\/p>\n<p>150 cm de ancho<\/p>\n<p>Una tela con cuerpo y con un tacto suave.<\/p>\n<p>El tejido perfecto para realizar prendas originales con un dise\u00f1o \u00fanico que har\u00e1 de esa prenda hecha por ti, algo muy especial..<\/p>\n<p>Tambi\u00e9n puedes combinarlas con nuestras lana katia 100% merino.<\/p>\n<p>Colores azules varios ,sobre fondo blanco.<\/p>\n<p>145cm \u2013 150gr\/mt2<\/p>\n<p>Los colores pueden variar seg\u00fan el dispositivo que se vean.<\/p>\n","protected":false},"featured_media":13930,"comment_status":"open","ping_status":"closed","template":"","meta":[],"product_brand":[],"product_cat":[37,77],"product_tag":[],"class_list":{"0":"post-13934","1":"product","2":"type-product","3":"status-publish","4":"has-post-thumbnail","6":"product_cat-estilo-liberty","7":"product_cat-viella","9":"first","10":"instock","11":"taxable","12":"shipping-taxable","13":"purchasable","14":"product-type-simple","15":"add-to-wishlist-after_add_to_cart"},"jetpack_sharing_enabled":true,"_links":{"self":[{"href":"https:\/\/www.tejidosanacordoba.es\/index.php\/wp-json\/wp\/v2\/product\/13934","targetHints":{"allow":["GET"]}}],"collection":[{"href":"https:\/\/www.tejidosanacordoba.es\/index.php\/wp-json\/wp\/v2\/product"}],"about":[{"href":"https:\/\/www.tejidosanacordoba.es\/index.php\/wp-json\/wp\/v2\/types\/product"}],"replies":[{"embeddable":true,"href":"https:\/\/www.tejidosanacordoba.es\/index.php\/wp-json\/wp\/v2\/comments?post=13934"}],"version-history":[{"count":1,"href":"https:\/\/www.tejidosanacordoba.es\/index.php\/wp-json\/wp\/v2\/product\/13934\/revisions"}],"predecessor-version":[{"id":13935,"href":"https:\/\/www.tejidosanacordoba.es\/index.php\/wp-json\/wp\/v2\/product\/13934\/revisions\/13935"}],"wp:featuredmedia":[{"embeddable":true,"href":"https:\/\/www.tejidosanacordoba.es\/index.php\/wp-json\/wp\/v2\/media\/13930"}],"wp:attachment":[{"href":"https:\/\/www.tejidosanacordoba.es\/index.php\/wp-json\/wp\/v2\/media?parent=13934"}],"wp:term":[{"taxonomy":"product_brand","embeddable":true,"href":"https:\/\/www.tejidosanacordoba.es\/index.php\/wp-json\/wp\/v2\/product_brand?post=13934"},{"taxonomy":"product_cat","embeddable":true,"href":"https:\/\/www.tejidosanacordoba.es\/index.php\/wp-json\/wp\/v2\/product_cat?post=13934"},{"taxonomy":"product_tag","embeddable":true,"href":"https:\/\/www.tejidosanacordoba.es\/index.php\/wp-json\/wp\/v2\/product_tag?post=13934"}],"curies":[{"name":"wp","href":"https:\/\/api.w.org\/{rel}","templated":true}]}}