{"id":14033,"date":"2025-10-22T15:23:58","date_gmt":"2025-10-22T14:23:58","guid":{"rendered":"https:\/\/www.tejidosanacordoba.es\/?post_type=product&#038;p=14033"},"modified":"2025-10-22T15:30:16","modified_gmt":"2025-10-22T14:30:16","slug":"paraiso-201","status":"publish","type":"product","link":"https:\/\/www.tejidosanacordoba.es\/index.php\/producto\/paraiso-201\/","title":{"rendered":"Paraiso 201"},"content":{"rendered":"","protected":false},"excerpt":{"rendered":"<p>100% Algod\u00f3n<br \/>\n100 gramos<\/p>\n<div class=\"description-product sidebar-box\">\n<p>Color y verano se dan la mano en este fabuloso ovillo de algod\u00f3n 100%. Cada ovillo Paraiso recorre una gama de colores perfectos para tus prendas de verano. Ya sea a media o a ganchillo, este algod\u00f3n es ideal tanto para prendas ligeras como para complementos coloridos. Si lo prefieres, tambi\u00e9n puedes combinar el multicolor de Paraiso con el algod\u00f3n b\u00e1sico Panama logrando combinaciones in\u00e9ditas y exclusivas.<\/p>\n<\/div>\n<div class=\"description-product sidebar-box\">\n<p>Ovillo de 100 gramos y 360 metros. Se recomienda tejer con agujas o ganchillo del 3 &#8211; 3,5. Teje un chal con dos ovillos. Para la muestra de 10&#215;10 cm trabajar 23 puntos y 30 vueltas. Lavable en lavadora<\/p>\n<div><img decoding=\"async\" title=\"Algod\u00f3n\" src=\"https:\/\/www.katia.com\/files\/img\/pict-ALGODON.jpg\" alt=\"Algod\u00f3n\" align=\"left\" border=\"0\" \/><\/div>\n<div><img decoding=\"async\" title=\"Lavable a m\u00e1quina 30\u00ba Centrifugado corto\" src=\"https:\/\/www.katia.com\/files\/img\/pict-LAVMAQ30CC.jpg\" alt=\"Lavable a m\u00e1quina 30\u00ba Centrifugado corto\" width=\"44\" height=\"36\" align=\"left\" border=\"0\" \/><\/div>\n<div><img decoding=\"async\" title=\"No lej\u00eda\" src=\"https:\/\/www.katia.com\/files\/img\/pict-NOLEJIA.jpg\" alt=\"No lej\u00eda\" width=\"44\" height=\"36\" align=\"left\" border=\"0\" \/><\/div>\n<div><img decoding=\"async\" title=\"No secar en secadora\" src=\"https:\/\/www.katia.com\/files\/img\/pict-NOSECSEC.jpg\" alt=\"No secar en secadora\" width=\"44\" height=\"36\" align=\"left\" border=\"0\" \/><\/div>\n<div><img loading=\"lazy\" decoding=\"async\" title=\"Lavable en seco\" src=\"https:\/\/www.katia.com\/files\/img\/pict-LAVSEC.jpg\" alt=\"Lavable en seco\" width=\"44\" height=\"36\" align=\"left\" border=\"0\" \/><\/div>\n<div><img loading=\"lazy\" decoding=\"async\" title=\"Secado horizontal sin tender\" src=\"https:\/\/www.katia.com\/files\/img\/pict-SECHORST.jpg\" alt=\"Secado horizontal sin tender\" width=\"44\" height=\"36\" align=\"left\" border=\"0\" \/><\/div>\n<div><img loading=\"lazy\" decoding=\"async\" title=\"Planchar m\u00e1x. 110\u00ba\" src=\"https:\/\/www.katia.com\/files\/img\/pict-PL110.jpg\" alt=\"Planchar m\u00e1x. 110\u00ba\" width=\"44\" height=\"36\" align=\"left\" border=\"0\" \/><\/div>\n<div><img loading=\"lazy\" decoding=\"async\" title=\"N\u00famero de ganchillo a emplear\" src=\"https:\/\/www.katia.com\/ES\/tools\/genera-simbolo\/?f=img\/pict-GANCHILLO.jpg&amp;t=GANCHILLO&amp;t1=3+-+3+%C2%BD&amp;t2=D+-+E\" alt=\"N\u00famero de ganchillo a emplear\" width=\"44\" height=\"36\" align=\"left\" border=\"0\" \/><\/div>\n<div><img loading=\"lazy\" decoding=\"async\" title=\"N\u00famero de agujas a emplear\" src=\"https:\/\/www.katia.com\/ES\/tools\/genera-simbolo\/?f=img\/pict-AGUJAS.jpg&amp;t=AGUJAS&amp;t1=3+-+3+%C2%BD&amp;t2=4+-+5\" alt=\"N\u00famero de agujas a emplear\" width=\"44\" height=\"36\" align=\"left\" border=\"0\" \/><\/div>\n<\/div>\n<div><\/div>\n<div><\/div>\n<div><\/div>\n<div><\/div>\n<div><\/div>\n<div>\n<p>Los colores pueden variar seg\u00fan el dispositivo en el que se vean.<\/p>\n<p>Para mas unidades de este producto, consulte con nuestra tienda a trav\u00e9s de correo electr\u00f3nico tejidos.ana.cordoba@gmail.com o WhatsApp 640 55 62 77.<\/p>\n<\/div>\n","protected":false},"featured_media":14035,"comment_status":"open","ping_status":"closed","template":"","meta":[],"product_brand":[],"product_cat":[129,69,98],"product_tag":[],"class_list":{"0":"post-14033","1":"product","2":"type-product","3":"status-publish","4":"has-post-thumbnail","6":"product_cat-finales-de-pieza-al-50","7":"product_cat-lanas","8":"product_cat-ofertas","10":"first","11":"instock","12":"sale","13":"taxable","14":"shipping-taxable","15":"purchasable","16":"product-type-simple","17":"add-to-wishlist-after_add_to_cart"},"jetpack_sharing_enabled":true,"_links":{"self":[{"href":"https:\/\/www.tejidosanacordoba.es\/index.php\/wp-json\/wp\/v2\/product\/14033","targetHints":{"allow":["GET"]}}],"collection":[{"href":"https:\/\/www.tejidosanacordoba.es\/index.php\/wp-json\/wp\/v2\/product"}],"about":[{"href":"https:\/\/www.tejidosanacordoba.es\/index.php\/wp-json\/wp\/v2\/types\/product"}],"replies":[{"embeddable":true,"href":"https:\/\/www.tejidosanacordoba.es\/index.php\/wp-json\/wp\/v2\/comments?post=14033"}],"version-history":[{"count":1,"href":"https:\/\/www.tejidosanacordoba.es\/index.php\/wp-json\/wp\/v2\/product\/14033\/revisions"}],"predecessor-version":[{"id":14034,"href":"https:\/\/www.tejidosanacordoba.es\/index.php\/wp-json\/wp\/v2\/product\/14033\/revisions\/14034"}],"wp:featuredmedia":[{"embeddable":true,"href":"https:\/\/www.tejidosanacordoba.es\/index.php\/wp-json\/wp\/v2\/media\/14035"}],"wp:attachment":[{"href":"https:\/\/www.tejidosanacordoba.es\/index.php\/wp-json\/wp\/v2\/media?parent=14033"}],"wp:term":[{"taxonomy":"product_brand","embeddable":true,"href":"https:\/\/www.tejidosanacordoba.es\/index.php\/wp-json\/wp\/v2\/product_brand?post=14033"},{"taxonomy":"product_cat","embeddable":true,"href":"https:\/\/www.tejidosanacordoba.es\/index.php\/wp-json\/wp\/v2\/product_cat?post=14033"},{"taxonomy":"product_tag","embeddable":true,"href":"https:\/\/www.tejidosanacordoba.es\/index.php\/wp-json\/wp\/v2\/product_tag?post=14033"}],"curies":[{"name":"wp","href":"https:\/\/api.w.org\/{rel}","templated":true}]}}