{"id":14098,"date":"2026-01-03T13:09:55","date_gmt":"2026-01-03T12:09:55","guid":{"rendered":"https:\/\/www.tejidosanacordoba.es\/?post_type=product&#038;p=14098"},"modified":"2026-01-03T13:09:56","modified_gmt":"2026-01-03T12:09:56","slug":"mujer-especial-crochet-118","status":"publish","type":"product","link":"https:\/\/www.tejidosanacordoba.es\/index.php\/producto\/mujer-especial-crochet-118\/","title":{"rendered":"Mujer especial crochet 118"},"content":{"rendered":"","protected":false},"excerpt":{"rendered":"<p class=\"intro-description-product text-grey\">Crochet Oto\u00f1o \/ Invierno<\/p>\n<p>Descubre nuestra revista Katia Crochet 118 de patrones de ganchillo para mujer, perfecta para todas las amantes del crochet. Incluye 19 patrones, desde un elegante maxi chal hasta chalecos, jerseys y chaquetas que se adaptan a todos los estilos y niveles. Las prendas, dise\u00f1adas para el oto\u00f1o e invierno, destacan por su color, textura y construcciones \u00fanicas. Esta revista es ideal para divertirse tejiendo y creando prendas c\u00e1lidas y estilizadas para el invierno. \u00a1Insp\u00edrate, elige tu proyecto entre los patrones de la revista Katia Crochet 118 y comienza a tejer hoy mismo!<\/p>\n","protected":false},"featured_media":14075,"comment_status":"open","ping_status":"closed","template":"","meta":[],"product_brand":[],"product_cat":[69,106],"product_tag":[],"class_list":{"0":"post-14098","1":"product","2":"type-product","3":"status-publish","4":"has-post-thumbnail","6":"product_cat-lanas","7":"product_cat-patrones-tejer","9":"first","10":"instock","11":"taxable","12":"shipping-taxable","13":"purchasable","14":"product-type-simple","15":"add-to-wishlist-after_add_to_cart"},"jetpack_sharing_enabled":true,"_links":{"self":[{"href":"https:\/\/www.tejidosanacordoba.es\/index.php\/wp-json\/wp\/v2\/product\/14098","targetHints":{"allow":["GET"]}}],"collection":[{"href":"https:\/\/www.tejidosanacordoba.es\/index.php\/wp-json\/wp\/v2\/product"}],"about":[{"href":"https:\/\/www.tejidosanacordoba.es\/index.php\/wp-json\/wp\/v2\/types\/product"}],"replies":[{"embeddable":true,"href":"https:\/\/www.tejidosanacordoba.es\/index.php\/wp-json\/wp\/v2\/comments?post=14098"}],"version-history":[{"count":2,"href":"https:\/\/www.tejidosanacordoba.es\/index.php\/wp-json\/wp\/v2\/product\/14098\/revisions"}],"predecessor-version":[{"id":14100,"href":"https:\/\/www.tejidosanacordoba.es\/index.php\/wp-json\/wp\/v2\/product\/14098\/revisions\/14100"}],"wp:featuredmedia":[{"embeddable":true,"href":"https:\/\/www.tejidosanacordoba.es\/index.php\/wp-json\/wp\/v2\/media\/14075"}],"wp:attachment":[{"href":"https:\/\/www.tejidosanacordoba.es\/index.php\/wp-json\/wp\/v2\/media?parent=14098"}],"wp:term":[{"taxonomy":"product_brand","embeddable":true,"href":"https:\/\/www.tejidosanacordoba.es\/index.php\/wp-json\/wp\/v2\/product_brand?post=14098"},{"taxonomy":"product_cat","embeddable":true,"href":"https:\/\/www.tejidosanacordoba.es\/index.php\/wp-json\/wp\/v2\/product_cat?post=14098"},{"taxonomy":"product_tag","embeddable":true,"href":"https:\/\/www.tejidosanacordoba.es\/index.php\/wp-json\/wp\/v2\/product_tag?post=14098"}],"curies":[{"name":"wp","href":"https:\/\/api.w.org\/{rel}","templated":true}]}}