{"id":14104,"date":"2026-01-03T16:29:01","date_gmt":"2026-01-03T15:29:01","guid":{"rendered":"https:\/\/www.tejidosanacordoba.es\/?post_type=product&#038;p=14104"},"modified":"2026-01-26T20:37:54","modified_gmt":"2026-01-26T19:37:54","slug":"baby-care-merino","status":"publish","type":"product","link":"https:\/\/www.tejidosanacordoba.es\/index.php\/producto\/baby-care-merino\/","title":{"rendered":"Baby Care Merino"},"content":{"rendered":"","protected":false},"excerpt":{"rendered":"<p>100% Lana Merino Org\u00e1nica Chlorine Free<br \/>\n250 g<\/p>\n<div class=\"description-product sidebar-box\">\n<p>\u00a1Envuelve a tu peque\u00f1o en la suavidad de Baby Care Merino de Concept by Katia! Esta acci\u00f3n exclusiva, edici\u00f3n limitada, ofrece dos ovillos de suave Lana Merino Org\u00e1nica, certificada GOTS, para crear una manta \u00fanica. La caja incluye un ovillo grande en color crudo y uno m\u00e1s peque\u00f1o con efecto estampado en colores dulces. Tejidos juntos, crean una manta con un ciclo perfecto, armonioso y ordenado. Con instrucciones incluidas, es el regalo perfecto para dar la bienvenida a un reci\u00e9n nacido. \u00a1Haz que cada momento sea especial tejiendo recuerdos maravillosos para tu beb\u00e9 con Baby Care Merino de Concept by Katia!<\/p>\n<div><img decoding=\"async\" title=\"Lavable a m\u00e1quina 30\u00ba Programa Lana\" src=\"https:\/\/www.katia.com\/files\/img\/pict-LAVMAQ30PL.jpg\" alt=\"Lavable a m\u00e1quina 30\u00ba Programa Lana\" width=\"44\" height=\"36\" align=\"left\" border=\"0\" \/><\/div>\n<div><img decoding=\"async\" title=\"No lej\u00eda\" src=\"https:\/\/www.katia.com\/files\/img\/pict-NOLEJIA.jpg\" alt=\"No lej\u00eda\" width=\"44\" height=\"36\" align=\"left\" border=\"0\" \/><\/div>\n<div><img decoding=\"async\" title=\"No secar en secadora\" src=\"https:\/\/www.katia.com\/files\/img\/pict-NOSECSEC.jpg\" alt=\"No secar en secadora\" width=\"44\" height=\"36\" align=\"left\" border=\"0\" \/><\/div>\n<div><img loading=\"lazy\" decoding=\"async\" title=\"Lavable en seco\" src=\"https:\/\/www.katia.com\/files\/img\/pict-LAVSEC.jpg\" alt=\"Lavable en seco\" width=\"44\" height=\"36\" align=\"left\" border=\"0\" \/><\/div>\n<div><img loading=\"lazy\" decoding=\"async\" title=\"Secado horizontal sin tender\" src=\"https:\/\/www.katia.com\/files\/img\/pict-SECHORST.jpg\" alt=\"Secado horizontal sin tender\" width=\"44\" height=\"36\" align=\"left\" border=\"0\" \/><\/div>\n<div><img loading=\"lazy\" decoding=\"async\" title=\"Planchar m\u00e1x. 110\u00ba\" src=\"https:\/\/www.katia.com\/files\/img\/pict-PL110.jpg\" alt=\"Planchar m\u00e1x. 110\u00ba\" width=\"44\" height=\"36\" align=\"left\" border=\"0\" \/><\/div>\n<div><img loading=\"lazy\" decoding=\"async\" title=\"N\u00famero de ganchillo a emplear\" src=\"https:\/\/www.katia.com\/ES\/tools\/genera-simbolo\/?f=img\/pict-GANCHILLO.jpg&amp;t=GANCHILLO&amp;t1=2+-+2+%C2%BD&amp;t2=B+-+C\" alt=\"N\u00famero de ganchillo a emplear\" width=\"44\" height=\"36\" align=\"left\" border=\"0\" \/><\/div>\n<div><img loading=\"lazy\" decoding=\"async\" title=\"N\u00famero de agujas a emplear\" src=\"https:\/\/www.katia.com\/ES\/tools\/genera-simbolo\/?f=img\/pict-AGUJAS.jpg&amp;t=AGUJAS&amp;t1=2+%C2%BD+-+3&amp;t2=2+-+4\" alt=\"N\u00famero de agujas a emplear\" width=\"44\" height=\"36\" align=\"left\" border=\"0\" \/><\/div>\n<div><img loading=\"lazy\" decoding=\"async\" title=\"Cuadrado de 10 x 10. Es el n\u00famero de puntos y vueltas necesarios para calcular los cms. de una prenda\" src=\"https:\/\/www.katia.com\/ES\/tools\/genera-simbolo\/?f=img\/pict-10x10.jpg&amp;t=TEJIDO&amp;t1=3&amp;t2=35&amp;t3=28&amp;t4=10x10\" alt=\"Cuadrado de 10 x 10. Es el n\u00famero de puntos y vueltas necesarios para calcular los cms. de una prenda\" width=\"44\" height=\"36\" align=\"left\" border=\"0\" \/><\/div>\n<div><img loading=\"lazy\" decoding=\"async\" title=\"\" src=\"https:\/\/www.katia.com\/files\/img\/pict-triman.jpg\" alt=\"\" width=\"44\" height=\"36\" align=\"left\" border=\"0\" \/><\/div>\n<div><img loading=\"lazy\" decoding=\"async\" title=\"Alma cart\u00f3n\" src=\"https:\/\/www.katia.com\/files\/img\/pict-ALMACARTON.jpg\" alt=\"Alma cart\u00f3n\" width=\"44\" height=\"36\" align=\"left\" border=\"0\" \/><\/div>\n<div><img decoding=\"async\" title=\"Especial Manta\" src=\"https:\/\/www.katia.com\/files\/img\/pict-manta_1_caja.jpg\" alt=\"Especial Manta\" align=\"left\" border=\"0\" \/><\/div>\n<div><img decoding=\"async\" title=\"Istituto Certificazione Etica e Ambientale\" src=\"https:\/\/www.katia.com\/files\/img\/pict-icea.jpg\" alt=\"Istituto Certificazione Etica e Ambientale\" align=\"left\" border=\"0\" \/><\/div>\n<div><img decoding=\"async\" src=\"https:\/\/www.katia.com\/files\/img\/weight-0.jpg\" width=\"41\" align=\"left\" border=\"0\" \/><\/div>\n<div>250 g<br \/>\n1100 m \/ 1202 yd<\/div>\n<\/div>\n<div class=\"description-product sidebar-box\">\n<p class=\"read-more\">\n<\/div>\n","protected":false},"featured_media":14103,"comment_status":"open","ping_status":"closed","template":"","meta":[],"product_brand":[],"product_cat":[69],"product_tag":[],"class_list":{"0":"post-14104","1":"product","2":"type-product","3":"status-publish","4":"has-post-thumbnail","6":"product_cat-lanas","8":"first","9":"instock","10":"sale","11":"taxable","12":"shipping-taxable","13":"purchasable","14":"product-type-simple","15":"add-to-wishlist-after_add_to_cart"},"jetpack_sharing_enabled":true,"_links":{"self":[{"href":"https:\/\/www.tejidosanacordoba.es\/index.php\/wp-json\/wp\/v2\/product\/14104","targetHints":{"allow":["GET"]}}],"collection":[{"href":"https:\/\/www.tejidosanacordoba.es\/index.php\/wp-json\/wp\/v2\/product"}],"about":[{"href":"https:\/\/www.tejidosanacordoba.es\/index.php\/wp-json\/wp\/v2\/types\/product"}],"replies":[{"embeddable":true,"href":"https:\/\/www.tejidosanacordoba.es\/index.php\/wp-json\/wp\/v2\/comments?post=14104"}],"version-history":[{"count":1,"href":"https:\/\/www.tejidosanacordoba.es\/index.php\/wp-json\/wp\/v2\/product\/14104\/revisions"}],"predecessor-version":[{"id":14107,"href":"https:\/\/www.tejidosanacordoba.es\/index.php\/wp-json\/wp\/v2\/product\/14104\/revisions\/14107"}],"wp:featuredmedia":[{"embeddable":true,"href":"https:\/\/www.tejidosanacordoba.es\/index.php\/wp-json\/wp\/v2\/media\/14103"}],"wp:attachment":[{"href":"https:\/\/www.tejidosanacordoba.es\/index.php\/wp-json\/wp\/v2\/media?parent=14104"}],"wp:term":[{"taxonomy":"product_brand","embeddable":true,"href":"https:\/\/www.tejidosanacordoba.es\/index.php\/wp-json\/wp\/v2\/product_brand?post=14104"},{"taxonomy":"product_cat","embeddable":true,"href":"https:\/\/www.tejidosanacordoba.es\/index.php\/wp-json\/wp\/v2\/product_cat?post=14104"},{"taxonomy":"product_tag","embeddable":true,"href":"https:\/\/www.tejidosanacordoba.es\/index.php\/wp-json\/wp\/v2\/product_tag?post=14104"}],"curies":[{"name":"wp","href":"https:\/\/api.w.org\/{rel}","templated":true}]}}