{"id":14144,"date":"2026-01-15T18:11:43","date_gmt":"2026-01-15T17:11:43","guid":{"rendered":"https:\/\/www.tejidosanacordoba.es\/?post_type=product&#038;p=14144"},"modified":"2026-02-13T16:58:45","modified_gmt":"2026-02-13T15:58:45","slug":"izu-28-1","status":"publish","type":"product","link":"https:\/\/www.tejidosanacordoba.es\/index.php\/producto\/izu-28-1\/","title":{"rendered":"Izu 28.1"},"content":{"rendered":"","protected":false},"excerpt":{"rendered":"<p>Viyela.<\/p>\n<p>Composici\u00f3n es 100% algod\u00f3n.<\/p>\n<p>150 cm de ancho<\/p>\n<p>Una tela con cuerpo y con un tacto suave.<\/p>\n<p>El tejido perfecto para realizar prendas originales con un dise\u00f1o \u00fanico que har\u00e1 de esa prenda hecha por ti, algo muy especial..<\/p>\n<p>Tambi\u00e9n puedes combinarlas con nuestras lana katia 100% merino.<\/p>\n<p>Varios colores, sobre fondo blanco beig.<\/p>\n<p>145cm \u2013 150gr\/mt2<\/p>\n<p>Los colores pueden variar seg\u00fan el dispositivo que se vean.<\/p>\n","protected":false},"featured_media":14153,"comment_status":"open","ping_status":"closed","template":"","meta":[],"product_brand":[],"product_cat":[37,77],"product_tag":[],"class_list":{"0":"post-14144","1":"product","2":"type-product","3":"status-publish","4":"has-post-thumbnail","6":"product_cat-estilo-liberty","7":"product_cat-viella","9":"first","10":"outofstock","11":"taxable","12":"shipping-taxable","13":"purchasable","14":"product-type-simple","15":"add-to-wishlist-after_add_to_cart"},"jetpack_sharing_enabled":true,"_links":{"self":[{"href":"https:\/\/www.tejidosanacordoba.es\/index.php\/wp-json\/wp\/v2\/product\/14144","targetHints":{"allow":["GET"]}}],"collection":[{"href":"https:\/\/www.tejidosanacordoba.es\/index.php\/wp-json\/wp\/v2\/product"}],"about":[{"href":"https:\/\/www.tejidosanacordoba.es\/index.php\/wp-json\/wp\/v2\/types\/product"}],"replies":[{"embeddable":true,"href":"https:\/\/www.tejidosanacordoba.es\/index.php\/wp-json\/wp\/v2\/comments?post=14144"}],"version-history":[{"count":1,"href":"https:\/\/www.tejidosanacordoba.es\/index.php\/wp-json\/wp\/v2\/product\/14144\/revisions"}],"predecessor-version":[{"id":14145,"href":"https:\/\/www.tejidosanacordoba.es\/index.php\/wp-json\/wp\/v2\/product\/14144\/revisions\/14145"}],"wp:featuredmedia":[{"embeddable":true,"href":"https:\/\/www.tejidosanacordoba.es\/index.php\/wp-json\/wp\/v2\/media\/14153"}],"wp:attachment":[{"href":"https:\/\/www.tejidosanacordoba.es\/index.php\/wp-json\/wp\/v2\/media?parent=14144"}],"wp:term":[{"taxonomy":"product_brand","embeddable":true,"href":"https:\/\/www.tejidosanacordoba.es\/index.php\/wp-json\/wp\/v2\/product_brand?post=14144"},{"taxonomy":"product_cat","embeddable":true,"href":"https:\/\/www.tejidosanacordoba.es\/index.php\/wp-json\/wp\/v2\/product_cat?post=14144"},{"taxonomy":"product_tag","embeddable":true,"href":"https:\/\/www.tejidosanacordoba.es\/index.php\/wp-json\/wp\/v2\/product_tag?post=14144"}],"curies":[{"name":"wp","href":"https:\/\/api.w.org\/{rel}","templated":true}]}}