{"id":14317,"date":"2026-02-14T14:44:27","date_gmt":"2026-02-14T13:44:27","guid":{"rendered":"https:\/\/www.tejidosanacordoba.es\/?post_type=product&#038;p=14317"},"modified":"2026-02-15T18:31:25","modified_gmt":"2026-02-15T17:31:25","slug":"paper-knit-raffia-black-white","status":"publish","type":"product","link":"https:\/\/www.tejidosanacordoba.es\/index.php\/producto\/paper-knit-raffia-black-white\/","title":{"rendered":"Paper Knit Raffia Black &#038; White"},"content":{"rendered":"","protected":false},"excerpt":{"rendered":"<p class=\"intro-description-product text-grey\">100% Celulosa<\/p>\n<div class=\"lana-details\">\n<div><img decoding=\"async\" title=\"Wash Separately\" src=\"https:\/\/www.katia.com\/files\/img\/pict-washseparately.jpg\" alt=\"Wash Separately\" width=\"44\" height=\"36\" align=\"left\" border=\"0\" \/><\/div>\n<div><img decoding=\"async\" title=\"Lavable a mano\" src=\"https:\/\/www.katia.com\/files\/img\/pict-LAVMANO.jpg\" alt=\"Lavable a mano\" width=\"44\" height=\"36\" align=\"left\" border=\"0\" \/><\/div>\n<div><img decoding=\"async\" title=\"No lej\u00eda\" src=\"https:\/\/www.katia.com\/files\/img\/pict-NOLEJIA.jpg\" alt=\"No lej\u00eda\" width=\"44\" height=\"36\" align=\"left\" border=\"0\" \/><\/div>\n<div><img loading=\"lazy\" decoding=\"async\" title=\"No secar en secadora\" src=\"https:\/\/www.katia.com\/files\/img\/pict-NOSECSEC.jpg\" alt=\"No secar en secadora\" width=\"44\" height=\"36\" align=\"left\" border=\"0\" \/><\/div>\n<div><img loading=\"lazy\" decoding=\"async\" title=\"No lavar en seco\" src=\"https:\/\/www.katia.com\/files\/img\/pict-nolavarenseco.jpg\" alt=\"No lavar en seco\" width=\"44\" height=\"36\" align=\"left\" border=\"0\" \/><\/div>\n<div><img loading=\"lazy\" decoding=\"async\" title=\"Planchar m\u00e1x. 110\u00ba\" src=\"https:\/\/www.katia.com\/files\/img\/pict-PL110.jpg\" alt=\"Planchar m\u00e1x. 110\u00ba\" width=\"44\" height=\"36\" align=\"left\" border=\"0\" \/><\/div>\n<\/div>\n<div><\/div>\n<div><\/div>\n<div>60cm &#8211; 420gr\/mt2<\/div>\n<div><\/div>\n<div>El tejido Black &amp; White de papel raffia 100\u202f% destaca por su dise\u00f1o gr\u00e1fico en blanco y negro, ideal para confeccionar accesorios contempor\u00e1neos con un aire artesanal. Su estructura firme es perfecta para coser bolsos, sombreros, cestas u objetos decorativos con volumen y textura. Una propuesta creativa para dar un toque moderno a tus proyectos handmade.<\/div>\n<div><\/div>\n<div>Aguja universal, grosor: 100.<br \/>\nUtilizar m\u00e1quina de coser con doble altura de prensatelas ya que es un tejido grueso.<br \/>\nEntretelar los m\u00e1rgenes de costura para evitar que el tejido se deshilache.<\/div>\n","protected":false},"featured_media":14310,"comment_status":"open","ping_status":"closed","template":"","meta":[],"product_brand":[],"product_cat":[85,96,36],"product_tag":[],"class_list":{"0":"post-14317","1":"product","2":"type-product","3":"status-publish","4":"has-post-thumbnail","6":"product_cat-estabilizador","7":"product_cat-katia","8":"product_cat-estampados-originales","10":"first","11":"instock","12":"taxable","13":"shipping-taxable","14":"purchasable","15":"product-type-simple","16":"add-to-wishlist-after_add_to_cart"},"jetpack_sharing_enabled":true,"_links":{"self":[{"href":"https:\/\/www.tejidosanacordoba.es\/index.php\/wp-json\/wp\/v2\/product\/14317","targetHints":{"allow":["GET"]}}],"collection":[{"href":"https:\/\/www.tejidosanacordoba.es\/index.php\/wp-json\/wp\/v2\/product"}],"about":[{"href":"https:\/\/www.tejidosanacordoba.es\/index.php\/wp-json\/wp\/v2\/types\/product"}],"replies":[{"embeddable":true,"href":"https:\/\/www.tejidosanacordoba.es\/index.php\/wp-json\/wp\/v2\/comments?post=14317"}],"version-history":[{"count":1,"href":"https:\/\/www.tejidosanacordoba.es\/index.php\/wp-json\/wp\/v2\/product\/14317\/revisions"}],"predecessor-version":[{"id":14318,"href":"https:\/\/www.tejidosanacordoba.es\/index.php\/wp-json\/wp\/v2\/product\/14317\/revisions\/14318"}],"wp:featuredmedia":[{"embeddable":true,"href":"https:\/\/www.tejidosanacordoba.es\/index.php\/wp-json\/wp\/v2\/media\/14310"}],"wp:attachment":[{"href":"https:\/\/www.tejidosanacordoba.es\/index.php\/wp-json\/wp\/v2\/media?parent=14317"}],"wp:term":[{"taxonomy":"product_brand","embeddable":true,"href":"https:\/\/www.tejidosanacordoba.es\/index.php\/wp-json\/wp\/v2\/product_brand?post=14317"},{"taxonomy":"product_cat","embeddable":true,"href":"https:\/\/www.tejidosanacordoba.es\/index.php\/wp-json\/wp\/v2\/product_cat?post=14317"},{"taxonomy":"product_tag","embeddable":true,"href":"https:\/\/www.tejidosanacordoba.es\/index.php\/wp-json\/wp\/v2\/product_tag?post=14317"}],"curies":[{"name":"wp","href":"https:\/\/api.w.org\/{rel}","templated":true}]}}