{"id":14347,"date":"2026-02-16T18:53:39","date_gmt":"2026-02-16T17:53:39","guid":{"rendered":"https:\/\/www.tejidosanacordoba.es\/?post_type=product&#038;p=14347"},"modified":"2026-02-16T19:00:22","modified_gmt":"2026-02-16T18:00:22","slug":"rayon-chalis-print-iguana-leaves","status":"publish","type":"product","link":"https:\/\/www.tejidosanacordoba.es\/index.php\/producto\/rayon-chalis-print-iguana-leaves\/","title":{"rendered":"Rayon Chalis Print Iguana Leaves"},"content":{"rendered":"","protected":false},"excerpt":{"rendered":"<p class=\"intro-description-product text-grey\">100% Viscosa<\/p>\n<div class=\"lana-details\">\n<div><img decoding=\"async\" title=\"Lavable a m\u00e1quina 30\u00ba\" src=\"https:\/\/www.katia.com\/files\/img\/pict-LAVMAQ30.jpg\" alt=\"Lavable a m\u00e1quina 30\u00ba\" width=\"44\" height=\"36\" align=\"left\" border=\"0\" \/><\/div>\n<div><img decoding=\"async\" title=\"No lej\u00eda\" src=\"https:\/\/www.katia.com\/files\/img\/pict-NOLEJIA.jpg\" alt=\"No lej\u00eda\" width=\"44\" height=\"36\" align=\"left\" border=\"0\" \/><\/div>\n<div><img decoding=\"async\" title=\"No secar en secadora\" src=\"https:\/\/www.katia.com\/files\/img\/pict-NOSECSEC.jpg\" alt=\"No secar en secadora\" width=\"44\" height=\"36\" align=\"left\" border=\"0\" \/><\/div>\n<div><img loading=\"lazy\" decoding=\"async\" title=\"No lavar en seco\" src=\"https:\/\/www.katia.com\/files\/img\/pict-nolavarenseco.jpg\" alt=\"No lavar en seco\" width=\"44\" height=\"36\" align=\"left\" border=\"0\" \/><\/div>\n<div><img loading=\"lazy\" decoding=\"async\" title=\"Planchar m\u00e1x. 150\u00ba\" src=\"https:\/\/www.katia.com\/files\/img\/pict-PL150.jpg\" alt=\"Planchar m\u00e1x. 150\u00ba\" width=\"44\" height=\"36\" align=\"left\" border=\"0\" \/><\/div>\n<\/div>\n<p>&nbsp;<\/p>\n<p>145cm &#8211; 115gr\/mt2<\/p>\n<p>La tela Iguana Leaves Chalis presenta un estampado bot\u00e1nico lleno de movimiento, perfecto para dar vida a prendas ligeras y c\u00f3modas. Gracias a su composici\u00f3n 100 % viscosa, ofrece una ca\u00edda suave y fluida, as\u00ed que es ideal para coser vestidos vaporosos, blusas amplias, faldas con vuelo o pantalones relajados. Una opci\u00f3n inspiradora para tus proyectos de costura m\u00e1s frescos.<\/p>\n","protected":false},"featured_media":0,"comment_status":"open","ping_status":"closed","template":"","meta":[],"product_brand":[],"product_cat":[96,56,51],"product_tag":[],"class_list":{"0":"post-14347","1":"product","2":"type-product","3":"status-publish","5":"product_cat-katia","6":"product_cat-sedas","7":"product_cat-viscosas","9":"first","10":"instock","11":"taxable","12":"shipping-taxable","13":"purchasable","14":"product-type-simple","15":"add-to-wishlist-after_add_to_cart"},"jetpack_sharing_enabled":true,"_links":{"self":[{"href":"https:\/\/www.tejidosanacordoba.es\/index.php\/wp-json\/wp\/v2\/product\/14347","targetHints":{"allow":["GET"]}}],"collection":[{"href":"https:\/\/www.tejidosanacordoba.es\/index.php\/wp-json\/wp\/v2\/product"}],"about":[{"href":"https:\/\/www.tejidosanacordoba.es\/index.php\/wp-json\/wp\/v2\/types\/product"}],"replies":[{"embeddable":true,"href":"https:\/\/www.tejidosanacordoba.es\/index.php\/wp-json\/wp\/v2\/comments?post=14347"}],"version-history":[{"count":2,"href":"https:\/\/www.tejidosanacordoba.es\/index.php\/wp-json\/wp\/v2\/product\/14347\/revisions"}],"predecessor-version":[{"id":14349,"href":"https:\/\/www.tejidosanacordoba.es\/index.php\/wp-json\/wp\/v2\/product\/14347\/revisions\/14349"}],"wp:attachment":[{"href":"https:\/\/www.tejidosanacordoba.es\/index.php\/wp-json\/wp\/v2\/media?parent=14347"}],"wp:term":[{"taxonomy":"product_brand","embeddable":true,"href":"https:\/\/www.tejidosanacordoba.es\/index.php\/wp-json\/wp\/v2\/product_brand?post=14347"},{"taxonomy":"product_cat","embeddable":true,"href":"https:\/\/www.tejidosanacordoba.es\/index.php\/wp-json\/wp\/v2\/product_cat?post=14347"},{"taxonomy":"product_tag","embeddable":true,"href":"https:\/\/www.tejidosanacordoba.es\/index.php\/wp-json\/wp\/v2\/product_tag?post=14347"}],"curies":[{"name":"wp","href":"https:\/\/api.w.org\/{rel}","templated":true}]}}