{"id":14415,"date":"2026-02-25T20:37:19","date_gmt":"2026-02-25T19:37:19","guid":{"rendered":"https:\/\/www.tejidosanacordoba.es\/?post_type=product&#038;p=14415"},"modified":"2026-02-25T20:50:47","modified_gmt":"2026-02-25T19:50:47","slug":"arles-merino-55","status":"publish","type":"product","link":"https:\/\/www.tejidosanacordoba.es\/index.php\/producto\/arles-merino-55\/","title":{"rendered":"Arles merino 55 Caldera"},"content":{"rendered":"","protected":false},"excerpt":{"rendered":"<p>100% Merino Fine<\/p>\n<p class=\"description-product text-left\">Lana mulesing free de origen franc\u00e9s de excelsa categor\u00eda con m\u00e1s de dos siglos de historia y tradici\u00f3n. Trabajamos directamente con los ganaderos locales de la raza de ovejas Merino de la regi\u00f3n de Arles que siguen estrictamente los protocolos y normas de cuidado de los reba\u00f1os. Por eso, Merino Arles cuenta con el certificado de la UPRA, organizaci\u00f3n francesa responsable de la raza merina de Arles. La suavidad y confortabilidad de esta lana francesa de 20-21 micras son \u00fanicas. Adem\u00e1s, es una lana con tratamiento Superwash para mejorar todav\u00eda m\u00e1s las prestaciones de esta fibra rizada con el mayor n\u00famero de bucles por cent\u00edmetro. Disfruta del grosor DK para aguja del 4 de esta lana ideal para tejer todo tipo de prendas tanto a dos agujas como a ganchillo.<\/p>\n<div><img decoding=\"async\" title=\"Lavable a m\u00e1quina 30\u00ba Programa Lana\" src=\"https:\/\/www.katia.com\/files\/img\/pict-LAVMAQ30PL.jpg\" alt=\"Lavable a m\u00e1quina 30\u00ba Programa Lana\" width=\"44\" height=\"36\" align=\"left\" border=\"0\" \/><\/div>\n<div><img decoding=\"async\" title=\"No lej\u00eda\" src=\"https:\/\/www.katia.com\/files\/img\/pict-NOLEJIA.jpg\" alt=\"No lej\u00eda\" width=\"44\" height=\"36\" align=\"left\" border=\"0\" \/><\/div>\n<div><img decoding=\"async\" title=\"No secar en secadora\" src=\"https:\/\/www.katia.com\/files\/img\/pict-NOSECSEC.jpg\" alt=\"No secar en secadora\" width=\"44\" height=\"36\" align=\"left\" border=\"0\" \/><\/div>\n<div><img loading=\"lazy\" decoding=\"async\" title=\"Lavable en seco\" src=\"https:\/\/www.katia.com\/files\/img\/pict-LAVSEC.jpg\" alt=\"Lavable en seco\" width=\"44\" height=\"36\" align=\"left\" border=\"0\" \/><\/div>\n<div><img loading=\"lazy\" decoding=\"async\" title=\"Secado horizontal sin tender\" src=\"https:\/\/www.katia.com\/files\/img\/pict-SECHORST.jpg\" alt=\"Secado horizontal sin tender\" width=\"44\" height=\"36\" align=\"left\" border=\"0\" \/><\/div>\n<div><img loading=\"lazy\" decoding=\"async\" title=\"Planchar m\u00e1x. 110\u00ba\" src=\"https:\/\/www.katia.com\/files\/img\/pict-PL110.jpg\" alt=\"Planchar m\u00e1x. 110\u00ba\" width=\"44\" height=\"36\" align=\"left\" border=\"0\" \/><\/div>\n<div><img loading=\"lazy\" decoding=\"async\" title=\"N\u00famero de ovillos necesarios para una prenda T:42, manga larga\" src=\"https:\/\/www.katia.com\/ES\/tools\/genera-simbolo\/?f=img\/pict-T42ML.jpg&amp;t=TALLA&amp;t1=9&amp;t2=T42\" alt=\"N\u00famero de ovillos necesarios para una prenda T:42, manga larga\" width=\"44\" height=\"36\" align=\"left\" border=\"0\" \/><\/div>\n<div><img loading=\"lazy\" decoding=\"async\" title=\"N\u00famero de ganchillo a emplear\" src=\"https:\/\/www.katia.com\/ES\/tools\/genera-simbolo\/?f=img\/pict-GANCHILLO.jpg&amp;t=GANCHILLO&amp;t1=4+%C2%BD+-+5&amp;t2=G+6+-7\" alt=\"N\u00famero de ganchillo a emplear\" width=\"44\" height=\"36\" align=\"left\" border=\"0\" \/><\/div>\n<div><img loading=\"lazy\" decoding=\"async\" title=\"N\u00famero de agujas a emplear\" src=\"https:\/\/www.katia.com\/ES\/tools\/genera-simbolo\/?f=img\/pict-AGUJAS.jpg&amp;t=AGUJAS&amp;t1=4+-+4+%C2%BD&amp;t2=6+-+7\" alt=\"N\u00famero de agujas a emplear\" width=\"44\" height=\"36\" align=\"left\" border=\"0\" \/><\/div>\n<div><img loading=\"lazy\" decoding=\"async\" title=\"Cuadrado de 10 x 10. Es el n\u00famero de puntos y vueltas necesarios para calcular los cms. de una prenda\" src=\"https:\/\/www.katia.com\/ES\/tools\/genera-simbolo\/?f=img\/pict-10x10.jpg&amp;t=TEJIDO&amp;t1=4+%C2%BD&amp;t2=26&amp;t3=18&amp;t4=10x10\" alt=\"Cuadrado de 10 x 10. Es el n\u00famero de puntos y vueltas necesarios para calcular los cms. de una prenda\" width=\"44\" height=\"36\" align=\"left\" border=\"0\" \/><\/div>\n<div><img loading=\"lazy\" decoding=\"async\" title=\"Boina doble flecha\" src=\"https:\/\/www.katia.com\/files\/img\/pict-BOINADF.jpg\" alt=\"Boina doble flecha\" width=\"44\" height=\"36\" align=\"left\" border=\"0\" \/><\/div>\n<div><img loading=\"lazy\" decoding=\"async\" title=\"\" src=\"https:\/\/www.katia.com\/files\/img\/pict-triman.jpg\" alt=\"\" width=\"44\" height=\"36\" align=\"left\" border=\"0\" \/><\/div>\n<div><img decoding=\"async\" title=\"Superwash\" src=\"https:\/\/www.katia.com\/files\/img\/pict-SUPERWASH.jpg\" alt=\"Superwash\" align=\"left\" border=\"0\" \/><\/div>\n<div><img decoding=\"async\" title=\"Origine Fran\u00e7aise\" src=\"https:\/\/www.katia.com\/files\/img\/pict-arlesmerino.jpg\" alt=\"Origine Fran\u00e7aise\" align=\"left\" border=\"0\" \/><\/div>\n<div><img decoding=\"async\" src=\"https:\/\/www.katia.com\/files\/img\/weight-3.jpg\" width=\"41\" align=\"left\" border=\"0\" \/><\/div>\n<div>50 g \/ 1 \u00be oz<br \/>\n100 m \/ 109 y<\/div>\n<div class=\"lana-details\"><\/div>\n<div><\/div>\n<div><\/div>\n","protected":false},"featured_media":13466,"comment_status":"open","ping_status":"closed","template":"","meta":[],"product_brand":[],"product_cat":[129,69,98],"product_tag":[],"class_list":{"0":"post-14415","1":"product","2":"type-product","3":"status-publish","4":"has-post-thumbnail","6":"product_cat-finales-de-pieza-al-50","7":"product_cat-lanas","8":"product_cat-ofertas","10":"first","11":"instock","12":"sale","13":"taxable","14":"shipping-taxable","15":"purchasable","16":"product-type-simple","17":"add-to-wishlist-after_add_to_cart"},"jetpack_sharing_enabled":true,"_links":{"self":[{"href":"https:\/\/www.tejidosanacordoba.es\/index.php\/wp-json\/wp\/v2\/product\/14415","targetHints":{"allow":["GET"]}}],"collection":[{"href":"https:\/\/www.tejidosanacordoba.es\/index.php\/wp-json\/wp\/v2\/product"}],"about":[{"href":"https:\/\/www.tejidosanacordoba.es\/index.php\/wp-json\/wp\/v2\/types\/product"}],"replies":[{"embeddable":true,"href":"https:\/\/www.tejidosanacordoba.es\/index.php\/wp-json\/wp\/v2\/comments?post=14415"}],"version-history":[{"count":3,"href":"https:\/\/www.tejidosanacordoba.es\/index.php\/wp-json\/wp\/v2\/product\/14415\/revisions"}],"predecessor-version":[{"id":14424,"href":"https:\/\/www.tejidosanacordoba.es\/index.php\/wp-json\/wp\/v2\/product\/14415\/revisions\/14424"}],"wp:featuredmedia":[{"embeddable":true,"href":"https:\/\/www.tejidosanacordoba.es\/index.php\/wp-json\/wp\/v2\/media\/13466"}],"wp:attachment":[{"href":"https:\/\/www.tejidosanacordoba.es\/index.php\/wp-json\/wp\/v2\/media?parent=14415"}],"wp:term":[{"taxonomy":"product_brand","embeddable":true,"href":"https:\/\/www.tejidosanacordoba.es\/index.php\/wp-json\/wp\/v2\/product_brand?post=14415"},{"taxonomy":"product_cat","embeddable":true,"href":"https:\/\/www.tejidosanacordoba.es\/index.php\/wp-json\/wp\/v2\/product_cat?post=14415"},{"taxonomy":"product_tag","embeddable":true,"href":"https:\/\/www.tejidosanacordoba.es\/index.php\/wp-json\/wp\/v2\/product_tag?post=14415"}],"curies":[{"name":"wp","href":"https:\/\/api.w.org\/{rel}","templated":true}]}}