{"id":14449,"date":"2026-03-12T13:32:00","date_gmt":"2026-03-12T12:32:00","guid":{"rendered":"https:\/\/www.tejidosanacordoba.es\/?post_type=product&#038;p=14449"},"modified":"2026-03-12T14:06:00","modified_gmt":"2026-03-12T13:06:00","slug":"poplin-darwin-birds","status":"publish","type":"product","link":"https:\/\/www.tejidosanacordoba.es\/index.php\/producto\/poplin-darwin-birds\/","title":{"rendered":"Poplin Darwin Birds"},"content":{"rendered":"","protected":false},"excerpt":{"rendered":"<p class=\"intro-description-product text-grey\">100% Algod\u00f3n<\/p>\n<div class=\"lana-details\">\n<div><img decoding=\"async\" title=\"Algod\u00f3n\" src=\"https:\/\/www.katia.com\/files\/img\/pict-ALGODON.jpg\" alt=\"Algod\u00f3n\" align=\"left\" border=\"0\" \/><\/div>\n<div><img decoding=\"async\" title=\"Lavable a m\u00e1quina 30\u00ba\" src=\"https:\/\/www.katia.com\/files\/img\/pict-LAVMAQ30.jpg\" alt=\"Lavable a m\u00e1quina 30\u00ba\" width=\"44\" height=\"36\" align=\"left\" border=\"0\" \/><\/div>\n<div><img decoding=\"async\" title=\"No lej\u00eda\" src=\"https:\/\/www.katia.com\/files\/img\/pict-NOLEJIA.jpg\" alt=\"No lej\u00eda\" width=\"44\" height=\"36\" align=\"left\" border=\"0\" \/><\/div>\n<div><img decoding=\"async\" title=\"Secadora temperatura media\" src=\"https:\/\/www.katia.com\/files\/img\/pict-SECADORA-TMP-MEDIA.jpg\" alt=\"Secadora temperatura media\" width=\"44\" height=\"36\" align=\"left\" border=\"0\" \/><\/div>\n<div><img loading=\"lazy\" decoding=\"async\" title=\"Lavable en seco\" src=\"https:\/\/www.katia.com\/files\/img\/pict-LAVSEC.jpg\" alt=\"Lavable en seco\" width=\"44\" height=\"36\" align=\"left\" border=\"0\" \/><\/div>\n<div><img loading=\"lazy\" decoding=\"async\" title=\"Planchar m\u00e1x. 150\u00ba\" src=\"https:\/\/www.katia.com\/files\/img\/pict-PL150.jpg\" alt=\"Planchar m\u00e1x. 150\u00ba\" width=\"44\" height=\"36\" align=\"left\" border=\"0\" \/><\/div>\n<\/div>\n<div class=\"row mb-2 iconolana\">\n<div class=\"col-2 text-center divimg_iconolana\">\n<div><img decoding=\"async\" class=\"img_iconolana\" title=\"Oeko Tex Standard 100\" src=\"https:\/\/www.katia.com\/files\/img\/oeko-tex-standard-100-simbolo-web.jpg\" alt=\"Oeko Tex Standard 100\" border=\"0\" \/><\/div>\n<\/div>\n<div class=\"col-9 text-left txt_iconolana\">La certificaci\u00f3n STANDARD 100 by OEKO-TEX\u00aees la etiqueta ecol\u00f3gica l\u00edder mundial para productos textiles. Estos productos han sido evaluados y certificados por institutos reconocidos internacionalmente. Adem\u00e1s, con esta certificaci\u00f3n, se asegura al consumidor que los productos textiles han sido analizados controlando sustancias nocivas para la salud.<\/div>\n<div>Emb\u00e1rcate en un viaje natural con Poplin\u00a0Darwin Birds, una tela popel\u00edn de 100% algod\u00f3n con un hermoso estampado de aves tropicales y flores en tonos suaves. Su dise\u00f1o elegante y fresco es ideal para confeccionar prendas veraniegas, blusas, ropa infantil y accesorios handmade. Gracias a la calidad de Katia Fabrics, este tejido garantiza durabilidad y comodidad en cada prenda confeccionada.<\/div>\n<div>\n<p>-Aguja universal \/ grosor: 80\/90<\/p>\n<p>-Vaporizar o lavar antes de cortar y confeccionar.<\/p>\n<p>-Los estampados con Glitter del Poplin Gold, plancharlos siempre por el rev\u00e9s del tejido.<\/p>\n<\/div>\n<\/div>\n","protected":false},"featured_media":14454,"comment_status":"open","ping_status":"closed","template":"","meta":[],"product_brand":[],"product_cat":[96,37],"product_tag":[],"class_list":{"0":"post-14449","1":"product","2":"type-product","3":"status-publish","4":"has-post-thumbnail","6":"product_cat-katia","7":"product_cat-estilo-liberty","9":"first","10":"instock","11":"taxable","12":"shipping-taxable","13":"purchasable","14":"product-type-simple","15":"add-to-wishlist-after_add_to_cart"},"jetpack_sharing_enabled":true,"_links":{"self":[{"href":"https:\/\/www.tejidosanacordoba.es\/index.php\/wp-json\/wp\/v2\/product\/14449","targetHints":{"allow":["GET"]}}],"collection":[{"href":"https:\/\/www.tejidosanacordoba.es\/index.php\/wp-json\/wp\/v2\/product"}],"about":[{"href":"https:\/\/www.tejidosanacordoba.es\/index.php\/wp-json\/wp\/v2\/types\/product"}],"replies":[{"embeddable":true,"href":"https:\/\/www.tejidosanacordoba.es\/index.php\/wp-json\/wp\/v2\/comments?post=14449"}],"version-history":[{"count":2,"href":"https:\/\/www.tejidosanacordoba.es\/index.php\/wp-json\/wp\/v2\/product\/14449\/revisions"}],"predecessor-version":[{"id":14456,"href":"https:\/\/www.tejidosanacordoba.es\/index.php\/wp-json\/wp\/v2\/product\/14449\/revisions\/14456"}],"wp:featuredmedia":[{"embeddable":true,"href":"https:\/\/www.tejidosanacordoba.es\/index.php\/wp-json\/wp\/v2\/media\/14454"}],"wp:attachment":[{"href":"https:\/\/www.tejidosanacordoba.es\/index.php\/wp-json\/wp\/v2\/media?parent=14449"}],"wp:term":[{"taxonomy":"product_brand","embeddable":true,"href":"https:\/\/www.tejidosanacordoba.es\/index.php\/wp-json\/wp\/v2\/product_brand?post=14449"},{"taxonomy":"product_cat","embeddable":true,"href":"https:\/\/www.tejidosanacordoba.es\/index.php\/wp-json\/wp\/v2\/product_cat?post=14449"},{"taxonomy":"product_tag","embeddable":true,"href":"https:\/\/www.tejidosanacordoba.es\/index.php\/wp-json\/wp\/v2\/product_tag?post=14449"}],"curies":[{"name":"wp","href":"https:\/\/api.w.org\/{rel}","templated":true}]}}