{"id":14523,"date":"2026-04-09T16:39:31","date_gmt":"2026-04-09T15:39:31","guid":{"rendered":"https:\/\/www.tejidosanacordoba.es\/?post_type=product&#038;p=14523"},"modified":"2026-04-09T16:56:40","modified_gmt":"2026-04-09T15:56:40","slug":"crochet-circles-fabric-crochet-circles","status":"publish","type":"product","link":"https:\/\/www.tejidosanacordoba.es\/index.php\/producto\/crochet-circles-fabric-crochet-circles\/","title":{"rendered":"Crochet Circles Fabric Crochet Circles"},"content":{"rendered":"","protected":false},"excerpt":{"rendered":"<p class=\"intro-description-product text-grey\">100% Algod\u00f3n<\/p>\n<div class=\"lana-details\"><\/div>\n<div>\n<div><img decoding=\"async\" title=\"Algod\u00f3n\" src=\"https:\/\/www.katia.com\/files\/img\/pict-ALGODON.jpg\" alt=\"Algod\u00f3n\" align=\"left\" border=\"0\" \/><\/div>\n<div><img decoding=\"async\" title=\"Lavable a mano\" src=\"https:\/\/www.katia.com\/files\/img\/pict-LAVMANO.jpg\" alt=\"Lavable a mano\" width=\"44\" height=\"36\" align=\"left\" border=\"0\" \/><\/div>\n<div><img decoding=\"async\" title=\"Lavar a mano a 30\u00ba\" src=\"https:\/\/www.katia.com\/files\/img\/pict-LAVMA30.jpg\" alt=\"Lavar a mano a 30\u00ba\" width=\"44\" height=\"36\" align=\"left\" border=\"0\" \/><\/div>\n<div><img decoding=\"async\" title=\"No lej\u00eda\" src=\"https:\/\/www.katia.com\/files\/img\/pict-NOLEJIA.jpg\" alt=\"No lej\u00eda\" width=\"44\" height=\"36\" align=\"left\" border=\"0\" \/><\/div>\n<div><img loading=\"lazy\" decoding=\"async\" title=\"No secar en secadora\" src=\"https:\/\/www.katia.com\/files\/img\/pict-NOSECSEC.jpg\" alt=\"No secar en secadora\" width=\"44\" height=\"36\" align=\"left\" border=\"0\" \/><\/div>\n<div><img loading=\"lazy\" decoding=\"async\" title=\"Lavable en seco\" src=\"https:\/\/www.katia.com\/files\/img\/pict-LAVSEC.jpg\" alt=\"Lavable en seco\" width=\"44\" height=\"36\" align=\"left\" border=\"0\" \/><\/div>\n<div><img loading=\"lazy\" decoding=\"async\" title=\"Planchar con vapor\" src=\"https:\/\/www.katia.com\/files\/img\/pict-PLVAP.jpg\" alt=\"Planchar con vapor\" width=\"44\" height=\"36\" align=\"left\" border=\"0\" \/><\/div>\n<\/div>\n<div><\/div>\n<div><\/div>\n<div>118 cm &#8211; 550gr\/mt2<\/div>\n<div><\/div>\n<div>Tejido 100% algod\u00f3n con motivos circulares de aspecto ganchillo. Desarrollado en m\u00e1quina Rachel, este art\u00edculo reproduce la est\u00e9tica del ganchillo artesanal mediante un dise\u00f1o de c\u00edrculos entrelazados, con estructura de punto. Su composici\u00f3n 100% algod\u00f3n ofrece transpirabilidad y confort al tacto. Ideal para confeccionar vestidos ibicencos, blusas, chalecos y accesorios veraniegos. Su\u00a0estructura calada aporta frescura y elegancia a cualquier look.<\/div>\n<div><\/div>\n<div>Color beig<\/div>\n<div>Los colores pueden variar seg\u00fan el dispositivo con el que se vean.<\/div>\n","protected":false},"featured_media":14528,"comment_status":"open","ping_status":"closed","template":"","meta":[],"product_brand":[],"product_cat":[96],"product_tag":[],"class_list":{"0":"post-14523","1":"product","2":"type-product","3":"status-publish","4":"has-post-thumbnail","6":"product_cat-katia","8":"first","9":"instock","10":"taxable","11":"shipping-taxable","12":"purchasable","13":"product-type-simple","14":"add-to-wishlist-after_add_to_cart"},"jetpack_sharing_enabled":true,"_links":{"self":[{"href":"https:\/\/www.tejidosanacordoba.es\/index.php\/wp-json\/wp\/v2\/product\/14523","targetHints":{"allow":["GET"]}}],"collection":[{"href":"https:\/\/www.tejidosanacordoba.es\/index.php\/wp-json\/wp\/v2\/product"}],"about":[{"href":"https:\/\/www.tejidosanacordoba.es\/index.php\/wp-json\/wp\/v2\/types\/product"}],"replies":[{"embeddable":true,"href":"https:\/\/www.tejidosanacordoba.es\/index.php\/wp-json\/wp\/v2\/comments?post=14523"}],"version-history":[{"count":1,"href":"https:\/\/www.tejidosanacordoba.es\/index.php\/wp-json\/wp\/v2\/product\/14523\/revisions"}],"predecessor-version":[{"id":14524,"href":"https:\/\/www.tejidosanacordoba.es\/index.php\/wp-json\/wp\/v2\/product\/14523\/revisions\/14524"}],"wp:featuredmedia":[{"embeddable":true,"href":"https:\/\/www.tejidosanacordoba.es\/index.php\/wp-json\/wp\/v2\/media\/14528"}],"wp:attachment":[{"href":"https:\/\/www.tejidosanacordoba.es\/index.php\/wp-json\/wp\/v2\/media?parent=14523"}],"wp:term":[{"taxonomy":"product_brand","embeddable":true,"href":"https:\/\/www.tejidosanacordoba.es\/index.php\/wp-json\/wp\/v2\/product_brand?post=14523"},{"taxonomy":"product_cat","embeddable":true,"href":"https:\/\/www.tejidosanacordoba.es\/index.php\/wp-json\/wp\/v2\/product_cat?post=14523"},{"taxonomy":"product_tag","embeddable":true,"href":"https:\/\/www.tejidosanacordoba.es\/index.php\/wp-json\/wp\/v2\/product_tag?post=14523"}],"curies":[{"name":"wp","href":"https:\/\/api.w.org\/{rel}","templated":true}]}}