{"id":6732,"date":"2021-05-06T10:43:41","date_gmt":"2021-05-06T09:43:41","guid":{"rendered":"https:\/\/www.tejidosanacordoba.es\/?post_type=product&#038;p=6732"},"modified":"2024-12-13T19:28:28","modified_gmt":"2024-12-13T18:28:28","slug":"tejer-descargar-fotos-revista-principiantes-easy-knits-9","status":"publish","type":"product","link":"https:\/\/www.tejidosanacordoba.es\/index.php\/producto\/tejer-descargar-fotos-revista-principiantes-easy-knits-9\/","title":{"rendered":"Revista Principiantes Easy Knits 9"},"content":{"rendered":"","protected":false},"excerpt":{"rendered":"<p><strong>Revista de patrones para principiantes<\/strong><br \/>\n\u00bfQu\u00e9 te gustar\u00eda aprender a tejer? En nuestra revista Easy Knits te proponemos aprender a tejer punto y ganchillo con patrones f\u00e1ciles, r\u00e1pidos y juveniles. Gorros con pomp\u00f3n, sencillos cuellos, maxi bufandas, jers\u00e9is oversizes o calentitas chaquetas para mujer, hombre, ni\u00f1o y beb\u00e9. Por supuesto, tambi\u00e9n encuentras ideas para tu hogar: esponjosos cojines y mantitas para el sof\u00e1. \u00bfQuieres ver c\u00f3mo se hacen algunos de los modelos de la revista Katia Easy Knits? Visita la secci\u00f3n Academy donde compartimos videotutoriales para que aprender a tejer o hacer ganchillo sea un proceso sencillo y divertido.<\/p>\n","protected":false},"featured_media":6731,"comment_status":"open","ping_status":"closed","template":"","meta":[],"product_brand":[],"product_cat":[69,106,98],"product_tag":[],"class_list":{"0":"post-6732","1":"product","2":"type-product","3":"status-publish","4":"has-post-thumbnail","6":"product_cat-lanas","7":"product_cat-patrones-tejer","8":"product_cat-ofertas","10":"first","11":"instock","12":"sale","13":"taxable","14":"shipping-taxable","15":"purchasable","16":"product-type-simple","17":"add-to-wishlist-after_add_to_cart"},"jetpack_sharing_enabled":true,"_links":{"self":[{"href":"https:\/\/www.tejidosanacordoba.es\/index.php\/wp-json\/wp\/v2\/product\/6732","targetHints":{"allow":["GET"]}}],"collection":[{"href":"https:\/\/www.tejidosanacordoba.es\/index.php\/wp-json\/wp\/v2\/product"}],"about":[{"href":"https:\/\/www.tejidosanacordoba.es\/index.php\/wp-json\/wp\/v2\/types\/product"}],"replies":[{"embeddable":true,"href":"https:\/\/www.tejidosanacordoba.es\/index.php\/wp-json\/wp\/v2\/comments?post=6732"}],"version-history":[{"count":2,"href":"https:\/\/www.tejidosanacordoba.es\/index.php\/wp-json\/wp\/v2\/product\/6732\/revisions"}],"predecessor-version":[{"id":12846,"href":"https:\/\/www.tejidosanacordoba.es\/index.php\/wp-json\/wp\/v2\/product\/6732\/revisions\/12846"}],"wp:featuredmedia":[{"embeddable":true,"href":"https:\/\/www.tejidosanacordoba.es\/index.php\/wp-json\/wp\/v2\/media\/6731"}],"wp:attachment":[{"href":"https:\/\/www.tejidosanacordoba.es\/index.php\/wp-json\/wp\/v2\/media?parent=6732"}],"wp:term":[{"taxonomy":"product_brand","embeddable":true,"href":"https:\/\/www.tejidosanacordoba.es\/index.php\/wp-json\/wp\/v2\/product_brand?post=6732"},{"taxonomy":"product_cat","embeddable":true,"href":"https:\/\/www.tejidosanacordoba.es\/index.php\/wp-json\/wp\/v2\/product_cat?post=6732"},{"taxonomy":"product_tag","embeddable":true,"href":"https:\/\/www.tejidosanacordoba.es\/index.php\/wp-json\/wp\/v2\/product_tag?post=6732"}],"curies":[{"name":"wp","href":"https:\/\/api.w.org\/{rel}","templated":true}]}}