{"id":6947,"date":"2021-06-17T10:30:54","date_gmt":"2021-06-17T10:30:54","guid":{"rendered":"https:\/\/www.tejidosanacordoba.es\/?post_type=product&#038;p=6947"},"modified":"2026-02-13T16:34:33","modified_gmt":"2026-02-13T15:34:33","slug":"ganchillo-aluminio-plat-no3-1-verde-pistacho","status":"publish","type":"product","link":"https:\/\/www.tejidosanacordoba.es\/index.php\/producto\/ganchillo-aluminio-plat-no3-1-verde-pistacho\/","title":{"rendered":"Ganchillo Aluminio Plat n\u00ba3\/1 verde pistacho"},"content":{"rendered":"","protected":false},"excerpt":{"rendered":"<h1 class=\"title-product clearfix d-none d-sm-block\"><span class=\"pull-left\">Color\u00a0 verde pistacho<\/span><\/h1>\n<h1 class=\"title-product clearfix d-none d-sm-block\"><span class=\"pull-left\"><strong>Ganchillo con mango ergon\u00f3mico colores<\/strong>\u00a0Ganchillo de aluminio con mango ergon\u00f3mico muy ligero y c\u00f3modo para un mejor deslizamiento del gancho al trabajar puntos de crochet. El mango ergon\u00f3mico permite un mejor agarre y manejo de la aguja de crochet. Esta es una herramienta ideal para relajar la tensi\u00f3n de los dedos pues aumenta sensiblemente la comfortabilidad al hacer ganchillo. Cada medida de gancho tiene un color distinto para que puedas identificarlos r\u00e1pidamente. \u00a1Colecciona todos los colores y no habr\u00e1 proyecto a ganchillo que se te resista!<\/span><\/h1>\n","protected":false},"featured_media":6940,"comment_status":"open","ping_status":"closed","template":"","meta":[],"product_brand":[],"product_cat":[104],"product_tag":[],"class_list":{"0":"post-6947","1":"product","2":"type-product","3":"status-publish","4":"has-post-thumbnail","6":"product_cat-agujas-y-ganchillos-katia","8":"first","9":"instock","10":"taxable","11":"shipping-taxable","12":"purchasable","13":"product-type-simple","14":"add-to-wishlist-after_add_to_cart"},"jetpack_sharing_enabled":true,"_links":{"self":[{"href":"https:\/\/www.tejidosanacordoba.es\/index.php\/wp-json\/wp\/v2\/product\/6947","targetHints":{"allow":["GET"]}}],"collection":[{"href":"https:\/\/www.tejidosanacordoba.es\/index.php\/wp-json\/wp\/v2\/product"}],"about":[{"href":"https:\/\/www.tejidosanacordoba.es\/index.php\/wp-json\/wp\/v2\/types\/product"}],"replies":[{"embeddable":true,"href":"https:\/\/www.tejidosanacordoba.es\/index.php\/wp-json\/wp\/v2\/comments?post=6947"}],"version-history":[{"count":1,"href":"https:\/\/www.tejidosanacordoba.es\/index.php\/wp-json\/wp\/v2\/product\/6947\/revisions"}],"predecessor-version":[{"id":6948,"href":"https:\/\/www.tejidosanacordoba.es\/index.php\/wp-json\/wp\/v2\/product\/6947\/revisions\/6948"}],"wp:featuredmedia":[{"embeddable":true,"href":"https:\/\/www.tejidosanacordoba.es\/index.php\/wp-json\/wp\/v2\/media\/6940"}],"wp:attachment":[{"href":"https:\/\/www.tejidosanacordoba.es\/index.php\/wp-json\/wp\/v2\/media?parent=6947"}],"wp:term":[{"taxonomy":"product_brand","embeddable":true,"href":"https:\/\/www.tejidosanacordoba.es\/index.php\/wp-json\/wp\/v2\/product_brand?post=6947"},{"taxonomy":"product_cat","embeddable":true,"href":"https:\/\/www.tejidosanacordoba.es\/index.php\/wp-json\/wp\/v2\/product_cat?post=6947"},{"taxonomy":"product_tag","embeddable":true,"href":"https:\/\/www.tejidosanacordoba.es\/index.php\/wp-json\/wp\/v2\/product_tag?post=6947"}],"curies":[{"name":"wp","href":"https:\/\/api.w.org\/{rel}","templated":true}]}}