{"id":7121,"date":"2021-07-12T18:44:19","date_gmt":"2021-07-12T17:44:19","guid":{"rendered":"https:\/\/www.tejidosanacordoba.es\/?post_type=product&#038;p=7121"},"modified":"2023-09-11T12:27:53","modified_gmt":"2023-09-11T11:27:53","slug":"sweat-gold-tooth-fairy-stars","status":"publish","type":"product","link":"https:\/\/www.tejidosanacordoba.es\/index.php\/producto\/sweat-gold-tooth-fairy-stars\/","title":{"rendered":"JERSEY SWEAT GOLD TOOTH FAIRY STARS"},"content":{"rendered":"","protected":false},"excerpt":{"rendered":"<p>Tejido de sudadera de invierno con el interior\u00a0afelpado de pelo muy calentito y suave. Estampado de cometas y estrellas con toques de brillantina gold sobre un fondo rosa suave. Combina este tejido con otros de nuestra colecci\u00f3n como las muselinas o los jers\u00e9is solid y crea conjuntos c\u00f3modos para todos los d\u00edas.<\/p>\n<p>-Aguja para Jersey, SUK punta de bola, grosor: 70\/80<br \/>\n-Confeccionar con tensi\u00f3n baja en el hilo superior de la m\u00e1quina de coser y puntada peque\u00f1a para que cuando estiremos las costuras no se rompa el pespunte. Evitar estirar el tejido al confeccionar para que no cedan las costuras.<br \/>\n-Si se dispone de maquina overlook, ideal para todas las costuras, ajustando el diferencial hasta que veamos que el tejido no se estira.<br \/>\n-Dobladillos con aguja gemela para Jersey.<br \/>\n-Vaporizar o lavar antes de cortar y confeccionar.<br \/>\n-Los estampados con Glitter del Sweat Gold, plancharlos siempre por el rev\u00e9s del tejido.<\/p>\n<p>145-150cm &#8211; 250gr\/mt2<\/p>\n<p>95% Algod\u00f3n &#8211; 5% Elast\u00e1n<\/p>\n","protected":false},"featured_media":7120,"comment_status":"open","ping_status":"closed","template":"","meta":[],"product_brand":[],"product_cat":[96,49],"product_tag":[],"class_list":{"0":"post-7121","1":"product","2":"type-product","3":"status-publish","4":"has-post-thumbnail","6":"product_cat-katia","7":"product_cat-puntos-de-algodon","9":"first","10":"instock","11":"taxable","12":"shipping-taxable","13":"purchasable","14":"product-type-simple","15":"add-to-wishlist-after_add_to_cart"},"jetpack_sharing_enabled":true,"_links":{"self":[{"href":"https:\/\/www.tejidosanacordoba.es\/index.php\/wp-json\/wp\/v2\/product\/7121","targetHints":{"allow":["GET"]}}],"collection":[{"href":"https:\/\/www.tejidosanacordoba.es\/index.php\/wp-json\/wp\/v2\/product"}],"about":[{"href":"https:\/\/www.tejidosanacordoba.es\/index.php\/wp-json\/wp\/v2\/types\/product"}],"replies":[{"embeddable":true,"href":"https:\/\/www.tejidosanacordoba.es\/index.php\/wp-json\/wp\/v2\/comments?post=7121"}],"version-history":[{"count":2,"href":"https:\/\/www.tejidosanacordoba.es\/index.php\/wp-json\/wp\/v2\/product\/7121\/revisions"}],"predecessor-version":[{"id":7123,"href":"https:\/\/www.tejidosanacordoba.es\/index.php\/wp-json\/wp\/v2\/product\/7121\/revisions\/7123"}],"wp:featuredmedia":[{"embeddable":true,"href":"https:\/\/www.tejidosanacordoba.es\/index.php\/wp-json\/wp\/v2\/media\/7120"}],"wp:attachment":[{"href":"https:\/\/www.tejidosanacordoba.es\/index.php\/wp-json\/wp\/v2\/media?parent=7121"}],"wp:term":[{"taxonomy":"product_brand","embeddable":true,"href":"https:\/\/www.tejidosanacordoba.es\/index.php\/wp-json\/wp\/v2\/product_brand?post=7121"},{"taxonomy":"product_cat","embeddable":true,"href":"https:\/\/www.tejidosanacordoba.es\/index.php\/wp-json\/wp\/v2\/product_cat?post=7121"},{"taxonomy":"product_tag","embeddable":true,"href":"https:\/\/www.tejidosanacordoba.es\/index.php\/wp-json\/wp\/v2\/product_tag?post=7121"}],"curies":[{"name":"wp","href":"https:\/\/api.w.org\/{rel}","templated":true}]}}