{"id":7165,"date":"2021-07-14T11:40:10","date_gmt":"2021-07-14T11:40:10","guid":{"rendered":"https:\/\/www.tejidosanacordoba.es\/?post_type=product&#038;p=7165"},"modified":"2021-07-14T11:40:10","modified_gmt":"2021-07-14T11:40:10","slug":"soft-french-terry-solid-mimosa","status":"publish","type":"product","link":"https:\/\/www.tejidosanacordoba.es\/index.php\/producto\/soft-french-terry-solid-mimosa\/","title":{"rendered":"SOFT FRENCH TERRY SOLID MIMOSA"},"content":{"rendered":"","protected":false},"excerpt":{"rendered":"<p>Tela de invierno tipo sudadera con interior afelpado y exterior extra suave en color mostaza. Combina esta tela con otros lisos de la colecci\u00f3n Katia Fabrics de b\u00e1sicos y con las felpas estampadas.<\/p>\n<p>-Aguja Jersey, SUK punta de bola, grosor: 70\/80<br \/>\n-Confeccionar con tensi\u00f3n baja en el hilo superior de la m\u00e1quina de coser y puntada peque\u00f1a para que cuando estiremos las costuras no se rompa el pespunte. Evitar estirar el tejido al confeccionar para que no cedan las costuras.<br \/>\n-Si se dispone de maquina overlock, ideal para todas las costuras, ajustar el diferencial hasta que veamos que el tejido no se estira.<br \/>\n-Dobladillos con aguja gemela para Jersey.<\/p>\n<p>150cm &#8211; 225gr\/mt2<\/p>\n<p>95% Algod\u00f3n &#8211; 5% Elast\u00e1n<\/p>\n","protected":false},"featured_media":7164,"comment_status":"open","ping_status":"closed","template":"","meta":[],"product_brand":[],"product_cat":[96,49],"product_tag":[],"class_list":{"0":"post-7165","1":"product","2":"type-product","3":"status-publish","4":"has-post-thumbnail","6":"product_cat-katia","7":"product_cat-puntos-de-algodon","9":"first","10":"instock","11":"taxable","12":"shipping-taxable","13":"purchasable","14":"product-type-simple","15":"add-to-wishlist-after_add_to_cart"},"jetpack_sharing_enabled":true,"_links":{"self":[{"href":"https:\/\/www.tejidosanacordoba.es\/index.php\/wp-json\/wp\/v2\/product\/7165","targetHints":{"allow":["GET"]}}],"collection":[{"href":"https:\/\/www.tejidosanacordoba.es\/index.php\/wp-json\/wp\/v2\/product"}],"about":[{"href":"https:\/\/www.tejidosanacordoba.es\/index.php\/wp-json\/wp\/v2\/types\/product"}],"replies":[{"embeddable":true,"href":"https:\/\/www.tejidosanacordoba.es\/index.php\/wp-json\/wp\/v2\/comments?post=7165"}],"version-history":[{"count":1,"href":"https:\/\/www.tejidosanacordoba.es\/index.php\/wp-json\/wp\/v2\/product\/7165\/revisions"}],"predecessor-version":[{"id":7166,"href":"https:\/\/www.tejidosanacordoba.es\/index.php\/wp-json\/wp\/v2\/product\/7165\/revisions\/7166"}],"wp:featuredmedia":[{"embeddable":true,"href":"https:\/\/www.tejidosanacordoba.es\/index.php\/wp-json\/wp\/v2\/media\/7164"}],"wp:attachment":[{"href":"https:\/\/www.tejidosanacordoba.es\/index.php\/wp-json\/wp\/v2\/media?parent=7165"}],"wp:term":[{"taxonomy":"product_brand","embeddable":true,"href":"https:\/\/www.tejidosanacordoba.es\/index.php\/wp-json\/wp\/v2\/product_brand?post=7165"},{"taxonomy":"product_cat","embeddable":true,"href":"https:\/\/www.tejidosanacordoba.es\/index.php\/wp-json\/wp\/v2\/product_cat?post=7165"},{"taxonomy":"product_tag","embeddable":true,"href":"https:\/\/www.tejidosanacordoba.es\/index.php\/wp-json\/wp\/v2\/product_tag?post=7165"}],"curies":[{"name":"wp","href":"https:\/\/api.w.org\/{rel}","templated":true}]}}