{"id":7283,"date":"2021-09-11T09:55:03","date_gmt":"2021-09-11T09:55:03","guid":{"rendered":"https:\/\/www.tejidosanacordoba.es\/?post_type=product&#038;p=7283"},"modified":"2021-09-11T09:55:03","modified_gmt":"2021-09-11T09:55:03","slug":"ballerinas-shoes","status":"publish","type":"product","link":"https:\/\/www.tejidosanacordoba.es\/index.php\/producto\/ballerinas-shoes\/","title":{"rendered":"BALLERINAS SHOES"},"content":{"rendered":"","protected":false},"excerpt":{"rendered":"<p>Tejido de punto de algod\u00f3n, con estampado de delicadas zapatillas de ballet y coronas de colores sobre fondo blanco. Ideal para coser prendas c\u00f3modas como vestidos, camisetas y pijamas. Su estampado enamorara a m\u00e1s de una Ballet Lover.<\/p>\n<p>95% Algod\u00f3n &#8211; 5% Elast\u00e1n<\/p>\n<p>145-150cm &#8211; 210gr\/mt2<\/p>\n<p>-Aguja para Jersey, SUK punta de bola\/ grosor: 70\/80<br \/>\n-Confeccionar con tensi\u00f3n baja en el hilo superior de la m\u00e1quina de coser y puntada peque\u00f1a para que cuando estiremos las costuras no se rompa el pespunte. Evitar estirar el tejido al confeccionar para que no cedan las costuras.<br \/>\n-Si se dispone de maquina overlock, ideal para todas las costuras, ajustar el diferencial hasta que veamos que el tejido no se estira. Confeccionar los dobladillos con aguja gemela para Jersey.<br \/>\n-Vaporizar o lavar antes de cortar y confeccionar.<br \/>\n-Los estampados con Glitter del JERSEY GOLD, plancharlos siempre por el rev\u00e9s del tejido.<\/p>\n","protected":false},"featured_media":7282,"comment_status":"open","ping_status":"closed","template":"","meta":[],"product_brand":[],"product_cat":[96,49],"product_tag":[],"class_list":{"0":"post-7283","1":"product","2":"type-product","3":"status-publish","4":"has-post-thumbnail","6":"product_cat-katia","7":"product_cat-puntos-de-algodon","9":"first","10":"instock","11":"taxable","12":"shipping-taxable","13":"purchasable","14":"product-type-simple","15":"add-to-wishlist-after_add_to_cart"},"jetpack_sharing_enabled":true,"_links":{"self":[{"href":"https:\/\/www.tejidosanacordoba.es\/index.php\/wp-json\/wp\/v2\/product\/7283","targetHints":{"allow":["GET"]}}],"collection":[{"href":"https:\/\/www.tejidosanacordoba.es\/index.php\/wp-json\/wp\/v2\/product"}],"about":[{"href":"https:\/\/www.tejidosanacordoba.es\/index.php\/wp-json\/wp\/v2\/types\/product"}],"replies":[{"embeddable":true,"href":"https:\/\/www.tejidosanacordoba.es\/index.php\/wp-json\/wp\/v2\/comments?post=7283"}],"version-history":[{"count":1,"href":"https:\/\/www.tejidosanacordoba.es\/index.php\/wp-json\/wp\/v2\/product\/7283\/revisions"}],"predecessor-version":[{"id":7284,"href":"https:\/\/www.tejidosanacordoba.es\/index.php\/wp-json\/wp\/v2\/product\/7283\/revisions\/7284"}],"wp:featuredmedia":[{"embeddable":true,"href":"https:\/\/www.tejidosanacordoba.es\/index.php\/wp-json\/wp\/v2\/media\/7282"}],"wp:attachment":[{"href":"https:\/\/www.tejidosanacordoba.es\/index.php\/wp-json\/wp\/v2\/media?parent=7283"}],"wp:term":[{"taxonomy":"product_brand","embeddable":true,"href":"https:\/\/www.tejidosanacordoba.es\/index.php\/wp-json\/wp\/v2\/product_brand?post=7283"},{"taxonomy":"product_cat","embeddable":true,"href":"https:\/\/www.tejidosanacordoba.es\/index.php\/wp-json\/wp\/v2\/product_cat?post=7283"},{"taxonomy":"product_tag","embeddable":true,"href":"https:\/\/www.tejidosanacordoba.es\/index.php\/wp-json\/wp\/v2\/product_tag?post=7283"}],"curies":[{"name":"wp","href":"https:\/\/api.w.org\/{rel}","templated":true}]}}