{"id":7583,"date":"2021-10-06T17:07:35","date_gmt":"2021-10-06T17:07:35","guid":{"rendered":"https:\/\/www.tejidosanacordoba.es\/?post_type=product&#038;p=7583"},"modified":"2021-10-06T17:07:52","modified_gmt":"2021-10-06T17:07:52","slug":"7583","status":"publish","type":"product","link":"https:\/\/www.tejidosanacordoba.es\/index.php\/producto\/7583\/","title":{"rendered":"Topitos"},"content":{"rendered":"","protected":false},"excerpt":{"rendered":"<p>Tejido con estampado en estilo Liberty<\/p>\n<p>Composici\u00f3n es 100%viscosa<\/p>\n<p>Una tela con cuerpo y con un tacto suave.<\/p>\n<p>El tejido perfecto para realizar prendas originales con un dise\u00f1o \u00fanico que har\u00e1 de esa prenda hecha por ti, algo muy especial..<\/p>\n<p>Tambi\u00e9n puedes combinarlas con nuestras lana katia<\/p>\n<p>Colores flores de tonos azules con fondo gris<\/p>\n<p>145cm \u2013 150gr\/mt2<\/p>\n","protected":false},"featured_media":7577,"comment_status":"open","ping_status":"closed","template":"","meta":[],"product_brand":[],"product_cat":[77,51],"product_tag":[],"class_list":{"0":"post-7583","1":"product","2":"type-product","3":"status-publish","4":"has-post-thumbnail","6":"product_cat-viella","7":"product_cat-viscosas","9":"first","10":"instock","11":"taxable","12":"shipping-taxable","13":"purchasable","14":"product-type-simple","15":"add-to-wishlist-after_add_to_cart"},"jetpack_sharing_enabled":true,"_links":{"self":[{"href":"https:\/\/www.tejidosanacordoba.es\/index.php\/wp-json\/wp\/v2\/product\/7583","targetHints":{"allow":["GET"]}}],"collection":[{"href":"https:\/\/www.tejidosanacordoba.es\/index.php\/wp-json\/wp\/v2\/product"}],"about":[{"href":"https:\/\/www.tejidosanacordoba.es\/index.php\/wp-json\/wp\/v2\/types\/product"}],"replies":[{"embeddable":true,"href":"https:\/\/www.tejidosanacordoba.es\/index.php\/wp-json\/wp\/v2\/comments?post=7583"}],"version-history":[{"count":2,"href":"https:\/\/www.tejidosanacordoba.es\/index.php\/wp-json\/wp\/v2\/product\/7583\/revisions"}],"predecessor-version":[{"id":7585,"href":"https:\/\/www.tejidosanacordoba.es\/index.php\/wp-json\/wp\/v2\/product\/7583\/revisions\/7585"}],"wp:featuredmedia":[{"embeddable":true,"href":"https:\/\/www.tejidosanacordoba.es\/index.php\/wp-json\/wp\/v2\/media\/7577"}],"wp:attachment":[{"href":"https:\/\/www.tejidosanacordoba.es\/index.php\/wp-json\/wp\/v2\/media?parent=7583"}],"wp:term":[{"taxonomy":"product_brand","embeddable":true,"href":"https:\/\/www.tejidosanacordoba.es\/index.php\/wp-json\/wp\/v2\/product_brand?post=7583"},{"taxonomy":"product_cat","embeddable":true,"href":"https:\/\/www.tejidosanacordoba.es\/index.php\/wp-json\/wp\/v2\/product_cat?post=7583"},{"taxonomy":"product_tag","embeddable":true,"href":"https:\/\/www.tejidosanacordoba.es\/index.php\/wp-json\/wp\/v2\/product_tag?post=7583"}],"curies":[{"name":"wp","href":"https:\/\/api.w.org\/{rel}","templated":true}]}}