{"id":7710,"date":"2022-01-08T22:27:14","date_gmt":"2022-01-08T22:27:14","guid":{"rendered":"https:\/\/www.tejidosanacordoba.es\/?post_type=product&#038;p=7710"},"modified":"2024-12-13T12:41:51","modified_gmt":"2024-12-13T11:41:51","slug":"bebe-lanas-stop-2","status":"publish","type":"product","link":"https:\/\/www.tejidosanacordoba.es\/index.php\/producto\/bebe-lanas-stop-2\/","title":{"rendered":"Beb\u00e9 Lanas STOP 2"},"content":{"rendered":"","protected":false},"excerpt":{"rendered":"<p>La revista\u00a0<i>Canastilla 2<\/i>\u00a0contiene 62 modelos para reci\u00e9n nacido principalmente. Tambi\u00e9n se incluyen algunos patrones para tallas 3 \/ 6 \/ 9 \/ 12 meses. Descubre c\u00f3mo tejer peleles, capotas, jers\u00e9is, abrigos, chaquetas, vestidos, patucos, calcetines, cubrepa\u00f1ales, mantitas, toquillas&#8230; En cada patr\u00f3n de punto se indica: tallas, medidas (dibujos de prendas), materiales, puntos empleados, muestra del punto, realizaci\u00f3n, gr\u00e1ficos con s\u00edmbolos y montaje.<\/p>\n","protected":false},"featured_media":7706,"comment_status":"open","ping_status":"closed","template":"","meta":[],"product_brand":[],"product_cat":[106],"product_tag":[],"class_list":{"0":"post-7710","1":"product","2":"type-product","3":"status-publish","4":"has-post-thumbnail","6":"product_cat-patrones-tejer","8":"first","9":"instock","10":"taxable","11":"shipping-taxable","12":"purchasable","13":"product-type-simple","14":"add-to-wishlist-after_add_to_cart"},"jetpack_sharing_enabled":true,"_links":{"self":[{"href":"https:\/\/www.tejidosanacordoba.es\/index.php\/wp-json\/wp\/v2\/product\/7710","targetHints":{"allow":["GET"]}}],"collection":[{"href":"https:\/\/www.tejidosanacordoba.es\/index.php\/wp-json\/wp\/v2\/product"}],"about":[{"href":"https:\/\/www.tejidosanacordoba.es\/index.php\/wp-json\/wp\/v2\/types\/product"}],"replies":[{"embeddable":true,"href":"https:\/\/www.tejidosanacordoba.es\/index.php\/wp-json\/wp\/v2\/comments?post=7710"}],"version-history":[{"count":2,"href":"https:\/\/www.tejidosanacordoba.es\/index.php\/wp-json\/wp\/v2\/product\/7710\/revisions"}],"predecessor-version":[{"id":12845,"href":"https:\/\/www.tejidosanacordoba.es\/index.php\/wp-json\/wp\/v2\/product\/7710\/revisions\/12845"}],"wp:featuredmedia":[{"embeddable":true,"href":"https:\/\/www.tejidosanacordoba.es\/index.php\/wp-json\/wp\/v2\/media\/7706"}],"wp:attachment":[{"href":"https:\/\/www.tejidosanacordoba.es\/index.php\/wp-json\/wp\/v2\/media?parent=7710"}],"wp:term":[{"taxonomy":"product_brand","embeddable":true,"href":"https:\/\/www.tejidosanacordoba.es\/index.php\/wp-json\/wp\/v2\/product_brand?post=7710"},{"taxonomy":"product_cat","embeddable":true,"href":"https:\/\/www.tejidosanacordoba.es\/index.php\/wp-json\/wp\/v2\/product_cat?post=7710"},{"taxonomy":"product_tag","embeddable":true,"href":"https:\/\/www.tejidosanacordoba.es\/index.php\/wp-json\/wp\/v2\/product_tag?post=7710"}],"curies":[{"name":"wp","href":"https:\/\/api.w.org\/{rel}","templated":true}]}}