{"id":8127,"date":"2022-07-20T18:12:15","date_gmt":"2022-07-20T17:12:15","guid":{"rendered":"https:\/\/www.tejidosanacordoba.es\/?post_type=product&#038;p=8127"},"modified":"2023-09-11T12:00:47","modified_gmt":"2023-09-11T11:00:47","slug":"sweat-aw-clay","status":"publish","type":"product","link":"https:\/\/www.tejidosanacordoba.es\/index.php\/producto\/sweat-aw-clay\/","title":{"rendered":"Sweat AW Clay"},"content":{"rendered":"","protected":false},"excerpt":{"rendered":"<p>Tejido de felpa de invierno con el interior de pelito y el exterior con un tacto muy agradable en colores marr\u00f3n con un estampado muy original de flores. Este tejido, como todos los tejidos de sudadera de Katia Fabrics, tiene el certificado Standard 100 de Oeko-Tex por lo que es una tela de sudadera perfecta para las pieles sensibles. El tejido de sudadera afelpado Sweat Clay est\u00e1 compuesto por algod\u00f3n y un 5% de elast\u00e1n d\u00e1ndole mayor flexibilidad y comodidad, as\u00ed que esta tela es ideal para coser sudaderas, pantalones o vestidos c\u00f3modo y calentitos. En nuestra revista de Patrones de costura Cottagecore Oto\u00f1o-Invierno 22\/23 tienes un patr\u00f3n y las instrucciones para coser un fant\u00e1stico vestido con capucha para ni\u00f1a perfecto para esta tela.<\/p>\n<p>La certificaci\u00f3n STANDARD 100 by OEKO-TEX\u00aees la etiqueta ecol\u00f3gica l\u00edder mundial para productos textiles. Estos productos han sido evaluados y certificados por institutos reconocidos internacionalmente. Adem\u00e1s, con esta certificaci\u00f3n, se asegura al consumidor que los productos textiles han sido analizados controlando sustancias nocivas para la salud.<\/p>\n<p>145-150cm &#8211; 245gr\/mt2<\/p>\n<p>95% Algod\u00f3n &#8211; 5% Elast\u00e1n<\/p>\n<p>Los colores pueden variar seg\u00fan el dispositivo que se vean.<\/p>\n","protected":false},"featured_media":8121,"comment_status":"open","ping_status":"closed","template":"","meta":[],"product_brand":[],"product_cat":[96,49],"product_tag":[],"class_list":{"0":"post-8127","1":"product","2":"type-product","3":"status-publish","4":"has-post-thumbnail","6":"product_cat-katia","7":"product_cat-puntos-de-algodon","9":"first","10":"instock","11":"taxable","12":"shipping-taxable","13":"purchasable","14":"product-type-simple","15":"add-to-wishlist-after_add_to_cart"},"jetpack_sharing_enabled":true,"_links":{"self":[{"href":"https:\/\/www.tejidosanacordoba.es\/index.php\/wp-json\/wp\/v2\/product\/8127","targetHints":{"allow":["GET"]}}],"collection":[{"href":"https:\/\/www.tejidosanacordoba.es\/index.php\/wp-json\/wp\/v2\/product"}],"about":[{"href":"https:\/\/www.tejidosanacordoba.es\/index.php\/wp-json\/wp\/v2\/types\/product"}],"replies":[{"embeddable":true,"href":"https:\/\/www.tejidosanacordoba.es\/index.php\/wp-json\/wp\/v2\/comments?post=8127"}],"version-history":[{"count":1,"href":"https:\/\/www.tejidosanacordoba.es\/index.php\/wp-json\/wp\/v2\/product\/8127\/revisions"}],"predecessor-version":[{"id":8128,"href":"https:\/\/www.tejidosanacordoba.es\/index.php\/wp-json\/wp\/v2\/product\/8127\/revisions\/8128"}],"wp:featuredmedia":[{"embeddable":true,"href":"https:\/\/www.tejidosanacordoba.es\/index.php\/wp-json\/wp\/v2\/media\/8121"}],"wp:attachment":[{"href":"https:\/\/www.tejidosanacordoba.es\/index.php\/wp-json\/wp\/v2\/media?parent=8127"}],"wp:term":[{"taxonomy":"product_brand","embeddable":true,"href":"https:\/\/www.tejidosanacordoba.es\/index.php\/wp-json\/wp\/v2\/product_brand?post=8127"},{"taxonomy":"product_cat","embeddable":true,"href":"https:\/\/www.tejidosanacordoba.es\/index.php\/wp-json\/wp\/v2\/product_cat?post=8127"},{"taxonomy":"product_tag","embeddable":true,"href":"https:\/\/www.tejidosanacordoba.es\/index.php\/wp-json\/wp\/v2\/product_tag?post=8127"}],"curies":[{"name":"wp","href":"https:\/\/api.w.org\/{rel}","templated":true}]}}