{"id":8155,"date":"2022-07-20T18:38:27","date_gmt":"2022-07-20T17:38:27","guid":{"rendered":"https:\/\/www.tejidosanacordoba.es\/?post_type=product&#038;p=8155"},"modified":"2022-07-20T18:38:27","modified_gmt":"2022-07-20T17:38:27","slug":"jeans-recycled-canvas-recycled-jeans","status":"publish","type":"product","link":"https:\/\/www.tejidosanacordoba.es\/index.php\/producto\/jeans-recycled-canvas-recycled-jeans\/","title":{"rendered":"Jeans Recycled Canvas Recycled Jeans"},"content":{"rendered":"","protected":false},"excerpt":{"rendered":"<p>Tejido de sarga hecho con jeans reciclados de postconsumo, es decir, productos textiles desechados. El nuevo JEANS RECYCLED CANVAS es un tejido sostenible, certificado como\u00a072% GRS\u00a0(Global Recycled Standard). Confecciona accesorios de decoraci\u00f3n como cojines, manteles y tambi\u00e9n complementos como bolsos, mochilas o sacos.<\/p>\n<p>-Aguja universal, grosor: 80\/90<\/p>\n<p>-Si se cosen muchos gruesos, al utilizar con entretelas duras o guatas, regular una mayor presi\u00f3n del prensatelas, o en su defecto utilizar una pata de doble arrastre.<\/p>\n<p>-Recomendamos vaporizar o lavar el tejido antes de cortar y confeccionar.<\/p>\n<p>-Todos nuestros art\u00edculos DENIM est\u00e1n tintados con colorantes \u00edndigo, por lo que tienen una baja solidez a la exposici\u00f3n a la luz solar intensa.<\/p>\n<p>-Recomendamos lavar las prendas de DENIM por separado y especialmente no lavarlas mezcladas con ropa blanca.<\/p>\n<p>-Lavar y planchar del rev\u00e9s.<\/p>\n<p>140cm &#8211; 220gr\/mt2<\/p>\n<div class=\"col-2 text-center divimg_iconolana\">\n<div><img decoding=\"async\" class=\"img_iconolana\" title=\"Oeko Tex Standard 100\" src=\"https:\/\/www.katia.com\/files\/img\/oeko-tex-standard-100-simbolo-web.jpg\" alt=\"Oeko Tex Standard 100\" border=\"0\" \/><\/div>\n<\/div>\n<div class=\"col-9 text-left txt_iconolana\">La certificaci\u00f3n STANDARD 100 by OEKO-TEX\u00aees la etiqueta ecol\u00f3gica l\u00edder mundial para productos textiles. Estos productos han sido evaluados y certificados por institutos reconocidos internacionalmente. Adem\u00e1s, con esta certificaci\u00f3n, se asegura al consumidor que los productos textiles han sido analizados controlando sustancias nocivas para la salud.<\/div>\n<div><\/div>\n<div>72% Algod\u00f3n Reciclado &#8211; 26% Algod\u00f3n &#8211; 2% Otras Fibras<\/div>\n<div><\/div>\n<div>Los colores pueden variar seg\u00fan el dispositivo que se vean.<\/div>\n","protected":false},"featured_media":8154,"comment_status":"open","ping_status":"closed","template":"","meta":[],"product_brand":[],"product_cat":[96,50],"product_tag":[],"class_list":{"0":"post-8155","1":"product","2":"type-product","3":"status-publish","4":"has-post-thumbnail","6":"product_cat-katia","7":"product_cat-tejido-vaquero","9":"first","10":"instock","11":"taxable","12":"shipping-taxable","13":"purchasable","14":"product-type-simple","15":"add-to-wishlist-after_add_to_cart"},"jetpack_sharing_enabled":true,"_links":{"self":[{"href":"https:\/\/www.tejidosanacordoba.es\/index.php\/wp-json\/wp\/v2\/product\/8155","targetHints":{"allow":["GET"]}}],"collection":[{"href":"https:\/\/www.tejidosanacordoba.es\/index.php\/wp-json\/wp\/v2\/product"}],"about":[{"href":"https:\/\/www.tejidosanacordoba.es\/index.php\/wp-json\/wp\/v2\/types\/product"}],"replies":[{"embeddable":true,"href":"https:\/\/www.tejidosanacordoba.es\/index.php\/wp-json\/wp\/v2\/comments?post=8155"}],"version-history":[{"count":1,"href":"https:\/\/www.tejidosanacordoba.es\/index.php\/wp-json\/wp\/v2\/product\/8155\/revisions"}],"predecessor-version":[{"id":8156,"href":"https:\/\/www.tejidosanacordoba.es\/index.php\/wp-json\/wp\/v2\/product\/8155\/revisions\/8156"}],"wp:featuredmedia":[{"embeddable":true,"href":"https:\/\/www.tejidosanacordoba.es\/index.php\/wp-json\/wp\/v2\/media\/8154"}],"wp:attachment":[{"href":"https:\/\/www.tejidosanacordoba.es\/index.php\/wp-json\/wp\/v2\/media?parent=8155"}],"wp:term":[{"taxonomy":"product_brand","embeddable":true,"href":"https:\/\/www.tejidosanacordoba.es\/index.php\/wp-json\/wp\/v2\/product_brand?post=8155"},{"taxonomy":"product_cat","embeddable":true,"href":"https:\/\/www.tejidosanacordoba.es\/index.php\/wp-json\/wp\/v2\/product_cat?post=8155"},{"taxonomy":"product_tag","embeddable":true,"href":"https:\/\/www.tejidosanacordoba.es\/index.php\/wp-json\/wp\/v2\/product_tag?post=8155"}],"curies":[{"name":"wp","href":"https:\/\/api.w.org\/{rel}","templated":true}]}}