{"id":8451,"date":"2022-09-19T18:32:31","date_gmt":"2022-09-19T17:32:31","guid":{"rendered":"https:\/\/www.tejidosanacordoba.es\/?post_type=product&#038;p=8451"},"modified":"2022-09-20T09:31:08","modified_gmt":"2022-09-20T08:31:08","slug":"74-turquesa-claro","status":"publish","type":"product","link":"https:\/\/www.tejidosanacordoba.es\/index.php\/producto\/74-turquesa-claro\/","title":{"rendered":"74 &#8211; Turquesa claro"},"content":{"rendered":"","protected":false},"excerpt":{"rendered":"<p>100% Merino Extrafine<br \/>\n50 grs.<\/p>\n<div class=\"description-product sidebar-box\">\n<p>Lana 100% merino para pieles sensibles de colores alegres. Gracias al tratamiento Total Easy Care se puede lavar en lavadora y secar en la secadora, sin tener que renunciar a la delicadeza de una prenda hecha a mano. Recomendada para vestidos de beb\u00e9, patucos o jers\u00e9is de invierno para beb\u00e9s y ni\u00f1os.<\/p>\n<\/div>\n<div class=\"description-product sidebar-box\">\n<p>Cada ovillo tiene 50 gramos y 165 metros. Este hilo es de grosor fino, recomendamos usar agujas del 3-3,5.<br \/>\nPara realizar un jersey de mujer de manga larga talla 42 se necesitan 9 ovillos.<br \/>\nLavable a m\u00e1quina hasta 30\u00baC en programa para lana. Se puede secar en secadora.<\/p>\n<\/div>\n","protected":false},"featured_media":8412,"comment_status":"open","ping_status":"closed","template":"","meta":[],"product_brand":[],"product_cat":[111],"product_tag":[],"class_list":{"0":"post-8451","1":"product","2":"type-product","3":"status-publish","4":"has-post-thumbnail","6":"product_cat-merino-baby-100","8":"first","9":"instock","10":"taxable","11":"shipping-taxable","12":"purchasable","13":"product-type-simple","14":"add-to-wishlist-after_add_to_cart"},"jetpack_sharing_enabled":true,"_links":{"self":[{"href":"https:\/\/www.tejidosanacordoba.es\/index.php\/wp-json\/wp\/v2\/product\/8451","targetHints":{"allow":["GET"]}}],"collection":[{"href":"https:\/\/www.tejidosanacordoba.es\/index.php\/wp-json\/wp\/v2\/product"}],"about":[{"href":"https:\/\/www.tejidosanacordoba.es\/index.php\/wp-json\/wp\/v2\/types\/product"}],"replies":[{"embeddable":true,"href":"https:\/\/www.tejidosanacordoba.es\/index.php\/wp-json\/wp\/v2\/comments?post=8451"}],"version-history":[{"count":1,"href":"https:\/\/www.tejidosanacordoba.es\/index.php\/wp-json\/wp\/v2\/product\/8451\/revisions"}],"predecessor-version":[{"id":8452,"href":"https:\/\/www.tejidosanacordoba.es\/index.php\/wp-json\/wp\/v2\/product\/8451\/revisions\/8452"}],"wp:featuredmedia":[{"embeddable":true,"href":"https:\/\/www.tejidosanacordoba.es\/index.php\/wp-json\/wp\/v2\/media\/8412"}],"wp:attachment":[{"href":"https:\/\/www.tejidosanacordoba.es\/index.php\/wp-json\/wp\/v2\/media?parent=8451"}],"wp:term":[{"taxonomy":"product_brand","embeddable":true,"href":"https:\/\/www.tejidosanacordoba.es\/index.php\/wp-json\/wp\/v2\/product_brand?post=8451"},{"taxonomy":"product_cat","embeddable":true,"href":"https:\/\/www.tejidosanacordoba.es\/index.php\/wp-json\/wp\/v2\/product_cat?post=8451"},{"taxonomy":"product_tag","embeddable":true,"href":"https:\/\/www.tejidosanacordoba.es\/index.php\/wp-json\/wp\/v2\/product_tag?post=8451"}],"curies":[{"name":"wp","href":"https:\/\/api.w.org\/{rel}","templated":true}]}}