{"id":8562,"date":"2022-09-21T12:02:09","date_gmt":"2022-09-21T11:02:09","guid":{"rendered":"https:\/\/www.tejidosanacordoba.es\/?post_type=product&#038;p=8562"},"modified":"2026-02-13T15:46:51","modified_gmt":"2026-02-13T14:46:51","slug":"cajita-con-60-alfileres-de-costura-en-6-colores","status":"publish","type":"product","link":"https:\/\/www.tejidosanacordoba.es\/index.php\/producto\/cajita-con-60-alfileres-de-costura-en-6-colores\/","title":{"rendered":"Cajita con 60 alfileres de costura en 6 colores"},"content":{"rendered":"","protected":false},"excerpt":{"rendered":"<p>Ponle color a tu costurero con un b\u00e1sico de mercer\u00eda: alfileres de cabeza redonda de colores. Muy pr\u00e1cticos tanto para fijar piezas de telas en tus proyectos de costura como para bloquear prendas de punto. Su cabeza redonda los hace f\u00e1ciles de manejar y gracias al acero inoxidable, resultan muy resistentes y duraderos. Dentro de la cajita craft redonda Katia 100% You tienes 60 alfileres de costura en 6 colores pastel (10 unidades por color) a juego con los marcapuntos de nuestra l\u00ednea de accesorios Katia 100% You. Medidas caja: 6 cm di\u00e1metro x 4 cm alto.<\/p>\n","protected":false},"featured_media":8547,"comment_status":"open","ping_status":"closed","template":"","meta":[],"product_brand":[],"product_cat":[115,68],"product_tag":[],"class_list":{"0":"post-8562","1":"product","2":"type-product","3":"status-publish","4":"has-post-thumbnail","6":"product_cat-accesorios","7":"product_cat-alfileres","9":"first","10":"instock","11":"taxable","12":"shipping-taxable","13":"purchasable","14":"product-type-simple","15":"add-to-wishlist-after_add_to_cart"},"jetpack_sharing_enabled":true,"_links":{"self":[{"href":"https:\/\/www.tejidosanacordoba.es\/index.php\/wp-json\/wp\/v2\/product\/8562","targetHints":{"allow":["GET"]}}],"collection":[{"href":"https:\/\/www.tejidosanacordoba.es\/index.php\/wp-json\/wp\/v2\/product"}],"about":[{"href":"https:\/\/www.tejidosanacordoba.es\/index.php\/wp-json\/wp\/v2\/types\/product"}],"replies":[{"embeddable":true,"href":"https:\/\/www.tejidosanacordoba.es\/index.php\/wp-json\/wp\/v2\/comments?post=8562"}],"version-history":[{"count":1,"href":"https:\/\/www.tejidosanacordoba.es\/index.php\/wp-json\/wp\/v2\/product\/8562\/revisions"}],"predecessor-version":[{"id":8563,"href":"https:\/\/www.tejidosanacordoba.es\/index.php\/wp-json\/wp\/v2\/product\/8562\/revisions\/8563"}],"wp:featuredmedia":[{"embeddable":true,"href":"https:\/\/www.tejidosanacordoba.es\/index.php\/wp-json\/wp\/v2\/media\/8547"}],"wp:attachment":[{"href":"https:\/\/www.tejidosanacordoba.es\/index.php\/wp-json\/wp\/v2\/media?parent=8562"}],"wp:term":[{"taxonomy":"product_brand","embeddable":true,"href":"https:\/\/www.tejidosanacordoba.es\/index.php\/wp-json\/wp\/v2\/product_brand?post=8562"},{"taxonomy":"product_cat","embeddable":true,"href":"https:\/\/www.tejidosanacordoba.es\/index.php\/wp-json\/wp\/v2\/product_cat?post=8562"},{"taxonomy":"product_tag","embeddable":true,"href":"https:\/\/www.tejidosanacordoba.es\/index.php\/wp-json\/wp\/v2\/product_tag?post=8562"}],"curies":[{"name":"wp","href":"https:\/\/api.w.org\/{rel}","templated":true}]}}