{"id":8591,"date":"2022-09-21T14:28:41","date_gmt":"2022-09-21T13:28:41","guid":{"rendered":"https:\/\/www.tejidosanacordoba.es\/?post_type=product&#038;p=8591"},"modified":"2026-02-13T16:09:46","modified_gmt":"2026-02-13T15:09:46","slug":"8591","status":"publish","type":"product","link":"https:\/\/www.tejidosanacordoba.es\/index.php\/producto\/8591\/","title":{"rendered":"SET 6 AGUJAS DE TAPICERO DE PUNTA REDONDA"},"content":{"rendered":"","protected":false},"excerpt":{"rendered":"<p class=\"intro-description-product text-grey\">Set de 6 agujas de acero de punta redonda perfectas para rematar tus labores y realizar los acabados. Enhebra f\u00e1cilmente lanas finas gracias al ojo alargado de estas agujas de tapicero tama\u00f1o 18\/24. Esconde hebras sueltas deslizando cualquiera de estas agujas sin punta entre los puntos de tu labor. Util\u00edzalas tambi\u00e9n para personalizar tus prendas de punto con bordados en punto jacquard. Por supuesto, puedes usar estas agujas con punta redondeada en proyectos de tapicer\u00eda u otras t\u00e9cnicas textiles como el bordado sobre canvas. Los m\u00e1s peque\u00f1os pueden usarlas en sus manualidades o para hacer sus primeras puntadas de costura.<\/p>\n<div class=\"pastilla_normal\">Longitud de 5 cm.<\/div>\n<p>Juego de 6 agujas.<\/p>\n","protected":false},"featured_media":8576,"comment_status":"open","ping_status":"closed","template":"","meta":[],"product_brand":[],"product_cat":[115,104,63],"product_tag":[],"class_list":{"0":"post-8591","1":"product","2":"type-product","3":"status-publish","4":"has-post-thumbnail","6":"product_cat-accesorios","7":"product_cat-agujas-y-ganchillos-katia","8":"product_cat-agujas","10":"first","11":"instock","12":"taxable","13":"shipping-taxable","14":"purchasable","15":"product-type-simple","16":"add-to-wishlist-after_add_to_cart"},"jetpack_sharing_enabled":true,"_links":{"self":[{"href":"https:\/\/www.tejidosanacordoba.es\/index.php\/wp-json\/wp\/v2\/product\/8591","targetHints":{"allow":["GET"]}}],"collection":[{"href":"https:\/\/www.tejidosanacordoba.es\/index.php\/wp-json\/wp\/v2\/product"}],"about":[{"href":"https:\/\/www.tejidosanacordoba.es\/index.php\/wp-json\/wp\/v2\/types\/product"}],"replies":[{"embeddable":true,"href":"https:\/\/www.tejidosanacordoba.es\/index.php\/wp-json\/wp\/v2\/comments?post=8591"}],"version-history":[{"count":2,"href":"https:\/\/www.tejidosanacordoba.es\/index.php\/wp-json\/wp\/v2\/product\/8591\/revisions"}],"predecessor-version":[{"id":8619,"href":"https:\/\/www.tejidosanacordoba.es\/index.php\/wp-json\/wp\/v2\/product\/8591\/revisions\/8619"}],"wp:featuredmedia":[{"embeddable":true,"href":"https:\/\/www.tejidosanacordoba.es\/index.php\/wp-json\/wp\/v2\/media\/8576"}],"wp:attachment":[{"href":"https:\/\/www.tejidosanacordoba.es\/index.php\/wp-json\/wp\/v2\/media?parent=8591"}],"wp:term":[{"taxonomy":"product_brand","embeddable":true,"href":"https:\/\/www.tejidosanacordoba.es\/index.php\/wp-json\/wp\/v2\/product_brand?post=8591"},{"taxonomy":"product_cat","embeddable":true,"href":"https:\/\/www.tejidosanacordoba.es\/index.php\/wp-json\/wp\/v2\/product_cat?post=8591"},{"taxonomy":"product_tag","embeddable":true,"href":"https:\/\/www.tejidosanacordoba.es\/index.php\/wp-json\/wp\/v2\/product_tag?post=8591"}],"curies":[{"name":"wp","href":"https:\/\/api.w.org\/{rel}","templated":true}]}}