{"id":8610,"date":"2022-09-21T14:38:40","date_gmt":"2022-09-21T13:38:40","guid":{"rendered":"https:\/\/www.tejidosanacordoba.es\/?post_type=product&#038;p=8610"},"modified":"2026-02-13T16:29:55","modified_gmt":"2026-02-13T15:29:55","slug":"agujas-doble-punta-aluminio-20cm","status":"publish","type":"product","link":"https:\/\/www.tejidosanacordoba.es\/index.php\/producto\/agujas-doble-punta-aluminio-20cm\/","title":{"rendered":"Agujas doble punta aluminio 20cm , n\u00ba3"},"content":{"rendered":"","protected":false},"excerpt":{"rendered":"<p><strong>Agujas doble punta aluminio 20 cm<\/strong><br \/>\nJuego de 5 agujas de doble punta met\u00e1licas, fabricadas en aluminio altamente resistente y duradero. El aluminio permite el perfecto deslizamiento de los puntos en la aguja y resulta muy liviano. Esta caracter\u00edstica te permite tejer de forma m\u00e1s relajada, un aspecto beneficioso para tus manos. Las agujas de doble punta son ideales para tejer prendas peque\u00f1as en redondo como calcetines, guantes, mangas, mitones\u2026 Tambi\u00e9n son ideales para realizar terminaciones en i-cord u otras t\u00e9cnicas de tejido. Disponibles en distintos grosores.<\/p>\n","protected":false},"featured_media":8568,"comment_status":"open","ping_status":"closed","template":"","meta":[],"product_brand":[],"product_cat":[104],"product_tag":[],"class_list":{"0":"post-8610","1":"product","2":"type-product","3":"status-publish","4":"has-post-thumbnail","6":"product_cat-agujas-y-ganchillos-katia","8":"first","9":"instock","10":"taxable","11":"shipping-taxable","12":"purchasable","13":"product-type-simple","14":"add-to-wishlist-after_add_to_cart"},"jetpack_sharing_enabled":true,"_links":{"self":[{"href":"https:\/\/www.tejidosanacordoba.es\/index.php\/wp-json\/wp\/v2\/product\/8610","targetHints":{"allow":["GET"]}}],"collection":[{"href":"https:\/\/www.tejidosanacordoba.es\/index.php\/wp-json\/wp\/v2\/product"}],"about":[{"href":"https:\/\/www.tejidosanacordoba.es\/index.php\/wp-json\/wp\/v2\/types\/product"}],"replies":[{"embeddable":true,"href":"https:\/\/www.tejidosanacordoba.es\/index.php\/wp-json\/wp\/v2\/comments?post=8610"}],"version-history":[{"count":2,"href":"https:\/\/www.tejidosanacordoba.es\/index.php\/wp-json\/wp\/v2\/product\/8610\/revisions"}],"predecessor-version":[{"id":8621,"href":"https:\/\/www.tejidosanacordoba.es\/index.php\/wp-json\/wp\/v2\/product\/8610\/revisions\/8621"}],"wp:featuredmedia":[{"embeddable":true,"href":"https:\/\/www.tejidosanacordoba.es\/index.php\/wp-json\/wp\/v2\/media\/8568"}],"wp:attachment":[{"href":"https:\/\/www.tejidosanacordoba.es\/index.php\/wp-json\/wp\/v2\/media?parent=8610"}],"wp:term":[{"taxonomy":"product_brand","embeddable":true,"href":"https:\/\/www.tejidosanacordoba.es\/index.php\/wp-json\/wp\/v2\/product_brand?post=8610"},{"taxonomy":"product_cat","embeddable":true,"href":"https:\/\/www.tejidosanacordoba.es\/index.php\/wp-json\/wp\/v2\/product_cat?post=8610"},{"taxonomy":"product_tag","embeddable":true,"href":"https:\/\/www.tejidosanacordoba.es\/index.php\/wp-json\/wp\/v2\/product_tag?post=8610"}],"curies":[{"name":"wp","href":"https:\/\/api.w.org\/{rel}","templated":true}]}}