{"id":8849,"date":"2022-10-15T19:10:35","date_gmt":"2022-10-15T18:10:35","guid":{"rendered":"https:\/\/www.tejidosanacordoba.es\/?post_type=product&#038;p=8849"},"modified":"2024-12-13T13:00:22","modified_gmt":"2024-12-13T12:00:22","slug":"tejer-bebe-102","status":"publish","type":"product","link":"https:\/\/www.tejidosanacordoba.es\/index.php\/producto\/tejer-bebe-102\/","title":{"rendered":"Tejer Beb\u00e9 102"},"content":{"rendered":"","protected":false},"excerpt":{"rendered":"<p class=\"intro-description-product text-grey\">Oto\u00f1o \/ Invierno<\/p>\n<p>Prep\u00e1rate para tejer las prendas de beb\u00e9 y accesorios m\u00e1s especiales con los 41 patrones de la revista Katia Beb\u00e9 102. Esta temporada Oto\u00f1o-Invierno 22\/23, abriga a tu beb\u00e9 con nuestros patrones de punto y crochet. Todos ellos explicados para tallas de reci\u00e9n nacido a 2 a\u00f1os. Encuentra desde conjuntos de punto para beb\u00e9 f\u00e1ciles hasta jers\u00e9is con bordados de flores; pasando por petos, vestidos, modernos abrigos y peleles con capucha. Tambi\u00e9n proponemos una serie de complementos para abrigar a tu beb\u00e9. Divi\u00e9rtete tejiendo gorritos, zapatitos a crochet, mantas a dos agujas, sacos de beb\u00e9 y peluches de amigurumi.<\/p>\n<p>&nbsp;<\/p>\n<div class=\"description-product \">\nRevista en papel con instrucciones para realizar 41 patrones en total: 37 patrones a dos agujas, 4 patrones a ganchillo.<\/p>\n<\/div>\n","protected":false},"featured_media":8848,"comment_status":"open","ping_status":"closed","template":"","meta":[],"product_brand":[],"product_cat":[106],"product_tag":[],"class_list":{"0":"post-8849","1":"product","2":"type-product","3":"status-publish","4":"has-post-thumbnail","6":"product_cat-patrones-tejer","8":"first","9":"instock","10":"taxable","11":"shipping-taxable","12":"purchasable","13":"product-type-simple","14":"add-to-wishlist-after_add_to_cart"},"jetpack_sharing_enabled":true,"_links":{"self":[{"href":"https:\/\/www.tejidosanacordoba.es\/index.php\/wp-json\/wp\/v2\/product\/8849","targetHints":{"allow":["GET"]}}],"collection":[{"href":"https:\/\/www.tejidosanacordoba.es\/index.php\/wp-json\/wp\/v2\/product"}],"about":[{"href":"https:\/\/www.tejidosanacordoba.es\/index.php\/wp-json\/wp\/v2\/types\/product"}],"replies":[{"embeddable":true,"href":"https:\/\/www.tejidosanacordoba.es\/index.php\/wp-json\/wp\/v2\/comments?post=8849"}],"version-history":[{"count":1,"href":"https:\/\/www.tejidosanacordoba.es\/index.php\/wp-json\/wp\/v2\/product\/8849\/revisions"}],"predecessor-version":[{"id":8850,"href":"https:\/\/www.tejidosanacordoba.es\/index.php\/wp-json\/wp\/v2\/product\/8849\/revisions\/8850"}],"wp:featuredmedia":[{"embeddable":true,"href":"https:\/\/www.tejidosanacordoba.es\/index.php\/wp-json\/wp\/v2\/media\/8848"}],"wp:attachment":[{"href":"https:\/\/www.tejidosanacordoba.es\/index.php\/wp-json\/wp\/v2\/media?parent=8849"}],"wp:term":[{"taxonomy":"product_brand","embeddable":true,"href":"https:\/\/www.tejidosanacordoba.es\/index.php\/wp-json\/wp\/v2\/product_brand?post=8849"},{"taxonomy":"product_cat","embeddable":true,"href":"https:\/\/www.tejidosanacordoba.es\/index.php\/wp-json\/wp\/v2\/product_cat?post=8849"},{"taxonomy":"product_tag","embeddable":true,"href":"https:\/\/www.tejidosanacordoba.es\/index.php\/wp-json\/wp\/v2\/product_tag?post=8849"}],"curies":[{"name":"wp","href":"https:\/\/api.w.org\/{rel}","templated":true}]}}