{"id":9296,"date":"2022-11-18T12:23:32","date_gmt":"2022-11-18T11:23:32","guid":{"rendered":"https:\/\/www.tejidosanacordoba.es\/?post_type=product&#038;p=9296"},"modified":"2022-11-18T12:23:32","modified_gmt":"2022-11-18T11:23:32","slug":"coralina-gris","status":"publish","type":"product","link":"https:\/\/www.tejidosanacordoba.es\/index.php\/producto\/coralina-gris\/","title":{"rendered":"Coralina Gris"},"content":{"rendered":"","protected":false},"excerpt":{"rendered":"<p>100% Poli\u00e9ster<\/p>\n<p>150cm \u2013 240gr\/mt2<\/p>\n<p>Tejido de coralina efecto peluche en color gris. Esta tela de coralina tiene un tacto aterciopelado que recuerda al tejido de los peluches, por su gran suavidad y lo abrigada que es, es perfecta para coser cualquier prenda o accesorio para beb\u00e9s para los d\u00edas de invierno y puedes coser desde abrigos para tu beb\u00e9 hasta mantitas o sacos.<\/p>\n<p>-Aguja para Jersey, SUK punta de bola, grosor: 90 Cortar todas las piezas en la misma direcci\u00f3n del pelo para evitar cambios de brillo en el tejido.<\/p>\n<p>-Confeccionar preferiblemente por el rev\u00e9s del tejido (encarando los derechos), no por el lado del pelo, ya que podr\u00eda dificultar el arrastre y la costura del tejido.<\/p>\n<p>-Si tu m\u00e1quina de coser te lo permite, aumenta ligeramente la presi\u00f3n del pr\u00e9nsatelas. Si se dispone de maquina overlock, ideal para todas las costuras, ajustando el diferencial hasta que veamos que el tejido no se estira.<\/p>\n<p>Los colores pueden variar seg\u00fan el dispositivo con el que se vean.<\/p>\n","protected":false},"featured_media":9288,"comment_status":"open","ping_status":"closed","template":"","meta":[],"product_brand":[],"product_cat":[119],"product_tag":[],"class_list":{"0":"post-9296","1":"product","2":"type-product","3":"status-publish","4":"has-post-thumbnail","6":"product_cat-coralina","8":"first","9":"instock","10":"taxable","11":"shipping-taxable","12":"purchasable","13":"product-type-simple","14":"add-to-wishlist-after_add_to_cart"},"jetpack_sharing_enabled":true,"_links":{"self":[{"href":"https:\/\/www.tejidosanacordoba.es\/index.php\/wp-json\/wp\/v2\/product\/9296","targetHints":{"allow":["GET"]}}],"collection":[{"href":"https:\/\/www.tejidosanacordoba.es\/index.php\/wp-json\/wp\/v2\/product"}],"about":[{"href":"https:\/\/www.tejidosanacordoba.es\/index.php\/wp-json\/wp\/v2\/types\/product"}],"replies":[{"embeddable":true,"href":"https:\/\/www.tejidosanacordoba.es\/index.php\/wp-json\/wp\/v2\/comments?post=9296"}],"version-history":[{"count":1,"href":"https:\/\/www.tejidosanacordoba.es\/index.php\/wp-json\/wp\/v2\/product\/9296\/revisions"}],"predecessor-version":[{"id":9297,"href":"https:\/\/www.tejidosanacordoba.es\/index.php\/wp-json\/wp\/v2\/product\/9296\/revisions\/9297"}],"wp:featuredmedia":[{"embeddable":true,"href":"https:\/\/www.tejidosanacordoba.es\/index.php\/wp-json\/wp\/v2\/media\/9288"}],"wp:attachment":[{"href":"https:\/\/www.tejidosanacordoba.es\/index.php\/wp-json\/wp\/v2\/media?parent=9296"}],"wp:term":[{"taxonomy":"product_brand","embeddable":true,"href":"https:\/\/www.tejidosanacordoba.es\/index.php\/wp-json\/wp\/v2\/product_brand?post=9296"},{"taxonomy":"product_cat","embeddable":true,"href":"https:\/\/www.tejidosanacordoba.es\/index.php\/wp-json\/wp\/v2\/product_cat?post=9296"},{"taxonomy":"product_tag","embeddable":true,"href":"https:\/\/www.tejidosanacordoba.es\/index.php\/wp-json\/wp\/v2\/product_tag?post=9296"}],"curies":[{"name":"wp","href":"https:\/\/api.w.org\/{rel}","templated":true}]}}