{"id":9335,"date":"2022-11-23T13:11:23","date_gmt":"2022-11-23T12:11:23","guid":{"rendered":"https:\/\/www.tejidosanacordoba.es\/?post_type=product&#038;p=9335"},"modified":"2022-11-23T13:14:03","modified_gmt":"2022-11-23T12:14:03","slug":"82177-verde-helecho","status":"publish","type":"product","link":"https:\/\/www.tejidosanacordoba.es\/index.php\/producto\/82177-verde-helecho\/","title":{"rendered":"82177 &#8211; Verde helecho"},"content":{"rendered":"","protected":false},"excerpt":{"rendered":"<p>100% Algod\u00f3n Mercerizado<br \/>\n50 grs<\/p>\n<div class=\"description-product sidebar-box\">\n<p>Algod\u00f3n ligero, con brillo y con una amplia carta de colores.<br \/>\nCapri es un hilo agradable y c\u00f3modo para vestidos de punto, jers\u00e9is de verano o tops de ni\u00f1a.<br \/>\nIdeal como algod\u00f3n mercerizado para amigurumis.<\/p>\n<\/div>\n<div class=\"description-product sidebar-box\">\n<p>Cada ovillo tiene 50 gramos y 125 metros. Este hilo es de grosor fino, recomendamos usar agujas del 2,5-3 o ganchillo del 2.<br \/>\nPara realizar un jersey de mujer de manga corta talla 42 se necesitan 8 ovillos.<br \/>\nLavable a m\u00e1quina hasta 30\u00baC. No usar secadora.<\/p>\n<p>Los colores pueden variar seg\u00fan el dispositivo con el que se vean.<\/p>\n<\/div>\n","protected":false},"featured_media":9334,"comment_status":"open","ping_status":"closed","template":"","meta":[],"product_brand":[],"product_cat":[122],"product_tag":[],"class_list":{"0":"post-9335","1":"product","2":"type-product","3":"status-publish","4":"has-post-thumbnail","6":"product_cat-capri-lanas-katia","8":"first","9":"instock","10":"taxable","11":"shipping-taxable","12":"purchasable","13":"product-type-simple","14":"add-to-wishlist-after_add_to_cart"},"jetpack_sharing_enabled":true,"_links":{"self":[{"href":"https:\/\/www.tejidosanacordoba.es\/index.php\/wp-json\/wp\/v2\/product\/9335","targetHints":{"allow":["GET"]}}],"collection":[{"href":"https:\/\/www.tejidosanacordoba.es\/index.php\/wp-json\/wp\/v2\/product"}],"about":[{"href":"https:\/\/www.tejidosanacordoba.es\/index.php\/wp-json\/wp\/v2\/types\/product"}],"replies":[{"embeddable":true,"href":"https:\/\/www.tejidosanacordoba.es\/index.php\/wp-json\/wp\/v2\/comments?post=9335"}],"version-history":[{"count":1,"href":"https:\/\/www.tejidosanacordoba.es\/index.php\/wp-json\/wp\/v2\/product\/9335\/revisions"}],"predecessor-version":[{"id":9336,"href":"https:\/\/www.tejidosanacordoba.es\/index.php\/wp-json\/wp\/v2\/product\/9335\/revisions\/9336"}],"wp:featuredmedia":[{"embeddable":true,"href":"https:\/\/www.tejidosanacordoba.es\/index.php\/wp-json\/wp\/v2\/media\/9334"}],"wp:attachment":[{"href":"https:\/\/www.tejidosanacordoba.es\/index.php\/wp-json\/wp\/v2\/media?parent=9335"}],"wp:term":[{"taxonomy":"product_brand","embeddable":true,"href":"https:\/\/www.tejidosanacordoba.es\/index.php\/wp-json\/wp\/v2\/product_brand?post=9335"},{"taxonomy":"product_cat","embeddable":true,"href":"https:\/\/www.tejidosanacordoba.es\/index.php\/wp-json\/wp\/v2\/product_cat?post=9335"},{"taxonomy":"product_tag","embeddable":true,"href":"https:\/\/www.tejidosanacordoba.es\/index.php\/wp-json\/wp\/v2\/product_tag?post=9335"}],"curies":[{"name":"wp","href":"https:\/\/api.w.org\/{rel}","templated":true}]}}