{"id":9358,"date":"2022-11-23T17:22:20","date_gmt":"2022-11-23T16:22:20","guid":{"rendered":"https:\/\/www.tejidosanacordoba.es\/?post_type=product&#038;p=9358"},"modified":"2022-11-23T17:22:20","modified_gmt":"2022-11-23T16:22:20","slug":"82144-mostaza","status":"publish","type":"product","link":"https:\/\/www.tejidosanacordoba.es\/index.php\/producto\/82144-mostaza\/","title":{"rendered":"82144 &#8211; Mostaza"},"content":{"rendered":"","protected":false},"excerpt":{"rendered":"<p>100% Algod\u00f3n Mercerizado<br \/>\n50 grs<\/p>\n<div class=\"description-product sidebar-box\">\n<p>Algod\u00f3n ligero, con brillo y con una amplia carta de colores.<br \/>\nCapri es un hilo agradable y c\u00f3modo para vestidos de punto, jers\u00e9is de verano o tops de ni\u00f1a.<br \/>\nIdeal como algod\u00f3n mercerizado para amigurumis.<\/p>\n<\/div>\n<div class=\"description-product sidebar-box\">\n<p>Cada ovillo tiene 50 gramos y 125 metros. Este hilo es de grosor fino, recomendamos usar agujas del 2,5-3 o ganchillo del 2.<br \/>\nPara realizar un jersey de mujer de manga corta talla 42 se necesitan 8 ovillos.<br \/>\nLavable a m\u00e1quina hasta 30\u00baC. No usar secadora.<\/p>\n<p>Los colores pueden variar seg\u00fan el dispositivo con el que se vean.<\/p>\n<\/div>\n","protected":false},"featured_media":9325,"comment_status":"open","ping_status":"closed","template":"","meta":[],"product_brand":[],"product_cat":[122],"product_tag":[],"class_list":{"0":"post-9358","1":"product","2":"type-product","3":"status-publish","4":"has-post-thumbnail","6":"product_cat-capri-lanas-katia","8":"first","9":"instock","10":"taxable","11":"shipping-taxable","12":"purchasable","13":"product-type-simple","14":"add-to-wishlist-after_add_to_cart"},"jetpack_sharing_enabled":true,"_links":{"self":[{"href":"https:\/\/www.tejidosanacordoba.es\/index.php\/wp-json\/wp\/v2\/product\/9358","targetHints":{"allow":["GET"]}}],"collection":[{"href":"https:\/\/www.tejidosanacordoba.es\/index.php\/wp-json\/wp\/v2\/product"}],"about":[{"href":"https:\/\/www.tejidosanacordoba.es\/index.php\/wp-json\/wp\/v2\/types\/product"}],"replies":[{"embeddable":true,"href":"https:\/\/www.tejidosanacordoba.es\/index.php\/wp-json\/wp\/v2\/comments?post=9358"}],"version-history":[{"count":2,"href":"https:\/\/www.tejidosanacordoba.es\/index.php\/wp-json\/wp\/v2\/product\/9358\/revisions"}],"predecessor-version":[{"id":9360,"href":"https:\/\/www.tejidosanacordoba.es\/index.php\/wp-json\/wp\/v2\/product\/9358\/revisions\/9360"}],"wp:featuredmedia":[{"embeddable":true,"href":"https:\/\/www.tejidosanacordoba.es\/index.php\/wp-json\/wp\/v2\/media\/9325"}],"wp:attachment":[{"href":"https:\/\/www.tejidosanacordoba.es\/index.php\/wp-json\/wp\/v2\/media?parent=9358"}],"wp:term":[{"taxonomy":"product_brand","embeddable":true,"href":"https:\/\/www.tejidosanacordoba.es\/index.php\/wp-json\/wp\/v2\/product_brand?post=9358"},{"taxonomy":"product_cat","embeddable":true,"href":"https:\/\/www.tejidosanacordoba.es\/index.php\/wp-json\/wp\/v2\/product_cat?post=9358"},{"taxonomy":"product_tag","embeddable":true,"href":"https:\/\/www.tejidosanacordoba.es\/index.php\/wp-json\/wp\/v2\/product_tag?post=9358"}],"curies":[{"name":"wp","href":"https:\/\/api.w.org\/{rel}","templated":true}]}}